{"id":22760,"date":"2020-09-23T00:07:49","date_gmt":"2020-09-22T23:07:49","guid":{"rendered":"https:\/\/persoclo.fr\/?page_id=22760"},"modified":"2020-12-31T19:20:39","modified_gmt":"2020-12-31T18:20:39","slug":"made-in-france","status":"publish","type":"page","link":"https:\/\/persoclo.fr\/en\/made-in-france\/","title":{"rendered":"Made in France"},"content":{"rendered":"<div id=\"pl-22760\"  class=\"panel-layout\" ><div id=\"pg-22760-0\"  class=\"panel-grid panel-has-style\" ><div class=\"panel-row-style panel-row-style-for-22760-0\" ><div id=\"pgc-22760-0-0\"  class=\"panel-grid-cell\" ><div id=\"panel-22760-0-0-0\" class=\"so-panel widget widget_sow-editor panel-first-child panel-last-child\" data-index=\"0\" ><div\n\t\t\t\n\t\t\tclass=\"so-widget-sow-editor so-widget-sow-editor-base\"\n\t\t\t\n\t\t>\n<div class=\"siteorigin-widget-tinymce textwidget\">\n\t<p style=\"text-align: center;\"><span style=\"font-size: 14pt;\"><strong>Couture-Marquage-Cr\u00e9ation-Personnalisation<\/strong><\/span><\/p>\n<p><span style=\"font-size: 14pt;\"><img loading=\"lazy\" decoding=\"async\" class=\"aligncenter wp-image-22761 size-full\" src=\"https:\/\/persoclo.fr\/wp-content\/uploads\/2020\/09\/fr-logo-1567689829.png\" alt=\"\" width=\"174\" height=\"92\" \/><\/span><\/p>\n<p style=\"text-align: center;\"><span style=\"font-size: 14pt;\">N\u2019avez-vous jamais souhait\u00e9 avoir un\u00a0<strong>v\u00eatement<\/strong>\u00a0qui vous ressemble ? Un\u00a0<strong>v\u00eatement<\/strong>\u00a0ou un accessoire qui s\u2019av\u00e8re unique et que personne d\u2019autre ne peut avoir ?<\/span><br \/>\n<span style=\"font-size: 14pt;\">Nous vous proposons une solution pour atteindre ce r\u00e9sultat avec notre service de personnalisation.<\/span><\/p>\n<p style=\"text-align: center;\"><span style=\"font-size: 14pt;\">Chez nous, tous les marquages sont r\u00e9alis\u00e9s dans les diff\u00e9rents locaux en France afin d\u2019assurer un vrai suivi de qualit\u00e9 aupr\u00e8s de nos clients.<\/span><\/p>\n<p style=\"text-align: center;\"><span style=\"font-size: 14pt;\">Personnalisez vos t-shirts, tote bags ou chemises\u00a0et habillez-vous comme le voulez en choisissant d\u2019une part la couleur de votre produit, et d\u2019autre part en faisant graver une illustration ou un texte de votre choix.<\/span><\/p>\n<\/div>\n<\/div><\/div><\/div><\/div><\/div><div id=\"pg-22760-1\"  class=\"panel-grid panel-has-style\" ><div class=\"panel-row-style panel-row-style-for-22760-1\" ><div id=\"pgc-22760-1-0\"  class=\"panel-grid-cell\" ><div id=\"panel-22760-1-0-0\" class=\"so-panel widget widget_sow-editor panel-first-child panel-last-child\" data-index=\"1\" ><div\n\t\t\t\n\t\t\tclass=\"so-widget-sow-editor so-widget-sow-editor-base\"\n\t\t\t\n\t\t>\n<div class=\"siteorigin-widget-tinymce textwidget\">\n\t<h3 style=\"text-align: center;\"><img loading=\"lazy\" decoding=\"async\" class=\"aligncenter  wp-image-22785\" src=\"https:\/\/persoclo.fr\/wp-content\/uploads\/2020\/09\/Icone-realisation.png\" alt=\"\" width=\"279\" height=\"80\" srcset=\"https:\/\/persoclo.fr\/wp-content\/uploads\/2020\/09\/Icone-realisation.png 395w, https:\/\/persoclo.fr\/wp-content\/uploads\/2020\/09\/Icone-realisation-300x86.png 300w\" sizes=\"auto, (max-width: 279px) 100vw, 279px\" \/><\/h3>\n<p style=\"text-align: center;\"><div id=\"envira-gallery-wrap-22779\" class=\"envira-gallery-wrap envira-gallery-theme-base envira-lightbox-theme-base\" itemscope itemtype=\"https:\/\/schema.org\/ImageGallery\"><div data-row-height=\"\" data-gallery-theme=\"\" id=\"envira-gallery-22779\" class=\"envira-gallery-public  envira-gallery-3-columns envira-clear enviratope envira-gallery-css-animations\" data-envira-columns=\"3\"><div id=\"envira-gallery-item-22775\" class=\"envira-gallery-item enviratope-item envira-gallery-item-1 envira-lazy-load\" style=\"padding-left: 5px; padding-bottom: 10px; padding-right: 5px;\"  itemscope itemtype=\"https:\/\/schema.org\/ImageObject\"><div class=\"envira-gallery-item-inner\"><div class=\"envira-gallery-position-overlay  envira-gallery-top-left\"><\/div><div class=\"envira-gallery-position-overlay  envira-gallery-top-right\"><\/div><div class=\"envira-gallery-position-overlay  envira-gallery-bottom-left\"><\/div><div class=\"envira-gallery-position-overlay  envira-gallery-bottom-right\"><\/div><a href=\"https:\/\/persoclo.fr\/wp-content\/uploads\/2020\/09\/tote-bag-personnalise.jpg\" class=\"envira-gallery-22779 envira-gallery-link\" rel=\"enviragallery22779\" title=\"tote-bag-personnalise\" data-envira-caption=\"tote-bag-personnalise\" data-envira-retina=\"\" data-thumbnail=\"\"  itemprop=\"contentUrl\"><div class=\"envira-lazy\" data-test-width=\"640\" data-test-height=\"480\" style=\"padding-bottom:75%;\"><img decoding=\"async\" id=\"envira-gallery-image-22775\" class=\"envira-gallery-image envira-gallery-image-1\" data-envira-index=\"1\" src=\"https:\/\/persoclo.fr\/wp-content\/uploads\/2020\/09\/tote-bag-personnalise.jpg\" data-envira-src=\"https:\/\/persoclo.fr\/wp-content\/uploads\/2020\/09\/tote-bag-personnalise.jpg\" data-envira-gallery-id=\"22779\" data-envira-item-id=\"22775\" data-envira-caption=\"tote-bag-personnalise\" alt=\"\" title=\"tote-bag-personnalise\"  itemprop=\"thumbnailUrl\" data-envira-srcset=\"https:\/\/persoclo.fr\/wp-content\/uploads\/2020\/09\/tote-bag-personnalise.jpg 400w,https:\/\/persoclo.fr\/wp-content\/uploads\/2020\/09\/tote-bag-personnalise.jpg 2x\" srcset=\"data:image\/gif;base64,R0lGODlhAQABAIAAAP\/\/\/\/\/\/\/yH5BAEKAAEALAAAAAABAAEAAAICTAEAOw==\" \/><\/div><\/a><\/div><\/div><div id=\"envira-gallery-item-22778\" class=\"envira-gallery-item enviratope-item envira-gallery-item-2 envira-lazy-load\" style=\"padding-left: 5px; padding-bottom: 10px; padding-right: 5px;\"  itemscope itemtype=\"https:\/\/schema.org\/ImageObject\"><div class=\"envira-gallery-item-inner\"><div class=\"envira-gallery-position-overlay  envira-gallery-top-left\"><\/div><div class=\"envira-gallery-position-overlay  envira-gallery-top-right\"><\/div><div class=\"envira-gallery-position-overlay  envira-gallery-bottom-left\"><\/div><div class=\"envira-gallery-position-overlay  envira-gallery-bottom-right\"><\/div><a href=\"https:\/\/persoclo.fr\/wp-content\/uploads\/2020\/09\/t-shirt-blanc-imprime-personnalise-300x300.jpg\" class=\"envira-gallery-22779 envira-gallery-link\" rel=\"enviragallery22779\" title=\"t-shirt-blanc-imprime-personnalise\" data-envira-caption=\"t-shirt-blanc-imprime-personnalise\" data-envira-retina=\"\" data-thumbnail=\"\"  itemprop=\"contentUrl\"><div class=\"envira-lazy\" data-test-width=\"640\" data-test-height=\"480\" style=\"padding-bottom:75%;\"><img decoding=\"async\" id=\"envira-gallery-image-22778\" class=\"envira-gallery-image envira-gallery-image-2\" data-envira-index=\"2\" src=\"https:\/\/persoclo.fr\/wp-content\/uploads\/2020\/09\/t-shirt-blanc-imprime-personnalise-150x150.jpg\" data-envira-src=\"https:\/\/persoclo.fr\/wp-content\/uploads\/2020\/09\/t-shirt-blanc-imprime-personnalise-150x150.jpg\" data-envira-gallery-id=\"22779\" data-envira-item-id=\"22778\" data-envira-caption=\"t-shirt-blanc-imprime-personnalise\" alt=\"\" title=\"t-shirt-blanc-imprime-personnalise\"  itemprop=\"thumbnailUrl\" data-envira-srcset=\"https:\/\/persoclo.fr\/wp-content\/uploads\/2020\/09\/t-shirt-blanc-imprime-personnalise-150x150.jpg 400w,https:\/\/persoclo.fr\/wp-content\/uploads\/2020\/09\/t-shirt-blanc-imprime-personnalise-150x150.jpg 2x\" srcset=\"data:image\/gif;base64,R0lGODlhAQABAIAAAP\/\/\/\/\/\/\/yH5BAEKAAEALAAAAAABAAEAAAICTAEAOw==\" \/><\/div><\/a><\/div><\/div><div id=\"envira-gallery-item-22777\" class=\"envira-gallery-item enviratope-item envira-gallery-item-3 envira-lazy-load\" style=\"padding-left: 5px; padding-bottom: 10px; padding-right: 5px;\"  itemscope itemtype=\"https:\/\/schema.org\/ImageObject\"><div class=\"envira-gallery-item-inner\"><div class=\"envira-gallery-position-overlay  envira-gallery-top-left\"><\/div><div class=\"envira-gallery-position-overlay  envira-gallery-top-right\"><\/div><div class=\"envira-gallery-position-overlay  envira-gallery-bottom-left\"><\/div><div class=\"envira-gallery-position-overlay  envira-gallery-bottom-right\"><\/div><a href=\"https:\/\/persoclo.fr\/wp-content\/uploads\/2020\/09\/t-shirt-femme-imprime-personnalise-300x300.jpg\" class=\"envira-gallery-22779 envira-gallery-link\" rel=\"enviragallery22779\" title=\"t-shirt-femme-imprime-personnalise\" data-envira-caption=\"t-shirt-femme-imprime-personnalise\" data-envira-retina=\"\" data-thumbnail=\"\"  itemprop=\"contentUrl\"><div class=\"envira-lazy\" data-test-width=\"640\" data-test-height=\"480\" style=\"padding-bottom:75%;\"><img decoding=\"async\" id=\"envira-gallery-image-22777\" class=\"envira-gallery-image envira-gallery-image-3\" data-envira-index=\"3\" src=\"https:\/\/persoclo.fr\/wp-content\/uploads\/2020\/09\/t-shirt-femme-imprime-personnalise-150x150.jpg\" data-envira-src=\"https:\/\/persoclo.fr\/wp-content\/uploads\/2020\/09\/t-shirt-femme-imprime-personnalise-150x150.jpg\" data-envira-gallery-id=\"22779\" data-envira-item-id=\"22777\" data-envira-caption=\"t-shirt-femme-imprime-personnalise\" alt=\"\" title=\"t-shirt-femme-imprime-personnalise\"  itemprop=\"thumbnailUrl\" data-envira-srcset=\"https:\/\/persoclo.fr\/wp-content\/uploads\/2020\/09\/t-shirt-femme-imprime-personnalise-150x150.jpg 400w,https:\/\/persoclo.fr\/wp-content\/uploads\/2020\/09\/t-shirt-femme-imprime-personnalise-150x150.jpg 2x\" srcset=\"data:image\/gif;base64,R0lGODlhAQABAIAAAP\/\/\/\/\/\/\/yH5BAEKAAEALAAAAAABAAEAAAICTAEAOw==\" \/><\/div><\/a><\/div><\/div><div id=\"envira-gallery-item-22776\" class=\"envira-gallery-item enviratope-item envira-gallery-item-4 envira-lazy-load\" style=\"padding-left: 5px; padding-bottom: 10px; padding-right: 5px;\"  itemscope itemtype=\"https:\/\/schema.org\/ImageObject\"><div class=\"envira-gallery-item-inner\"><div class=\"envira-gallery-position-overlay  envira-gallery-top-left\"><\/div><div class=\"envira-gallery-position-overlay  envira-gallery-top-right\"><\/div><div class=\"envira-gallery-position-overlay  envira-gallery-bottom-left\"><\/div><div class=\"envira-gallery-position-overlay  envira-gallery-bottom-right\"><\/div><a href=\"https:\/\/persoclo.fr\/wp-content\/uploads\/2020\/09\/t-shirt-femme-imprime-personnalise-1-300x300.jpg\" class=\"envira-gallery-22779 envira-gallery-link\" rel=\"enviragallery22779\" title=\"t-shirt-femme-imprime-personnalise (1)\" data-envira-caption=\"t-shirt-femme-imprime-personnalise (1)\" data-envira-retina=\"\" data-thumbnail=\"\"  itemprop=\"contentUrl\"><div class=\"envira-lazy\" data-test-width=\"640\" data-test-height=\"480\" style=\"padding-bottom:75%;\"><img decoding=\"async\" id=\"envira-gallery-image-22776\" class=\"envira-gallery-image envira-gallery-image-4\" data-envira-index=\"4\" src=\"https:\/\/persoclo.fr\/wp-content\/uploads\/2020\/09\/t-shirt-femme-imprime-personnalise-1-150x150.jpg\" data-envira-src=\"https:\/\/persoclo.fr\/wp-content\/uploads\/2020\/09\/t-shirt-femme-imprime-personnalise-1-150x150.jpg\" data-envira-gallery-id=\"22779\" data-envira-item-id=\"22776\" data-envira-caption=\"t-shirt-femme-imprime-personnalise (1)\" alt=\"\" title=\"t-shirt-femme-imprime-personnalise (1)\"  itemprop=\"thumbnailUrl\" data-envira-srcset=\"https:\/\/persoclo.fr\/wp-content\/uploads\/2020\/09\/t-shirt-femme-imprime-personnalise-1-150x150.jpg 400w,https:\/\/persoclo.fr\/wp-content\/uploads\/2020\/09\/t-shirt-femme-imprime-personnalise-1-150x150.jpg 2x\" srcset=\"data:image\/gif;base64,R0lGODlhAQABAIAAAP\/\/\/\/\/\/\/yH5BAEKAAEALAAAAAABAAEAAAICTAEAOw==\" \/><\/div><\/a><\/div><\/div><div id=\"envira-gallery-item-22773\" class=\"envira-gallery-item enviratope-item envira-gallery-item-5 envira-lazy-load\" style=\"padding-left: 5px; padding-bottom: 10px; padding-right: 5px;\"  itemscope itemtype=\"https:\/\/schema.org\/ImageObject\"><div class=\"envira-gallery-item-inner\"><div class=\"envira-gallery-position-overlay  envira-gallery-top-left\"><\/div><div class=\"envira-gallery-position-overlay  envira-gallery-top-right\"><\/div><div class=\"envira-gallery-position-overlay  envira-gallery-bottom-left\"><\/div><div class=\"envira-gallery-position-overlay  envira-gallery-bottom-right\"><\/div><a href=\"https:\/\/persoclo.fr\/wp-content\/uploads\/2020\/09\/t-shirt-imprime-gris-personnalise-300x300.jpg\" class=\"envira-gallery-22779 envira-gallery-link\" rel=\"enviragallery22779\" title=\"t-shirt-imprime-gris-personnalise\" data-envira-caption=\"t-shirt-imprime-gris-personnalise\" data-envira-retina=\"\" data-thumbnail=\"\"  itemprop=\"contentUrl\"><div class=\"envira-lazy\" data-test-width=\"640\" data-test-height=\"480\" style=\"padding-bottom:75%;\"><img decoding=\"async\" id=\"envira-gallery-image-22773\" class=\"envira-gallery-image envira-gallery-image-5\" data-envira-index=\"5\" src=\"https:\/\/persoclo.fr\/wp-content\/uploads\/2020\/09\/t-shirt-imprime-gris-personnalise-150x150.jpg\" data-envira-src=\"https:\/\/persoclo.fr\/wp-content\/uploads\/2020\/09\/t-shirt-imprime-gris-personnalise-150x150.jpg\" data-envira-gallery-id=\"22779\" data-envira-item-id=\"22773\" data-envira-caption=\"t-shirt-imprime-gris-personnalise\" alt=\"\" title=\"t-shirt-imprime-gris-personnalise\"  itemprop=\"thumbnailUrl\" data-envira-srcset=\"https:\/\/persoclo.fr\/wp-content\/uploads\/2020\/09\/t-shirt-imprime-gris-personnalise-150x150.jpg 400w,https:\/\/persoclo.fr\/wp-content\/uploads\/2020\/09\/t-shirt-imprime-gris-personnalise-150x150.jpg 2x\" srcset=\"data:image\/gif;base64,R0lGODlhAQABAIAAAP\/\/\/\/\/\/\/yH5BAEKAAEALAAAAAABAAEAAAICTAEAOw==\" \/><\/div><\/a><\/div><\/div><div id=\"envira-gallery-item-22774\" class=\"envira-gallery-item enviratope-item envira-gallery-item-6 envira-lazy-load\" style=\"padding-left: 5px; padding-bottom: 10px; padding-right: 5px;\"  itemscope itemtype=\"https:\/\/schema.org\/ImageObject\"><div class=\"envira-gallery-item-inner\"><div class=\"envira-gallery-position-overlay  envira-gallery-top-left\"><\/div><div class=\"envira-gallery-position-overlay  envira-gallery-top-right\"><\/div><div class=\"envira-gallery-position-overlay  envira-gallery-bottom-left\"><\/div><div class=\"envira-gallery-position-overlay  envira-gallery-bottom-right\"><\/div><a href=\"https:\/\/persoclo.fr\/wp-content\/uploads\/2020\/09\/tote-bag-personnalise-1-300x300.jpg\" class=\"envira-gallery-22779 envira-gallery-link\" rel=\"enviragallery22779\" title=\"tote-bag-personnalise (1)\" data-envira-caption=\"tote-bag-personnalise (1)\" data-envira-retina=\"\" data-thumbnail=\"\"  itemprop=\"contentUrl\"><div class=\"envira-lazy\" data-test-width=\"640\" data-test-height=\"480\" style=\"padding-bottom:75%;\"><img decoding=\"async\" id=\"envira-gallery-image-22774\" class=\"envira-gallery-image envira-gallery-image-6\" data-envira-index=\"6\" src=\"https:\/\/persoclo.fr\/wp-content\/uploads\/2020\/09\/tote-bag-personnalise-1-150x150.jpg\" data-envira-src=\"https:\/\/persoclo.fr\/wp-content\/uploads\/2020\/09\/tote-bag-personnalise-1-150x150.jpg\" data-envira-gallery-id=\"22779\" data-envira-item-id=\"22774\" data-envira-caption=\"tote-bag-personnalise (1)\" alt=\"\" title=\"tote-bag-personnalise (1)\"  itemprop=\"thumbnailUrl\" data-envira-srcset=\"https:\/\/persoclo.fr\/wp-content\/uploads\/2020\/09\/tote-bag-personnalise-1-150x150.jpg 400w,https:\/\/persoclo.fr\/wp-content\/uploads\/2020\/09\/tote-bag-personnalise-1-150x150.jpg 2x\" srcset=\"data:image\/gif;base64,R0lGODlhAQABAIAAAP\/\/\/\/\/\/\/yH5BAEKAAEALAAAAAABAAEAAAICTAEAOw==\" \/><\/div><\/a><\/div><\/div><\/div><\/div><noscript><img decoding=\"async\" src=\"https:\/\/persoclo.fr\/wp-content\/uploads\/2020\/09\/tote-bag-personnalise.jpg\" alt=\"\" \/><img decoding=\"async\" src=\"https:\/\/persoclo.fr\/wp-content\/uploads\/2020\/09\/t-shirt-blanc-imprime-personnalise.jpg\" alt=\"\" \/><img decoding=\"async\" src=\"https:\/\/persoclo.fr\/wp-content\/uploads\/2020\/09\/t-shirt-femme-imprime-personnalise.jpg\" alt=\"\" \/><img decoding=\"async\" src=\"https:\/\/persoclo.fr\/wp-content\/uploads\/2020\/09\/t-shirt-femme-imprime-personnalise-1.jpg\" alt=\"\" \/><img decoding=\"async\" src=\"https:\/\/persoclo.fr\/wp-content\/uploads\/2020\/09\/t-shirt-imprime-gris-personnalise.jpg\" alt=\"\" \/><img decoding=\"async\" src=\"https:\/\/persoclo.fr\/wp-content\/uploads\/2020\/09\/tote-bag-personnalise-1.jpg\" alt=\"\" \/><\/noscript><\/p>\n<p style=\"text-align: center;\">\n<\/div>\n<\/div><\/div><\/div><\/div><\/div><div id=\"pg-22760-2\"  class=\"panel-grid panel-has-style\" ><div class=\"panel-row-style panel-row-style-for-22760-2\" ><div id=\"pgc-22760-2-0\"  class=\"panel-grid-cell\" ><div class='the_champ_counter_container the_champ_horizontal_counter'><div id=\"panel-22760-2-0-0\" class=\"so-panel widget widget_thechamphorizontalcounter panel-first-child\" data-index=\"2\" ><ul class=\"the_champ_sharing_ul\"><li style=\"padding:7.35px 0 !important\" class=\"the_champ_facebook_like\"><div class=\"fb-like\" data-href=\"https:\/\/persoclo.fr\/en\/wp-json\/wp\/v2\/pages\/22760\" data-layout=\"button_count\" data-action=\"like\" data-show-faces=\"false\" data-share=\"false\"><\/div><\/li><\/ul><div style=\"clear:both\"><\/div><\/div><\/div><div id=\"panel-22760-2-0-1\" class=\"so-panel widget widget_sow-editor panel-last-child\" data-index=\"3\" ><div\n\t\t\t\n\t\t\tclass=\"so-widget-sow-editor so-widget-sow-editor-base\"\n\t\t\t\n\t\t>\n<div class=\"siteorigin-widget-tinymce textwidget\">\n\t<div style=\"\" id=\"the_champ_fb_commenting\"><div class=\"fb-comments\" data-href=\"https:\/\/persoclo.fr\/en\/made-in-france\/\" data-numposts=\"0\" data-width=\"100%\" ><\/div><\/div><script type=\"text\/javascript\" src=\"\/\/connect.facebook.net\/en_US\/sdk.js\r\n    \"><\/script><script>FB.init({xfbml:1,version: \"v23.0\"});<\/script>\n<\/div>\n<\/div><\/div><\/div><\/div><\/div><div id=\"pg-22760-3\"  class=\"panel-grid panel-has-style\" ><div class=\"panel-row-style panel-row-style-for-22760-3\" ><div id=\"pgc-22760-3-0\"  class=\"panel-grid-cell\" ><div id=\"panel-22760-3-0-0\" class=\"so-panel widget widget_sow-editor panel-first-child\" data-index=\"4\" ><div\n\t\t\t\n\t\t\tclass=\"so-widget-sow-editor so-widget-sow-editor-base\"\n\t\t\t\n\t\t>\n<div class=\"siteorigin-widget-tinymce textwidget\">\n\t<h2 style=\"text-align: center;\">============<\/h2>\n<h2 style=\"text-align: center;\"><strong>Je choisis cet artisan<\/strong><\/h2>\n<\/div>\n<\/div><\/div><div id=\"panel-22760-3-0-1\" class=\"so-panel widget widget_sow-button panel-last-child\" data-index=\"5\" ><div\n\t\t\t\n\t\t\tclass=\"so-widget-sow-button so-widget-sow-button-wire-a039bb0bb1ce-22760\"\n\t\t\t\n\t\t><div class=\"ow-button-base ow-button-align-center\"\n>\n\t\t\t<a\n\t\t\t\t\thref=\"https:\/\/www.madefrance.fr\/40-personnalisation\"\n\t\t\t\t\tclass=\"sowb-button ow-icon-placement-left ow-button-hover\" target=\"_blank\" rel=\"noopener noreferrer\" \t>\n\t\t<span>\n\t\t\t\n\t\t\tC'est parti!\t\t<\/span>\n\t\t\t<\/a>\n\t<\/div>\n<\/div><\/div><\/div><\/div><\/div><div id=\"pg-22760-4\"  class=\"panel-grid panel-has-style\" ><div class=\"panel-row-style panel-row-style-for-22760-4\" ><div id=\"pgc-22760-4-0\"  class=\"panel-grid-cell\" ><div id=\"panel-22760-4-0-0\" class=\"so-panel widget widget_sow-accordion panel-first-child panel-last-child\" data-index=\"6\" ><div\n\t\t\t\n\t\t\tclass=\"so-widget-sow-accordion so-widget-sow-accordion-default-a7f7c6c54927-22760\"\n\t\t\t\n\t\t><div>\n\t<div class=\"sow-accordion\">\n\t\t\t<div class=\"sow-accordion-panel\n\t\t\t\t\t\"\n\t\t\t\tdata-anchor-id=\"infos-pratiques\">\n\t\t\t\t\t<div class=\"sow-accordion-panel-header-container\" role=\"heading\" aria-level=\"2\">\n\t\t\t\t\t<div class=\"sow-accordion-panel-header\" tabindex=\"0\" role=\"button\" id=\"accordion-label-infos-pratiques\" aria-controls=\"accordion-content-infos-pratiques\" aria-expanded=\"false\">\n\t\t\t\t\t\t<div class=\"sow-accordion-title sow-accordion-title-icon-left\">\n\t\t\t\t\t\t\t\t\t\t\t\t\t\tInfos pratiques\t\t\t\t\t\t\t\t\t\t\t\t\t<\/div>\n\t\t\t\t\t\t<div class=\"sow-accordion-open-close-button\">\n\t\t\t\t\t\t\t<div class=\"sow-accordion-open-button\">\n\t\t\t\t\t\t\t\t<span class=\"sow-icon-ionicons\" data-sow-icon=\"&#xf218;\"\n\t\t \n\t\taria-hidden=\"true\"><\/span>\t\t\t\t\t\t\t<\/div>\n\t\t\t\t\t\t\t<div class=\"sow-accordion-close-button\">\n\t\t\t\t\t\t\t\t<span class=\"sow-icon-ionicons\" data-sow-icon=\"&#xf209;\"\n\t\t \n\t\taria-hidden=\"true\"><\/span>\t\t\t\t\t\t\t<\/div>\n\t\t\t\t\t\t<\/div>\n\t\t\t\t\t<\/div>\n\t\t\t\t<\/div>\n\n\t\t\t<div\n\t\t\t\tclass=\"sow-accordion-panel-content\"\n\t\t\t\trole=\"region\"\n\t\t\t\taria-labelledby=\"accordion-label-infos-pratiques\"\n\t\t\t\tid=\"accordion-content-infos-pratiques\"\n\t\t\t\tstyle=\"display: none;\"\t\t\t>\n\t\t\t\t<div class=\"sow-accordion-panel-border\">\n\t\t\t\t\t<p style=\"text-align: center;\">Made in France<\/p>\n<p style=\"text-align: center;\"><a href=\"https:\/\/www.madefrance.fr\/40-personnalisation\">Site internet<\/a><\/p>\n<p style=\"text-align: center;\">2 Impasse de la Malnoue<\/p>\n<p style=\"text-align: center;\">44230 Nantes \/ St S\u00e9bastien-sur-Loire France<\/p>\n<p><strong><span style=\"color: #ffffff;\">CRPRS1 998855 CRPRS0<\/span><\/strong><\/p>\n\t\t\t\t<\/div>\n\t\t\t<\/div>\n\t\t<\/div>\n\t\t<\/div>\n<\/div>\n<\/div><\/div><\/div><\/div><\/div><\/div>","protected":false},"excerpt":{"rendered":"<p>Couture-Marquage-Cr\u00e9ation-Personnalisation N\u2019avez-vous jamais souhait\u00e9 avoir un\u00a0v\u00eatement\u00a0qui vous ressemble ? Un\u00a0v\u00eatement\u00a0ou un accessoire qui s\u2019av\u00e8re unique et que personne d\u2019autre ne peut avoir ? Nous vous proposons une solution pour atteindre [&hellip;]<\/p>\n","protected":false},"author":91,"featured_media":0,"parent":0,"menu_order":0,"comment_status":"closed","ping_status":"closed","template":"template-full-width.php","meta":{"footnotes":""},"class_list":["post-22760","page","type-page","status-publish","hentry"],"translation":{"provider":"WPGlobus","version":"3.0.2","language":"en","enabled_languages":["fr","en"],"languages":{"fr":{"title":true,"content":true,"excerpt":false},"en":{"title":false,"content":false,"excerpt":false}}},"aioseo_notices":[],"_links":{"self":[{"href":"https:\/\/persoclo.fr\/en\/wp-json\/wp\/v2\/pages\/22760","targetHints":{"allow":["GET"]}}],"collection":[{"href":"https:\/\/persoclo.fr\/en\/wp-json\/wp\/v2\/pages"}],"about":[{"href":"https:\/\/persoclo.fr\/en\/wp-json\/wp\/v2\/types\/page"}],"author":[{"embeddable":true,"href":"https:\/\/persoclo.fr\/en\/wp-json\/wp\/v2\/users\/91"}],"replies":[{"embeddable":true,"href":"https:\/\/persoclo.fr\/en\/wp-json\/wp\/v2\/comments?post=22760"}],"version-history":[{"count":15,"href":"https:\/\/persoclo.fr\/en\/wp-json\/wp\/v2\/pages\/22760\/revisions"}],"predecessor-version":[{"id":22764,"href":"https:\/\/persoclo.fr\/en\/wp-json\/wp\/v2\/pages\/22760\/revisions\/22764"}],"wp:attachment":[{"href":"https:\/\/persoclo.fr\/en\/wp-json\/wp\/v2\/media?parent=22760"}],"curies":[{"name":"wp","href":"https:\/\/api.w.org\/{rel}","templated":true}]}}