{"id":22733,"date":"2020-09-22T01:02:16","date_gmt":"2020-09-22T00:02:16","guid":{"rendered":"https:\/\/persoclo.fr\/?page_id=22733"},"modified":"2021-01-09T15:22:38","modified_gmt":"2021-01-09T14:22:38","slug":"couture-cuirs","status":"publish","type":"page","link":"https:\/\/persoclo.fr\/en\/couture-cuirs\/","title":{"rendered":"Couture &#038; Cuirs"},"content":{"rendered":"<div id=\"pl-22733\"  class=\"panel-layout\" ><div id=\"pg-22733-0\"  class=\"panel-grid panel-has-style\" ><div class=\"panel-row-style panel-row-style-for-22733-0\" ><div id=\"pgc-22733-0-0\"  class=\"panel-grid-cell\" ><div id=\"panel-22733-0-0-0\" class=\"so-panel widget widget_sow-editor panel-first-child panel-last-child\" data-index=\"0\" ><div\n\t\t\t\n\t\t\tclass=\"so-widget-sow-editor so-widget-sow-editor-base\"\n\t\t\t\n\t\t>\n<div class=\"siteorigin-widget-tinymce textwidget\">\n\t<p style=\"text-align: center;\"><span style=\"font-size: 14pt;\"><strong>Couture-Cr\u00e9ation-Retouches<\/strong><\/span><\/p>\n<p style=\"text-align: center;\"><span style=\"font-size: 14pt;\"><img loading=\"lazy\" decoding=\"async\" class=\"aligncenter wp-image-22736 \" style=\"text-align: justify;\" src=\"https:\/\/persoclo.fr\/wp-content\/uploads\/2020\/09\/couture-et-cuirs.png\" alt=\"\" width=\"376\" height=\"78\" srcset=\"https:\/\/persoclo.fr\/wp-content\/uploads\/2020\/09\/couture-et-cuirs.png 800w, https:\/\/persoclo.fr\/wp-content\/uploads\/2020\/09\/couture-et-cuirs-600x125.png 600w, https:\/\/persoclo.fr\/wp-content\/uploads\/2020\/09\/couture-et-cuirs-300x62.png 300w, https:\/\/persoclo.fr\/wp-content\/uploads\/2020\/09\/couture-et-cuirs-768x159.png 768w\" sizes=\"auto, (max-width: 376px) 100vw, 376px\" \/><\/span><\/p>\n<section class=\"av_textblock_section \">\n<div class=\"avia_textblock \">\n<p style=\"text-align: center;\"><span style=\"font-size: 14pt;\">Je r\u00e9alise pour vous le v\u00eatements de votre choix. Dans un espace clair, convivial et accessible au centre-ville de Vend\u00f4me, je vous propose:<\/span><\/p>\n<\/div>\n<\/section>\n<div class=\"avia-icon-list-container avia-builder-el-4 el_after_av_textblock el_before_av_image \">\n<article class=\"article-icon-entry \">\n<div class=\"iconlist_content_wrap\">\n<header class=\"entry-content-header\">\n<h4 class=\"av_iconlist_title iconlist_title \" style=\"text-align: center;\">COUTURE ET CONFECTION: Avec l\u2019\u00e9tude et la r\u00e9alisation de vos <strong style=\"color: #333333; font-size: 16px;\">v\u00eatements sur-mesure<\/strong><span style=\"color: #333333; font-size: 16px;\"> ou de vos projets de confection.<\/span><\/h4>\n<\/header>\n<\/div>\n<\/article>\n<article class=\"article-icon-entry \">\n<div class=\"iconlist_content_wrap\">\n<header class=\"entry-content-header\">\n<h4 class=\"av_iconlist_title iconlist_title \" style=\"text-align: center;\">ARTISANAT: Mes <strong style=\"color: #333333; font-size: 16px;\">cr\u00e9ations<\/strong><span style=\"color: #333333; font-size: 16px;\"> originales sur tissus ou cuirs, travail artisanal fait main \u00e0 l\u2019atelier.<\/span><\/h4>\n<\/header>\n<\/div>\n<\/article>\n<article class=\"article-icon-entry \">\n<div class=\"iconlist_content_wrap\">\n<header class=\"entry-content-header\">\n<h4 class=\"av_iconlist_title iconlist_title \" style=\"text-align: center;\">TRAVAIL DU CUIR ET DE LA FOURRURE: La r\u00e9fection et la r\u00e9paration de vos v\u00eatements en <strong style=\"color: #333333; font-size: 16px;\">cuir<\/strong><span style=\"color: #333333; font-size: 16px;\">\u00a0et en\u00a0<\/span><strong style=\"color: #333333; font-size: 16px;\">fourrure.<\/strong><\/h4>\n<\/header>\n<\/div>\n<\/article>\n<article class=\"article-icon-entry \">\n<div class=\"iconlist_content_wrap\">\n<header class=\"entry-content-header\">\n<h4 class=\"av_iconlist_title iconlist_title \" style=\"text-align: center;\">RETOUCHES: Les <strong style=\"color: #333333; font-size: 16px;\">retouches<\/strong><span style=\"color: #333333; font-size: 16px;\">, transformations, la r\u00e9paration de vos v\u00eatements.<\/span><\/h4>\n<\/header>\n<div class=\"iconlist_content \">\n<section class=\"av_textblock_section \">\n<div class=\"avia_textblock \">\n<p><div id=\"fb-root\"><\/div>\n<p><script async=\"1\" defer=\"1\" crossorigin=\"anonymous\" src=\"https:\/\/connect.facebook.net\/fr_FR\/sdk.js#xfbml=1&amp;version=v8.0\" nonce=\"WrPKeTIT\"><\/script><\/p>\n<div class=\"fb-video\" data-href=\"https:\/\/www.facebook.com\/couture.et.cuirs\/videos\/2171385586270522\/?t=18\" data-width=\"900\">\n<blockquote cite=\"https:\/\/www.facebook.com\/couture.et.cuirs\/videos\/2171385586270522\/\" class=\"fb-xfbml-parse-ignore\"><p><a href=\"https:\/\/www.facebook.com\/couture.et.cuirs\/videos\/2171385586270522\/\"><\/a><\/p>\n<p>Publi\u00e9e par <a href=\"https:\/\/www.facebook.com\/couture.et.cuirs\/\">Couture &amp; Cuirs<\/a> sur Vendredi 26 avril 2019<\/p><\/blockquote>\n<\/div>\n<p>&nbsp;<\/p>\n<p style=\"text-align: center;\"><span style=\"font-size: 14pt;\">Il y a de nombreuses raisons pour lesquelles vous souhaiterez me confier la r\u00e9alisation de votre v\u00eatement.\u00a0<strong>Voici quatre fa\u00e7ons de proc\u00e9der que nous pouvons envisager.<\/strong><\/span><\/p>\n<\/div>\n<\/section>\n<div class=\"avia-icon-list-container avia-builder-el-5 el_after_av_textblock avia-builder-el-last \">\n<article class=\"article-icon-entry \">\n<div class=\"iconlist_content_wrap\">\n<header class=\"entry-content-header\">\n<h4 class=\"av_iconlist_title iconlist_title \" style=\"text-align: center;\"><span style=\"font-size: 14pt;\">LA CONFECTION SIMPLE : Vous avez d\u00e9j\u00e0 un patron utilisable.<\/span><\/h4>\n<\/header>\n<\/div>\n<\/article>\n<article class=\"article-icon-entry \">\n<div class=\"iconlist_content_wrap\">\n<header class=\"entry-content-header\">\n<h4 class=\"av_iconlist_title iconlist_title \" style=\"text-align: center;\"><span style=\"font-size: 14pt;\">LA TRANSPOSITION D\u2019UN MOD\u00c8LE: Nous nous orientons d\u2019apr\u00e8s un v\u00eatement existant<\/span><\/h4>\n<\/header>\n<\/div>\n<\/article>\n<article class=\"article-icon-entry \">\n<div class=\"iconlist_content_wrap\">\n<header class=\"entry-content-header\">\n<h4 class=\"av_iconlist_title iconlist_title \" style=\"text-align: center;\"><span style=\"font-size: 14pt;\">LE SUR-MESURE: Nous cr\u00e9ons ensemble tout le v\u00eatement<\/span><\/h4>\n<\/header>\n<\/div>\n<footer class=\"entry-footer\"><\/footer>\n<\/article>\n<div class=\"iconlist_icon avia-font-entypo-fontello\" style=\"text-align: center;\"><span style=\"color: #000000; font-size: 14pt;\">UN MIX DES TROIS PREMIERS.<\/span><\/div>\n<article class=\"article-icon-entry \">\n<div class=\"iconlist_content_wrap\">\n<div class=\"iconlist_content \">\n<p style=\"text-align: center;\"><span style=\"font-size: 14pt;\">En nous appuyant sur une base comme un patron papier ou un v\u00eatement existant, nous proc\u00e9dons \u00e0 des modifications qui optimisent votre nouveau v\u00eatement.<\/span><\/p>\n<\/div>\n<\/div>\n<\/article>\n<\/div>\n<\/div>\n<\/div>\n<\/article>\n<\/div>\n<\/div>\n<\/div><\/div><\/div><\/div><\/div><div id=\"pg-22733-1\"  class=\"panel-grid panel-has-style\" ><div class=\"panel-row-style panel-row-style-for-22733-1\" ><div id=\"pgc-22733-1-0\"  class=\"panel-grid-cell\" ><div class='the_champ_counter_container the_champ_horizontal_counter'><div id=\"panel-22733-1-0-0\" class=\"so-panel widget widget_thechamphorizontalcounter panel-first-child\" data-index=\"1\" ><ul class=\"the_champ_sharing_ul\"><li style=\"padding:7.35px 0 !important\" class=\"the_champ_facebook_like\"><div class=\"fb-like\" data-href=\"https:\/\/persoclo.fr\/en\/wp-json\/wp\/v2\/pages\/22733\" data-layout=\"button_count\" data-action=\"like\" data-show-faces=\"false\" data-share=\"false\"><\/div><\/li><\/ul><div style=\"clear:both\"><\/div><\/div><\/div><div id=\"panel-22733-1-0-1\" class=\"so-panel widget widget_sow-editor panel-last-child\" data-index=\"2\" ><div\n\t\t\t\n\t\t\tclass=\"so-widget-sow-editor so-widget-sow-editor-base\"\n\t\t\t\n\t\t>\n<div class=\"siteorigin-widget-tinymce textwidget\">\n\t<div style=\"\" id=\"the_champ_fb_commenting\"><div class=\"fb-comments\" data-href=\"https:\/\/persoclo.fr\/en\/couture-cuirs\/\" data-numposts=\"0\" data-width=\"100%\" ><\/div><\/div><script type=\"text\/javascript\" src=\"\/\/connect.facebook.net\/en_US\/sdk.js\r\n    \"><\/script><script>FB.init({xfbml:1,version: \"v23.0\"});<\/script>\n<\/div>\n<\/div><\/div><\/div><\/div><\/div><div id=\"pg-22733-2\"  class=\"panel-grid panel-no-style\" ><div id=\"pgc-22733-2-0\"  class=\"panel-grid-cell\" ><div id=\"panel-22733-2-0-0\" class=\"so-panel widget widget_sow-editor panel-first-child\" data-index=\"3\" ><div\n\t\t\t\n\t\t\tclass=\"so-widget-sow-editor so-widget-sow-editor-base\"\n\t\t\t\n\t\t>\n<div class=\"siteorigin-widget-tinymce textwidget\">\n\t<h2 style=\"text-align: center;\">============<\/h2>\n<h2 style=\"text-align: center;\"><strong>Je choisis cet artisan<\/strong><\/h2>\n<\/div>\n<\/div><\/div><div id=\"panel-22733-2-0-1\" class=\"so-panel widget widget_sow-button panel-last-child\" data-index=\"4\" ><div\n\t\t\t\n\t\t\tclass=\"so-widget-sow-button so-widget-sow-button-wire-a039bb0bb1ce-22733\"\n\t\t\t\n\t\t><div class=\"ow-button-base ow-button-align-center\"\n>\n\t\t\t<a\n\t\t\t\t\thref=\"https:\/\/www.couture-et-cuirs.fr\/\"\n\t\t\t\t\tclass=\"sowb-button ow-icon-placement-left ow-button-hover\" \t>\n\t\t<span>\n\t\t\t\n\t\t\tC'est parti!\t\t<\/span>\n\t\t\t<\/a>\n\t<\/div>\n<\/div><\/div><\/div><\/div><div id=\"pg-22733-3\"  class=\"panel-grid panel-has-style\" ><div class=\"panel-row-style panel-row-style-for-22733-3\" ><div id=\"pgc-22733-3-0\"  class=\"panel-grid-cell\" ><div id=\"panel-22733-3-0-0\" class=\"so-panel widget widget_sow-accordion panel-first-child panel-last-child\" data-index=\"5\" ><div\n\t\t\t\n\t\t\tclass=\"so-widget-sow-accordion so-widget-sow-accordion-default-452d3ab8b8a0-22733\"\n\t\t\t\n\t\t><div>\n\t<div class=\"sow-accordion\">\n\t\t\t<div class=\"sow-accordion-panel\n\t\t\t\t\t\"\n\t\t\t\tdata-anchor-id=\"infos-pratiques\">\n\t\t\t\t\t<div class=\"sow-accordion-panel-header-container\" role=\"heading\" aria-level=\"2\">\n\t\t\t\t\t<div class=\"sow-accordion-panel-header\" tabindex=\"0\" role=\"button\" id=\"accordion-label-infos-pratiques\" aria-controls=\"accordion-content-infos-pratiques\" aria-expanded=\"false\">\n\t\t\t\t\t\t<div class=\"sow-accordion-title sow-accordion-title-icon-left\">\n\t\t\t\t\t\t\t\t\t\t\t\t\t\tInfos pratiques\t\t\t\t\t\t\t\t\t\t\t\t\t<\/div>\n\t\t\t\t\t\t<div class=\"sow-accordion-open-close-button\">\n\t\t\t\t\t\t\t<div class=\"sow-accordion-open-button\">\n\t\t\t\t\t\t\t\t<span class=\"sow-icon-ionicons\" data-sow-icon=\"&#xf218;\"\n\t\t \n\t\taria-hidden=\"true\"><\/span>\t\t\t\t\t\t\t<\/div>\n\t\t\t\t\t\t\t<div class=\"sow-accordion-close-button\">\n\t\t\t\t\t\t\t\t<span class=\"sow-icon-ionicons\" data-sow-icon=\"&#xf209;\"\n\t\t \n\t\taria-hidden=\"true\"><\/span>\t\t\t\t\t\t\t<\/div>\n\t\t\t\t\t\t<\/div>\n\t\t\t\t\t<\/div>\n\t\t\t\t<\/div>\n\n\t\t\t<div\n\t\t\t\tclass=\"sow-accordion-panel-content\"\n\t\t\t\trole=\"region\"\n\t\t\t\taria-labelledby=\"accordion-label-infos-pratiques\"\n\t\t\t\tid=\"accordion-content-infos-pratiques\"\n\t\t\t\tstyle=\"display: none;\"\t\t\t>\n\t\t\t\t<div class=\"sow-accordion-panel-border\">\n\t\t\t\t\t<p style=\"text-align: center;\"><b>Couture &amp; Cuirs<\/b><\/p>\n<p style=\"text-align: center;\"><a href=\"https:\/\/www.couture-et-cuirs.fr\/\">Site Internet<\/a><\/p>\n<p class=\"widgettitle\" style=\"text-align: center;\">66 FAUBOURG CHARTRAIN,<\/p>\n<p class=\"widgettitle\" style=\"text-align: center;\">VEND\u00d4ME<\/p>\n<p><span style=\"color: #ffffff;\">CRPRS1 Ret123 Rec123 crprs0<\/span><\/p>\n\t\t\t\t<\/div>\n\t\t\t<\/div>\n\t\t<\/div>\n\t\t<\/div>\n<\/div>\n<\/div><\/div><\/div><\/div><\/div><\/div>","protected":false},"excerpt":{"rendered":"<p>Couture-Cr\u00e9ation-Retouches Je r\u00e9alise pour vous le v\u00eatements de votre choix. Dans un espace clair, convivial et accessible au centre-ville de Vend\u00f4me, je vous propose: COUTURE ET CONFECTION: Avec l\u2019\u00e9tude et [&hellip;]<\/p>\n","protected":false},"author":91,"featured_media":0,"parent":0,"menu_order":0,"comment_status":"closed","ping_status":"closed","template":"template-full-width.php","meta":{"footnotes":""},"class_list":["post-22733","page","type-page","status-publish","hentry"],"translation":{"provider":"WPGlobus","version":"3.0.2","language":"en","enabled_languages":["fr","en"],"languages":{"fr":{"title":true,"content":true,"excerpt":false},"en":{"title":false,"content":false,"excerpt":false}}},"aioseo_notices":[],"_links":{"self":[{"href":"https:\/\/persoclo.fr\/en\/wp-json\/wp\/v2\/pages\/22733","targetHints":{"allow":["GET"]}}],"collection":[{"href":"https:\/\/persoclo.fr\/en\/wp-json\/wp\/v2\/pages"}],"about":[{"href":"https:\/\/persoclo.fr\/en\/wp-json\/wp\/v2\/types\/page"}],"author":[{"embeddable":true,"href":"https:\/\/persoclo.fr\/en\/wp-json\/wp\/v2\/users\/91"}],"replies":[{"embeddable":true,"href":"https:\/\/persoclo.fr\/en\/wp-json\/wp\/v2\/comments?post=22733"}],"version-history":[{"count":9,"href":"https:\/\/persoclo.fr\/en\/wp-json\/wp\/v2\/pages\/22733\/revisions"}],"predecessor-version":[{"id":22739,"href":"https:\/\/persoclo.fr\/en\/wp-json\/wp\/v2\/pages\/22733\/revisions\/22739"}],"wp:attachment":[{"href":"https:\/\/persoclo.fr\/en\/wp-json\/wp\/v2\/media?parent=22733"}],"curies":[{"name":"wp","href":"https:\/\/api.w.org\/{rel}","templated":true}]}}