{"id":22692,"date":"2020-09-21T15:34:43","date_gmt":"2020-09-21T14:34:43","guid":{"rendered":"https:\/\/persoclo.fr\/?page_id=22692"},"modified":"2020-12-31T19:56:14","modified_gmt":"2020-12-31T18:56:14","slug":"fagnart-delphine","status":"publish","type":"page","link":"https:\/\/persoclo.fr\/en\/fagnart-delphine\/","title":{"rendered":"Fagnart Delphine"},"content":{"rendered":"<div id=\"pl-22692\"  class=\"panel-layout\" ><div id=\"pg-22692-0\"  class=\"panel-grid panel-has-style\" ><div class=\"panel-row-style panel-row-style-for-22692-0\" ><div id=\"pgc-22692-0-0\"  class=\"panel-grid-cell\" ><div id=\"panel-22692-0-0-0\" class=\"so-panel widget widget_sow-editor panel-first-child panel-last-child\" data-index=\"0\" ><div\n\t\t\t\n\t\t\tclass=\"so-widget-sow-editor so-widget-sow-editor-base\"\n\t\t\t\n\t\t>\n<div class=\"siteorigin-widget-tinymce textwidget\">\n\t<p style=\"text-align: center;\"><span style=\"font-size: 14pt;\"><strong>Couture-Cr\u00e9er-Transformer-Retouches<\/strong><\/span><\/p>\n<p style=\"text-align: center;\"><span style=\"font-size: 14pt;\"><img loading=\"lazy\" decoding=\"async\" class=\"aligncenter wp-image-22696 \" src=\"https:\/\/persoclo.fr\/wp-content\/uploads\/2020\/09\/delphine-1.png\" alt=\"\" width=\"318\" height=\"89\" srcset=\"https:\/\/persoclo.fr\/wp-content\/uploads\/2020\/09\/delphine-1.png 372w, https:\/\/persoclo.fr\/wp-content\/uploads\/2020\/09\/delphine-1-300x84.png 300w\" sizes=\"auto, (max-width: 318px) 100vw, 318px\" \/><\/span><\/p>\n<p style=\"text-align: center;\"><span style=\"font-size: 14pt;\">Besoins d\u2019une\u00a0<strong>couturi\u00e8re sur Montpellier<\/strong>\u00a0pour un ourlet, changer une fermeture \u00e0 glissi\u00e8re, r\u00e9aliser un r\u00e9tr\u00e9cissement, changer un col dans un d\u00e9lai rapide et soign\u00e9.<\/span><\/p>\n<p style=\"text-align: center;\"><span style=\"font-size: 14pt;\">Le conseil d\u2019une professionnelle pour la\u00a0<strong>pr\u00e9paration<\/strong>,\u00a0<strong>confection<\/strong>,\u00a0<strong>r\u00e9alisation<\/strong>\u00a0de rideaux et tissus d\u2019ameublement de votre int\u00e9rieur.<\/span><\/p>\n<p style=\"text-align: center;\"><span style=\"font-size: 14pt;\">Ne jetez plus vos affaires que vous aimez tant !!<\/span><\/p>\n<p style=\"text-align: center;\"><span style=\"font-size: 14pt;\"><strong>Customisez<\/strong>\u00a0un jean ou autre v\u00eatement est \u00e0 la mode.<\/span><\/p>\n<p style=\"text-align: center;\"><span style=\"font-size: 14pt;\">Donnez de la couleur \u00e0 vos v\u00eatements pour donner de la couleur\u00a0\u00e0 votre vie.<\/span><\/p>\n<\/div>\n<\/div><\/div><\/div><\/div><\/div><div id=\"pg-22692-1\"  class=\"panel-grid panel-no-style\" ><div id=\"pgc-22692-1-0\"  class=\"panel-grid-cell\" ><div id=\"panel-22692-1-0-0\" class=\"so-panel widget widget_sow-editor panel-first-child panel-last-child\" data-index=\"1\" ><div\n\t\t\t\n\t\t\tclass=\"so-widget-sow-editor so-widget-sow-editor-base\"\n\t\t\t\n\t\t>\n<div class=\"siteorigin-widget-tinymce textwidget\">\n\t<p><img loading=\"lazy\" decoding=\"async\" class=\"aligncenter wp-image-22785\" src=\"https:\/\/persoclo.fr\/wp-content\/uploads\/2020\/09\/Icone-realisation.png\" alt=\"\" width=\"287\" height=\"82\" srcset=\"https:\/\/persoclo.fr\/wp-content\/uploads\/2020\/09\/Icone-realisation.png 395w, https:\/\/persoclo.fr\/wp-content\/uploads\/2020\/09\/Icone-realisation-300x86.png 300w\" sizes=\"auto, (max-width: 287px) 100vw, 287px\" \/><\/p>\n<div id=\"envira-gallery-wrap-23024\" class=\"envira-gallery-wrap envira-gallery-theme-base envira-lightbox-theme-base\" itemscope itemtype=\"https:\/\/schema.org\/ImageGallery\"><div data-row-height=\"150\" data-gallery-theme=\"normal\" id=\"envira-gallery-23024\" class=\"envira-gallery-public envira-gallery-justified-public envira-gallery-0-columns envira-clear enviratope envira-gallery-css-animations\" data-envira-columns=\"0\"><div id=\"envira-gallery-item-22704\" class=\"envira-gallery-item enviratope-item envira-gallery-item-1\" style=\"padding-left: 5px; padding-bottom: 10px; padding-right: 5px;\"  itemscope itemtype=\"https:\/\/schema.org\/ImageObject\"><div class=\"envira-gallery-item-inner\"><div class=\"envira-gallery-position-overlay  envira-gallery-top-left\"><\/div><div class=\"envira-gallery-position-overlay  envira-gallery-top-right\"><\/div><div class=\"envira-gallery-position-overlay  envira-gallery-bottom-left\"><\/div><div class=\"envira-gallery-position-overlay  envira-gallery-bottom-right\"><\/div><a href=\"https:\/\/persoclo.fr\/wp-content\/uploads\/2020\/09\/2045.jpg\" class=\"envira-gallery-23024 envira-gallery-link\" rel=\"enviragallery23024\" title=\"2045\" data-envira-caption=\"2045\" data-envira-retina=\"\" data-thumbnail=\"\"  itemprop=\"contentUrl\"><img decoding=\"async\" id=\"envira-gallery-image-22704\" class=\"envira-gallery-image envira-gallery-image-1 envira-normal \" data-envira-index=\"1\" src=\"https:\/\/persoclo.fr\/wp-content\/uploads\/2020\/09\/2045-1024x683.jpg\" data-envira-src=\"https:\/\/persoclo.fr\/wp-content\/uploads\/2020\/09\/2045-1024x683.jpg\" data-envira-gallery-id=\"23024\" data-envira-item-id=\"22704\" data-envira-caption=\"2045\" alt=\"\" title=\"2045\"  itemprop=\"thumbnailUrl\" data-envira-srcset=\"https:\/\/persoclo.fr\/wp-content\/uploads\/2020\/09\/2045-1024x683.jpg 400w,https:\/\/persoclo.fr\/wp-content\/uploads\/2020\/09\/2045-1024x683.jpg 2x\" data-envira-width=\"300\" data-envira-height=\"200\" srcset=\"https:\/\/persoclo.fr\/wp-content\/uploads\/2020\/09\/2045.jpg 2x\" data-safe-src=\"https:\/\/persoclo.fr\/wp-content\/uploads\/2020\/09\/2045-1024x683.jpg\" \/><\/a><\/div><\/div><\/div><\/div><noscript><img decoding=\"async\" src=\"https:\/\/persoclo.fr\/wp-content\/uploads\/2020\/09\/2045.jpg\" alt=\"\" \/><\/noscript>\n<\/div>\n<\/div><\/div><\/div><\/div><div id=\"pg-22692-2\"  class=\"panel-grid panel-has-style\" ><div class=\"panel-row-style panel-row-style-for-22692-2\" ><div id=\"pgc-22692-2-0\"  class=\"panel-grid-cell\" ><div class='the_champ_counter_container the_champ_horizontal_counter'><div id=\"panel-22692-2-0-0\" class=\"so-panel widget widget_thechamphorizontalcounter panel-first-child\" data-index=\"2\" ><ul class=\"the_champ_sharing_ul\"><li style=\"padding:7.35px 0 !important\" class=\"the_champ_facebook_like\"><div class=\"fb-like\" data-href=\"https:\/\/persoclo.fr\/en\/wp-json\/wp\/v2\/pages\/22692\" data-layout=\"button_count\" data-action=\"like\" data-show-faces=\"false\" data-share=\"false\"><\/div><\/li><\/ul><div style=\"clear:both\"><\/div><\/div><\/div><div id=\"panel-22692-2-0-1\" class=\"so-panel widget widget_sow-editor panel-last-child\" data-index=\"3\" ><div\n\t\t\t\n\t\t\tclass=\"so-widget-sow-editor so-widget-sow-editor-base\"\n\t\t\t\n\t\t>\n<div class=\"siteorigin-widget-tinymce textwidget\">\n\t<div style=\"\" id=\"the_champ_fb_commenting\"><div class=\"fb-comments\" data-href=\"https:\/\/persoclo.fr\/en\/fagnart-delphine\/\" data-numposts=\"0\" data-width=\"100%\" ><\/div><\/div><script type=\"text\/javascript\" src=\"\/\/connect.facebook.net\/en_US\/sdk.js\r\n    \"><\/script><script>FB.init({xfbml:1,version: \"v23.0\"});<\/script>\n<\/div>\n<\/div><\/div><\/div><\/div><\/div><div id=\"pg-22692-3\"  class=\"panel-grid panel-has-style\" ><div class=\"panel-row-style panel-row-style-for-22692-3\" ><div id=\"pgc-22692-3-0\"  class=\"panel-grid-cell\" ><div id=\"panel-22692-3-0-0\" class=\"so-panel widget widget_sow-editor panel-first-child\" data-index=\"4\" ><div\n\t\t\t\n\t\t\tclass=\"so-widget-sow-editor so-widget-sow-editor-base\"\n\t\t\t\n\t\t>\n<div class=\"siteorigin-widget-tinymce textwidget\">\n\t<h3 style=\"text-align: center;\">=============<\/h3>\n<h3 style=\"text-align: center;\"><strong>Je choisis cet artisan<\/strong><\/h3>\n<\/div>\n<\/div><\/div><div id=\"panel-22692-3-0-1\" class=\"so-panel widget widget_sow-button panel-last-child\" data-index=\"5\" ><div\n\t\t\t\n\t\t\tclass=\"so-widget-sow-button so-widget-sow-button-wire-a039bb0bb1ce-22692\"\n\t\t\t\n\t\t><div class=\"ow-button-base ow-button-align-center\"\n>\n\t\t\t<a\n\t\t\t\t\thref=\"http:\/\/www.couturiere-montpellier.fr\/couturiere-sur-mesure-creation-confection-retouche-herault_fr.html\"\n\t\t\t\t\tclass=\"sowb-button ow-icon-placement-left ow-button-hover\" \t>\n\t\t<span>\n\t\t\t\n\t\t\tC'est parti!\t\t<\/span>\n\t\t\t<\/a>\n\t<\/div>\n<\/div><\/div><\/div><\/div><\/div><div id=\"pg-22692-4\"  class=\"panel-grid panel-has-style\" ><div class=\"panel-row-style panel-row-style-for-22692-4\" ><div id=\"pgc-22692-4-0\"  class=\"panel-grid-cell\" ><div id=\"panel-22692-4-0-0\" class=\"so-panel widget widget_sow-accordion panel-first-child panel-last-child\" data-index=\"6\" ><div\n\t\t\t\n\t\t\tclass=\"so-widget-sow-accordion so-widget-sow-accordion-default-3dada68da567-22692\"\n\t\t\t\n\t\t><div>\n\t<div class=\"sow-accordion\">\n\t\t\t<div class=\"sow-accordion-panel\n\t\t\t\t\t\"\n\t\t\t\tdata-anchor-id=\"infos-pratiques\">\n\t\t\t\t\t<div class=\"sow-accordion-panel-header-container\" role=\"heading\" aria-level=\"2\">\n\t\t\t\t\t<div class=\"sow-accordion-panel-header\" tabindex=\"0\" role=\"button\" id=\"accordion-label-infos-pratiques\" aria-controls=\"accordion-content-infos-pratiques\" aria-expanded=\"false\">\n\t\t\t\t\t\t<div class=\"sow-accordion-title sow-accordion-title-icon-left\">\n\t\t\t\t\t\t\t\t\t\t\t\t\t\tInfos pratiques\t\t\t\t\t\t\t\t\t\t\t\t\t<\/div>\n\t\t\t\t\t\t<div class=\"sow-accordion-open-close-button\">\n\t\t\t\t\t\t\t<div class=\"sow-accordion-open-button\">\n\t\t\t\t\t\t\t\t<span class=\"sow-icon-ionicons\" data-sow-icon=\"&#xf218;\"\n\t\t \n\t\taria-hidden=\"true\"><\/span>\t\t\t\t\t\t\t<\/div>\n\t\t\t\t\t\t\t<div class=\"sow-accordion-close-button\">\n\t\t\t\t\t\t\t\t<span class=\"sow-icon-ionicons\" data-sow-icon=\"&#xf209;\"\n\t\t \n\t\taria-hidden=\"true\"><\/span>\t\t\t\t\t\t\t<\/div>\n\t\t\t\t\t\t<\/div>\n\t\t\t\t\t<\/div>\n\t\t\t\t<\/div>\n\n\t\t\t<div\n\t\t\t\tclass=\"sow-accordion-panel-content\"\n\t\t\t\trole=\"region\"\n\t\t\t\taria-labelledby=\"accordion-label-infos-pratiques\"\n\t\t\t\tid=\"accordion-content-infos-pratiques\"\n\t\t\t\tstyle=\"display: none;\"\t\t\t>\n\t\t\t\t<div class=\"sow-accordion-panel-border\">\n\t\t\t\t\t<p class=\"h1-couleur-groupe-2\" style=\"text-align: center;\"><strong>Delphine Fagnart<\/strong><\/p>\n<p style=\"text-align: center;\"><a href=\"http:\/\/www.couturiere-montpellier.fr\/couturiere-sur-mesure-creation-confection-retouche-herault_fr.html\">Site Internet<\/a><\/p>\n<p style=\"text-align: center;\">2220 Avenue du P\u00e8re Soulas<\/p>\n<p style=\"text-align: center;\">34090 MONTPELLIER<\/p>\n<p><span style=\"color: #ffffff;\">CRPRS4 CRPRS1 Ret123 REC123<\/span><\/p>\n\t\t\t\t<\/div>\n\t\t\t<\/div>\n\t\t<\/div>\n\t\t<\/div>\n<\/div>\n<\/div><\/div><\/div><\/div><\/div><\/div>","protected":false},"excerpt":{"rendered":"<p>Couture-Cr\u00e9er-Transformer-Retouches Besoins d\u2019une\u00a0couturi\u00e8re sur Montpellier\u00a0pour un ourlet, changer une fermeture \u00e0 glissi\u00e8re, r\u00e9aliser un r\u00e9tr\u00e9cissement, changer un col dans un d\u00e9lai rapide et soign\u00e9. Le conseil d\u2019une professionnelle pour la\u00a0pr\u00e9paration,\u00a0confection,\u00a0r\u00e9alisation\u00a0de [&hellip;]<\/p>\n","protected":false},"author":91,"featured_media":0,"parent":0,"menu_order":0,"comment_status":"closed","ping_status":"closed","template":"template-full-width.php","meta":{"footnotes":""},"class_list":["post-22692","page","type-page","status-publish","hentry"],"translation":{"provider":"WPGlobus","version":"3.0.2","language":"en","enabled_languages":["fr","en"],"languages":{"fr":{"title":true,"content":true,"excerpt":false},"en":{"title":false,"content":false,"excerpt":false}}},"aioseo_notices":[],"_links":{"self":[{"href":"https:\/\/persoclo.fr\/en\/wp-json\/wp\/v2\/pages\/22692","targetHints":{"allow":["GET"]}}],"collection":[{"href":"https:\/\/persoclo.fr\/en\/wp-json\/wp\/v2\/pages"}],"about":[{"href":"https:\/\/persoclo.fr\/en\/wp-json\/wp\/v2\/types\/page"}],"author":[{"embeddable":true,"href":"https:\/\/persoclo.fr\/en\/wp-json\/wp\/v2\/users\/91"}],"replies":[{"embeddable":true,"href":"https:\/\/persoclo.fr\/en\/wp-json\/wp\/v2\/comments?post=22692"}],"version-history":[{"count":13,"href":"https:\/\/persoclo.fr\/en\/wp-json\/wp\/v2\/pages\/22692\/revisions"}],"predecessor-version":[{"id":22699,"href":"https:\/\/persoclo.fr\/en\/wp-json\/wp\/v2\/pages\/22692\/revisions\/22699"}],"wp:attachment":[{"href":"https:\/\/persoclo.fr\/en\/wp-json\/wp\/v2\/media?parent=22692"}],"curies":[{"name":"wp","href":"https:\/\/api.w.org\/{rel}","templated":true}]}}