{"id":22548,"date":"2020-09-15T00:17:54","date_gmt":"2020-09-14T23:17:54","guid":{"rendered":"https:\/\/persoclo.fr\/?page_id=22548"},"modified":"2020-12-31T19:55:22","modified_gmt":"2020-12-31T18:55:22","slug":"code-perso","status":"publish","type":"page","link":"https:\/\/persoclo.fr\/en\/code-perso\/","title":{"rendered":"Code perso"},"content":{"rendered":"<div id=\"pl-22548\"  class=\"panel-layout\" ><div id=\"pg-22548-0\"  class=\"panel-grid panel-has-style\" ><div class=\"panel-row-style panel-row-style-for-22548-0\" ><div id=\"pgc-22548-0-0\"  class=\"panel-grid-cell\" ><div id=\"panel-22548-0-0-0\" class=\"so-panel widget widget_sow-editor panel-first-child panel-last-child\" data-index=\"0\" ><div\n\t\t\t\n\t\t\tclass=\"so-widget-sow-editor so-widget-sow-editor-base\"\n\t\t\t\n\t\t>\n<div class=\"siteorigin-widget-tinymce textwidget\">\n\t<p style=\"text-align: center;\"><strong>Impression-Num\u00e9rique<\/strong><\/p>\n<p><img loading=\"lazy\" decoding=\"async\" class=\"aligncenter wp-image-22552 \" src=\"https:\/\/persoclo.fr\/wp-content\/uploads\/2020\/09\/code-perso.png\" alt=\"\" width=\"125\" height=\"123\" \/><\/p>\n<p style=\"text-align: center;\"><strong>Nous r\u00e9alisons tous les travaux de\u00a0 marquage sur textile, gr\u00e2ce \u00e0 diff\u00e9rentes techniques de s\u00e9rigraphie. Nous vous proposons les services suivants :<\/strong><\/p>\n<div id=\"text_BLOCK_0H4PYAPOV7\" class=\"block-text \" style=\"text-align: center;\">\n<p>S\u00e9rigraphie textile et num\u00e9rique - Broderie - Flocage - Impression num\u00e9rique<\/p>\n<\/div>\n<div id=\"text_BLOCK_KWPI0EWR65\" class=\"block-text \">\n<p style=\"text-align: center;\">N\u2019h\u00e9sitez pas \u00e0 venir nous voir pour des r\u00e9alisations \u00e0 l\u2019unit\u00e9, en petite, en moyenne ou en grande s\u00e9rie. Nous proposons des services adapt\u00e9s \u00e0 tous les budgets.<\/p>\n<\/div>\n<\/div>\n<\/div><\/div><\/div><\/div><\/div><div id=\"pg-22548-1\"  class=\"panel-grid panel-has-style\" ><div class=\"panel-row-style panel-row-style-for-22548-1\" ><div id=\"pgc-22548-1-0\"  class=\"panel-grid-cell\" ><div id=\"panel-22548-1-0-0\" class=\"so-panel widget widget_sow-editor panel-first-child panel-last-child\" data-index=\"1\" ><div\n\t\t\t\n\t\t\tclass=\"so-widget-sow-editor so-widget-sow-editor-base\"\n\t\t\t\n\t\t>\n<div class=\"siteorigin-widget-tinymce textwidget\">\n\t<h3 style=\"text-align: center;\">R\u00e9alisations:<\/h3>\n<p style=\"text-align: center;\"><div id=\"envira-gallery-wrap-22569\" class=\"envira-gallery-wrap envira-gallery-theme-base envira-lightbox-theme-base\" itemscope itemtype=\"https:\/\/schema.org\/ImageGallery\"><div data-row-height=\"\" data-gallery-theme=\"\" id=\"envira-gallery-22569\" class=\"envira-gallery-public  envira-gallery-3-columns envira-clear enviratope envira-gallery-css-animations\" data-envira-columns=\"3\"><div id=\"envira-gallery-item-22567\" class=\"envira-gallery-item enviratope-item envira-gallery-item-1\" style=\"padding-left: 5px; padding-bottom: 10px; padding-right: 5px;\"  itemscope itemtype=\"https:\/\/schema.org\/ImageObject\"><div class=\"envira-gallery-item-inner\"><div class=\"envira-gallery-position-overlay  envira-gallery-top-left\"><\/div><div class=\"envira-gallery-position-overlay  envira-gallery-top-right\"><\/div><div class=\"envira-gallery-position-overlay  envira-gallery-bottom-left\"><\/div><div class=\"envira-gallery-position-overlay  envira-gallery-bottom-right\"><\/div><a href=\"https:\/\/persoclo.fr\/wp-content\/uploads\/2020\/09\/ode-Per.jpg\" class=\"envira-gallery-22569 envira-gallery-link\" rel=\"enviragallery22569\" title=\"Code Perso\" data-envira-caption=\"Code Perso\" data-envira-retina=\"\" data-thumbnail=\"\"  itemprop=\"contentUrl\"><img decoding=\"async\" id=\"envira-gallery-image-22567\" class=\"envira-gallery-image envira-gallery-image-1\" data-envira-index=\"1\" src=\"https:\/\/persoclo.fr\/wp-content\/uploads\/2020\/09\/ode-Per.jpg\" data-envira-src=\"https:\/\/persoclo.fr\/wp-content\/uploads\/2020\/09\/ode-Per.jpg\" data-envira-gallery-id=\"22569\" data-envira-item-id=\"22567\" data-envira-caption=\"Code Perso\" alt=\"Code perso\" title=\"Code Perso\"  itemprop=\"thumbnailUrl\" data-envira-srcset=\"https:\/\/persoclo.fr\/wp-content\/uploads\/2020\/09\/ode-Per.jpg 400w,https:\/\/persoclo.fr\/wp-content\/uploads\/2020\/09\/ode-Per.jpg 2x\" srcset=\"https:\/\/persoclo.fr\/wp-content\/uploads\/2020\/09\/ode-Per.jpg 2x\" \/><\/a><\/div><\/div><div id=\"envira-gallery-item-22566\" class=\"envira-gallery-item enviratope-item envira-gallery-item-2\" style=\"padding-left: 5px; padding-bottom: 10px; padding-right: 5px;\"  itemscope itemtype=\"https:\/\/schema.org\/ImageObject\"><div class=\"envira-gallery-item-inner\"><div class=\"envira-gallery-position-overlay  envira-gallery-top-left\"><\/div><div class=\"envira-gallery-position-overlay  envira-gallery-top-right\"><\/div><div class=\"envira-gallery-position-overlay  envira-gallery-bottom-left\"><\/div><div class=\"envira-gallery-position-overlay  envira-gallery-bottom-right\"><\/div><a href=\"https:\/\/persoclo.fr\/wp-content\/uploads\/2020\/09\/cea0c4075506.jpg\" class=\"envira-gallery-22569 envira-gallery-link\" rel=\"enviragallery22569\" title=\"Code Perso\" data-envira-caption=\"Code Perso\" data-envira-retina=\"\" data-thumbnail=\"\"  itemprop=\"contentUrl\"><img decoding=\"async\" id=\"envira-gallery-image-22566\" class=\"envira-gallery-image envira-gallery-image-2\" data-envira-index=\"2\" src=\"https:\/\/persoclo.fr\/wp-content\/uploads\/2020\/09\/cea0c4075506.jpg\" data-envira-src=\"https:\/\/persoclo.fr\/wp-content\/uploads\/2020\/09\/cea0c4075506.jpg\" data-envira-gallery-id=\"22569\" data-envira-item-id=\"22566\" data-envira-caption=\"Code Perso\" alt=\"Code perso\" title=\"Code Perso\"  itemprop=\"thumbnailUrl\" data-envira-srcset=\"https:\/\/persoclo.fr\/wp-content\/uploads\/2020\/09\/cea0c4075506.jpg 400w,https:\/\/persoclo.fr\/wp-content\/uploads\/2020\/09\/cea0c4075506.jpg 2x\" srcset=\"https:\/\/persoclo.fr\/wp-content\/uploads\/2020\/09\/cea0c4075506.jpg 2x\" \/><\/a><\/div><\/div><div id=\"envira-gallery-item-22565\" class=\"envira-gallery-item enviratope-item envira-gallery-item-3\" style=\"padding-left: 5px; padding-bottom: 10px; padding-right: 5px;\"  itemscope itemtype=\"https:\/\/schema.org\/ImageObject\"><div class=\"envira-gallery-item-inner\"><div class=\"envira-gallery-position-overlay  envira-gallery-top-left\"><\/div><div class=\"envira-gallery-position-overlay  envira-gallery-top-right\"><\/div><div class=\"envira-gallery-position-overlay  envira-gallery-bottom-left\"><\/div><div class=\"envira-gallery-position-overlay  envira-gallery-bottom-right\"><\/div><a href=\"https:\/\/persoclo.fr\/wp-content\/uploads\/2020\/09\/fd01a102ea1e.jpg\" class=\"envira-gallery-22569 envira-gallery-link\" rel=\"enviragallery22569\" title=\"Code Perso\" data-envira-caption=\"Code Perso\" data-envira-retina=\"\" data-thumbnail=\"\"  itemprop=\"contentUrl\"><img decoding=\"async\" id=\"envira-gallery-image-22565\" class=\"envira-gallery-image envira-gallery-image-3\" data-envira-index=\"3\" src=\"https:\/\/persoclo.fr\/wp-content\/uploads\/2020\/09\/fd01a102ea1e-900x1024.jpg\" data-envira-src=\"https:\/\/persoclo.fr\/wp-content\/uploads\/2020\/09\/fd01a102ea1e-900x1024.jpg\" data-envira-gallery-id=\"22569\" data-envira-item-id=\"22565\" data-envira-caption=\"Code Perso\" alt=\"Code perso\" title=\"Code Perso\"  itemprop=\"thumbnailUrl\" data-envira-srcset=\"https:\/\/persoclo.fr\/wp-content\/uploads\/2020\/09\/fd01a102ea1e-900x1024.jpg 400w,https:\/\/persoclo.fr\/wp-content\/uploads\/2020\/09\/fd01a102ea1e-900x1024.jpg 2x\" srcset=\"https:\/\/persoclo.fr\/wp-content\/uploads\/2020\/09\/fd01a102ea1e.jpg 2x\" \/><\/a><\/div><\/div><div id=\"envira-gallery-item-22564\" class=\"envira-gallery-item enviratope-item envira-gallery-item-4\" style=\"padding-left: 5px; padding-bottom: 10px; padding-right: 5px;\"  itemscope itemtype=\"https:\/\/schema.org\/ImageObject\"><div class=\"envira-gallery-item-inner\"><div class=\"envira-gallery-position-overlay  envira-gallery-top-left\"><\/div><div class=\"envira-gallery-position-overlay  envira-gallery-top-right\"><\/div><div class=\"envira-gallery-position-overlay  envira-gallery-bottom-left\"><\/div><div class=\"envira-gallery-position-overlay  envira-gallery-bottom-right\"><\/div><a href=\"https:\/\/persoclo.fr\/wp-content\/uploads\/2020\/09\/965264404d98.jpg\" class=\"envira-gallery-22569 envira-gallery-link\" rel=\"enviragallery22569\" title=\"Code Perso\" data-envira-caption=\"Code Perso\" data-envira-retina=\"\" data-thumbnail=\"\"  itemprop=\"contentUrl\"><img decoding=\"async\" id=\"envira-gallery-image-22564\" class=\"envira-gallery-image envira-gallery-image-4\" data-envira-index=\"4\" src=\"https:\/\/persoclo.fr\/wp-content\/uploads\/2020\/09\/965264404d98-858x1024.jpg\" data-envira-src=\"https:\/\/persoclo.fr\/wp-content\/uploads\/2020\/09\/965264404d98-858x1024.jpg\" data-envira-gallery-id=\"22569\" data-envira-item-id=\"22564\" data-envira-caption=\"Code Perso\" alt=\"Code perso\" title=\"Code Perso\"  itemprop=\"thumbnailUrl\" data-envira-srcset=\"https:\/\/persoclo.fr\/wp-content\/uploads\/2020\/09\/965264404d98-858x1024.jpg 400w,https:\/\/persoclo.fr\/wp-content\/uploads\/2020\/09\/965264404d98-858x1024.jpg 2x\" srcset=\"https:\/\/persoclo.fr\/wp-content\/uploads\/2020\/09\/965264404d98.jpg 2x\" \/><\/a><\/div><\/div><div id=\"envira-gallery-item-22562\" class=\"envira-gallery-item enviratope-item envira-gallery-item-5\" style=\"padding-left: 5px; padding-bottom: 10px; padding-right: 5px;\"  itemscope itemtype=\"https:\/\/schema.org\/ImageObject\"><div class=\"envira-gallery-item-inner\"><div class=\"envira-gallery-position-overlay  envira-gallery-top-left\"><\/div><div class=\"envira-gallery-position-overlay  envira-gallery-top-right\"><\/div><div class=\"envira-gallery-position-overlay  envira-gallery-bottom-left\"><\/div><div class=\"envira-gallery-position-overlay  envira-gallery-bottom-right\"><\/div><a href=\"https:\/\/persoclo.fr\/wp-content\/uploads\/2020\/09\/ae0604be14bc.jpg\" class=\"envira-gallery-22569 envira-gallery-link\" rel=\"enviragallery22569\" title=\"Code Perso\" data-envira-caption=\"Code Perso\" data-envira-retina=\"\" data-thumbnail=\"\"  itemprop=\"contentUrl\"><img decoding=\"async\" id=\"envira-gallery-image-22562\" class=\"envira-gallery-image envira-gallery-image-5\" data-envira-index=\"5\" src=\"https:\/\/persoclo.fr\/wp-content\/uploads\/2020\/09\/ae0604be14bc.jpg\" data-envira-src=\"https:\/\/persoclo.fr\/wp-content\/uploads\/2020\/09\/ae0604be14bc.jpg\" data-envira-gallery-id=\"22569\" data-envira-item-id=\"22562\" data-envira-caption=\"Code Perso\" alt=\"Code perso\" title=\"Code Perso\"  itemprop=\"thumbnailUrl\" data-envira-srcset=\"https:\/\/persoclo.fr\/wp-content\/uploads\/2020\/09\/ae0604be14bc.jpg 400w,https:\/\/persoclo.fr\/wp-content\/uploads\/2020\/09\/ae0604be14bc.jpg 2x\" srcset=\"https:\/\/persoclo.fr\/wp-content\/uploads\/2020\/09\/ae0604be14bc.jpg 2x\" \/><\/a><\/div><\/div><div id=\"envira-gallery-item-22561\" class=\"envira-gallery-item enviratope-item envira-gallery-item-6\" style=\"padding-left: 5px; padding-bottom: 10px; padding-right: 5px;\"  itemscope itemtype=\"https:\/\/schema.org\/ImageObject\"><div class=\"envira-gallery-item-inner\"><div class=\"envira-gallery-position-overlay  envira-gallery-top-left\"><\/div><div class=\"envira-gallery-position-overlay  envira-gallery-top-right\"><\/div><div class=\"envira-gallery-position-overlay  envira-gallery-bottom-left\"><\/div><div class=\"envira-gallery-position-overlay  envira-gallery-bottom-right\"><\/div><a href=\"https:\/\/persoclo.fr\/wp-content\/uploads\/2020\/09\/c784cc75300a.jpg\" class=\"envira-gallery-22569 envira-gallery-link\" rel=\"enviragallery22569\" title=\"Code Perso\" data-envira-caption=\"Code Perso\" data-envira-retina=\"\" data-thumbnail=\"\"  itemprop=\"contentUrl\"><img decoding=\"async\" id=\"envira-gallery-image-22561\" class=\"envira-gallery-image envira-gallery-image-6\" data-envira-index=\"6\" src=\"https:\/\/persoclo.fr\/wp-content\/uploads\/2020\/09\/c784cc75300a.jpg\" data-envira-src=\"https:\/\/persoclo.fr\/wp-content\/uploads\/2020\/09\/c784cc75300a.jpg\" data-envira-gallery-id=\"22569\" data-envira-item-id=\"22561\" data-envira-caption=\"Code Perso\" alt=\"Code perso\" title=\"Code Perso\"  itemprop=\"thumbnailUrl\" data-envira-srcset=\"https:\/\/persoclo.fr\/wp-content\/uploads\/2020\/09\/c784cc75300a.jpg 400w,https:\/\/persoclo.fr\/wp-content\/uploads\/2020\/09\/c784cc75300a.jpg 2x\" srcset=\"https:\/\/persoclo.fr\/wp-content\/uploads\/2020\/09\/c784cc75300a.jpg 2x\" \/><\/a><\/div><\/div><\/div><\/div><noscript><img decoding=\"async\" src=\"https:\/\/persoclo.fr\/wp-content\/uploads\/2020\/09\/ode-Per.jpg\" alt=\"Code perso\" \/><img decoding=\"async\" src=\"https:\/\/persoclo.fr\/wp-content\/uploads\/2020\/09\/cea0c4075506.jpg\" alt=\"Code perso\" \/><img decoding=\"async\" src=\"https:\/\/persoclo.fr\/wp-content\/uploads\/2020\/09\/fd01a102ea1e.jpg\" alt=\"Code perso\" \/><img decoding=\"async\" src=\"https:\/\/persoclo.fr\/wp-content\/uploads\/2020\/09\/965264404d98.jpg\" alt=\"Code perso\" \/><img decoding=\"async\" src=\"https:\/\/persoclo.fr\/wp-content\/uploads\/2020\/09\/ae0604be14bc.jpg\" alt=\"Code perso\" \/><img decoding=\"async\" src=\"https:\/\/persoclo.fr\/wp-content\/uploads\/2020\/09\/c784cc75300a.jpg\" alt=\"Code perso\" \/><\/noscript><\/p>\n<\/div>\n<\/div><\/div><\/div><\/div><\/div><div id=\"pg-22548-2\"  class=\"panel-grid panel-has-style\" ><div class=\"siteorigin-panels-stretch panel-row-style panel-row-style-for-22548-2\" data-stretch-type=\"full-stretched\" ><div id=\"pgc-22548-2-0\"  class=\"panel-grid-cell\" ><div id=\"panel-22548-2-0-0\" class=\"so-panel widget widget_sow-editor panel-first-child panel-last-child\" data-index=\"2\" ><div\n\t\t\t\n\t\t\tclass=\"so-widget-sow-editor so-widget-sow-editor-base\"\n\t\t\t\n\t\t>\n<div class=\"siteorigin-widget-tinymce textwidget\">\n\t<p style=\"text-align: center;\">\t\t<div id=\"instagram-gallery-feed-37\" class=\"instagram-gallery-feed\" data-feed=\"{&quot;id&quot;:37,&quot;account_id&quot;:&quot;17841402794725486&quot;,&quot;source&quot;:&quot;tag&quot;,&quot;tag&quot;:&quot;codeperso&quot;,&quot;order_by&quot;:&quot;top_media&quot;,&quot;layout&quot;:&quot;carousel&quot;,&quot;limit&quot;:12,&quot;columns&quot;:3,&quot;spacing&quot;:10,&quot;lazy&quot;:true,&quot;responsive&quot;:{&quot;desktop&quot;:{&quot;columns&quot;:3,&quot;spacing&quot;:10},&quot;tablet&quot;:{&quot;columns&quot;:2,&quot;spacing&quot;:8},&quot;mobile&quot;:{&quot;columns&quot;:1,&quot;spacing&quot;:6},&quot;breakpoints&quot;:{&quot;tablet&quot;:768,&quot;mobile&quot;:480}},&quot;aspect_ratio&quot;:{&quot;width&quot;:1,&quot;height&quot;:1},&quot;highlight&quot;:{&quot;tag&quot;:&quot;&quot;,&quot;id&quot;:&quot;&quot;,&quot;position&quot;:&quot;&quot;},&quot;reel&quot;:{&quot;hide&quot;:false},&quot;copyright&quot;:{&quot;hide&quot;:false,&quot;placeholder&quot;:&quot;&quot;},&quot;profile&quot;:{&quot;display&quot;:false,&quot;username&quot;:&quot;&quot;,&quot;nickname&quot;:&quot;&quot;,&quot;website&quot;:&quot;&quot;,&quot;biography&quot;:&quot;&quot;,&quot;link_text&quot;:&quot;Follow&quot;,&quot;website_text&quot;:&quot;Website&quot;,&quot;avatar&quot;:&quot;&quot;},&quot;box&quot;:{&quot;display&quot;:false,&quot;padding&quot;:1,&quot;radius&quot;:0,&quot;background&quot;:&quot;#fefefe&quot;,&quot;profile&quot;:false,&quot;desc&quot;:&quot;&quot;,&quot;text_color&quot;:&quot;#000000&quot;},&quot;mask&quot;:{&quot;display&quot;:true,&quot;background&quot;:&quot;#000000&quot;,&quot;icon_color&quot;:&quot;#ffffff&quot;,&quot;likes_count&quot;:true,&quot;comments_count&quot;:true},&quot;card&quot;:{&quot;display&quot;:false,&quot;radius&quot;:1,&quot;font_size&quot;:12,&quot;background&quot;:&quot;#ffffff&quot;,&quot;background_hover&quot;:&quot;&quot;,&quot;text_color&quot;:&quot;#000000&quot;,&quot;padding&quot;:5,&quot;likes_count&quot;:true,&quot;text_length&quot;:10,&quot;comments_count&quot;:true,&quot;text_align&quot;:&quot;left&quot;},&quot;carousel&quot;:{&quot;centered_slides&quot;:false,&quot;autoplay&quot;:false,&quot;autoplay_interval&quot;:3000,&quot;navarrows&quot;:true,&quot;navarrows_color&quot;:&quot;&quot;,&quot;pagination&quot;:true,&quot;pagination_color&quot;:&quot;&quot;},&quot;modal&quot;:{&quot;display&quot;:true,&quot;profile&quot;:false,&quot;media_description&quot;:true,&quot;likes_count&quot;:true,&quot;comments_count&quot;:true,&quot;comments_list&quot;:false,&quot;text_align&quot;:&quot;left&quot;,&quot;modal_align&quot;:&quot;right&quot;,&quot;text_length&quot;:10000,&quot;font_size&quot;:12},&quot;button&quot;:{&quot;display&quot;:false,&quot;text&quot;:&quot;View on Instagram&quot;,&quot;text_color&quot;:&quot;#ffff&quot;,&quot;background&quot;:&quot;&quot;,&quot;background_hover&quot;:&quot;&quot;},&quot;button_load&quot;:{&quot;display&quot;:false,&quot;text&quot;:&quot;Load more...&quot;,&quot;text_color&quot;:&quot;#ffff&quot;,&quot;background&quot;:&quot;&quot;,&quot;background_hover&quot;:&quot;&quot;}}\">\n\t\t<!-- <FeedContainer\/> -->\n\t\t<\/div>\n\t\t<\/p>\n<\/div>\n<\/div><\/div><\/div><\/div><\/div><div id=\"pg-22548-3\"  class=\"panel-grid panel-has-style\" ><div class=\"panel-row-style panel-row-style-for-22548-3\" ><div id=\"pgc-22548-3-0\"  class=\"panel-grid-cell\" ><div class='the_champ_counter_container the_champ_horizontal_counter'><div id=\"panel-22548-3-0-0\" class=\"so-panel widget widget_thechamphorizontalcounter panel-first-child\" data-index=\"3\" ><ul class=\"the_champ_sharing_ul\"><li style=\"padding:7.35px 0 !important\" class=\"the_champ_facebook_like\"><div class=\"fb-like\" data-href=\"https:\/\/persoclo.fr\/en\/wp-json\/wp\/v2\/pages\/22548\" data-layout=\"button_count\" data-action=\"like\" data-show-faces=\"false\" data-share=\"false\"><\/div><\/li><\/ul><div style=\"clear:both\"><\/div><\/div><\/div><div id=\"panel-22548-3-0-1\" class=\"so-panel widget widget_sow-editor panel-last-child\" data-index=\"4\" ><div\n\t\t\t\n\t\t\tclass=\"so-widget-sow-editor so-widget-sow-editor-base\"\n\t\t\t\n\t\t>\n<div class=\"siteorigin-widget-tinymce textwidget\">\n\t<div style=\"\" id=\"the_champ_fb_commenting\"><div class=\"fb-comments\" data-href=\"https:\/\/persoclo.fr\/en\/code-perso\/\" data-numposts=\"0\" data-width=\"100%\" ><\/div><\/div><script type=\"text\/javascript\" src=\"\/\/connect.facebook.net\/en_US\/sdk.js\r\n    \"><\/script><script>FB.init({xfbml:1,version: \"v23.0\"});<\/script>\n<\/div>\n<\/div><\/div><\/div><\/div><\/div><div id=\"pg-22548-4\"  class=\"panel-grid panel-has-style\" ><div class=\"panel-row-style panel-row-style-for-22548-4\" ><div id=\"pgc-22548-4-0\"  class=\"panel-grid-cell\" ><div id=\"panel-22548-4-0-0\" class=\"so-panel widget widget_sow-editor panel-first-child\" data-index=\"5\" ><div\n\t\t\t\n\t\t\tclass=\"so-widget-sow-editor so-widget-sow-editor-base\"\n\t\t\t\n\t\t>\n<div class=\"siteorigin-widget-tinymce textwidget\">\n\t<h2 style=\"text-align: center;\">============<\/h2>\n<h2 style=\"text-align: center;\"><strong>Je choisis cet artisan<\/strong><\/h2>\n<\/div>\n<\/div><\/div><div id=\"panel-22548-4-0-1\" class=\"so-panel widget widget_sow-button panel-last-child\" data-index=\"6\" ><div\n\t\t\t\n\t\t\tclass=\"so-widget-sow-button so-widget-sow-button-wire-a039bb0bb1ce-22548\"\n\t\t\t\n\t\t><div class=\"ow-button-base ow-button-align-center\"\n>\n\t\t\t<a\n\t\t\t\t\thref=\"https:\/\/www.code-perso.fr\/\"\n\t\t\t\t\tclass=\"sowb-button ow-icon-placement-left ow-button-hover\" target=\"_blank\" rel=\"noopener noreferrer\" \t>\n\t\t<span>\n\t\t\t\n\t\t\tC'est parti!\t\t<\/span>\n\t\t\t<\/a>\n\t<\/div>\n<\/div><\/div><\/div><\/div><\/div><div id=\"pg-22548-5\"  class=\"panel-grid panel-has-style\" ><div class=\"panel-row-style panel-row-style-for-22548-5\" ><div id=\"pgc-22548-5-0\"  class=\"panel-grid-cell\" ><div id=\"panel-22548-5-0-0\" class=\"so-panel widget widget_sow-accordion panel-first-child panel-last-child\" data-index=\"7\" ><div\n\t\t\t\n\t\t\tclass=\"so-widget-sow-accordion so-widget-sow-accordion-default-a7f7c6c54927-22548\"\n\t\t\t\n\t\t><div>\n\t<div class=\"sow-accordion\">\n\t\t\t<div class=\"sow-accordion-panel\n\t\t\t\t\t\"\n\t\t\t\tdata-anchor-id=\"infos-pratiques\">\n\t\t\t\t\t<div class=\"sow-accordion-panel-header-container\" role=\"heading\" aria-level=\"2\">\n\t\t\t\t\t<div class=\"sow-accordion-panel-header\" tabindex=\"0\" role=\"button\" id=\"accordion-label-infos-pratiques\" aria-controls=\"accordion-content-infos-pratiques\" aria-expanded=\"false\">\n\t\t\t\t\t\t<div class=\"sow-accordion-title sow-accordion-title-icon-left\">\n\t\t\t\t\t\t\t\t\t\t\t\t\t\tInfos pratiques\t\t\t\t\t\t\t\t\t\t\t\t\t<\/div>\n\t\t\t\t\t\t<div class=\"sow-accordion-open-close-button\">\n\t\t\t\t\t\t\t<div class=\"sow-accordion-open-button\">\n\t\t\t\t\t\t\t\t<span class=\"sow-icon-ionicons\" data-sow-icon=\"&#xf218;\"\n\t\t \n\t\taria-hidden=\"true\"><\/span>\t\t\t\t\t\t\t<\/div>\n\t\t\t\t\t\t\t<div class=\"sow-accordion-close-button\">\n\t\t\t\t\t\t\t\t<span class=\"sow-icon-ionicons\" data-sow-icon=\"&#xf209;\"\n\t\t \n\t\taria-hidden=\"true\"><\/span>\t\t\t\t\t\t\t<\/div>\n\t\t\t\t\t\t<\/div>\n\t\t\t\t\t<\/div>\n\t\t\t\t<\/div>\n\n\t\t\t<div\n\t\t\t\tclass=\"sow-accordion-panel-content\"\n\t\t\t\trole=\"region\"\n\t\t\t\taria-labelledby=\"accordion-label-infos-pratiques\"\n\t\t\t\tid=\"accordion-content-infos-pratiques\"\n\t\t\t\tstyle=\"display: none;\"\t\t\t>\n\t\t\t\t<div class=\"sow-accordion-panel-border\">\n\t\t\t\t\t<p style=\"text-align: center;\">Code perso<\/p>\n<p style=\"text-align: center;\"><a href=\"https:\/\/www.liedil.fr\/\">Site internet<\/a><\/p>\n<p style=\"text-align: center;\">16 RUE DES BOURDONNAIS,<\/p>\n<p style=\"text-align: center;\">75001\u00a0PARIS<\/p>\n<p><span style=\"color: #ffffff;\"><b>PP56<\/b><\/span><\/p>\n\t\t\t\t<\/div>\n\t\t\t<\/div>\n\t\t<\/div>\n\t\t<\/div>\n<\/div>\n<\/div><\/div><\/div><\/div><\/div><\/div>","protected":false},"excerpt":{"rendered":"<p>Impression-Num\u00e9rique Nous r\u00e9alisons tous les travaux de\u00a0 marquage sur textile, gr\u00e2ce \u00e0 diff\u00e9rentes techniques de s\u00e9rigraphie. Nous vous proposons les services suivants : S\u00e9rigraphie textile et num\u00e9rique &#8211; Broderie &#8211; [&hellip;]<\/p>\n","protected":false},"author":91,"featured_media":0,"parent":0,"menu_order":0,"comment_status":"closed","ping_status":"closed","template":"template-full-width.php","meta":{"footnotes":""},"class_list":["post-22548","page","type-page","status-publish","hentry"],"translation":{"provider":"WPGlobus","version":"3.0.2","language":"en","enabled_languages":["fr","en"],"languages":{"fr":{"title":true,"content":true,"excerpt":false},"en":{"title":false,"content":false,"excerpt":false}}},"aioseo_notices":[],"_links":{"self":[{"href":"https:\/\/persoclo.fr\/en\/wp-json\/wp\/v2\/pages\/22548","targetHints":{"allow":["GET"]}}],"collection":[{"href":"https:\/\/persoclo.fr\/en\/wp-json\/wp\/v2\/pages"}],"about":[{"href":"https:\/\/persoclo.fr\/en\/wp-json\/wp\/v2\/types\/page"}],"author":[{"embeddable":true,"href":"https:\/\/persoclo.fr\/en\/wp-json\/wp\/v2\/users\/91"}],"replies":[{"embeddable":true,"href":"https:\/\/persoclo.fr\/en\/wp-json\/wp\/v2\/comments?post=22548"}],"version-history":[{"count":9,"href":"https:\/\/persoclo.fr\/en\/wp-json\/wp\/v2\/pages\/22548\/revisions"}],"predecessor-version":[{"id":22556,"href":"https:\/\/persoclo.fr\/en\/wp-json\/wp\/v2\/pages\/22548\/revisions\/22556"}],"wp:attachment":[{"href":"https:\/\/persoclo.fr\/en\/wp-json\/wp\/v2\/media?parent=22548"}],"curies":[{"name":"wp","href":"https:\/\/api.w.org\/{rel}","templated":true}]}}