{"id":22391,"date":"2020-08-21T05:29:12","date_gmt":"2020-08-21T04:29:12","guid":{"rendered":"https:\/\/persoclo.fr\/?page_id=22391"},"modified":"2021-05-11T10:14:45","modified_gmt":"2021-05-11T09:14:45","slug":"le-studio-des-parfums","status":"publish","type":"page","link":"https:\/\/persoclo.fr\/en\/le-studio-des-parfums\/","title":{"rendered":"Le Studio des Parfums"},"content":{"rendered":"<div id=\"pl-22391\"  class=\"panel-layout\" ><div id=\"pg-22391-0\"  class=\"panel-grid panel-has-style\" ><div class=\"panel-row-style panel-row-style-for-22391-0\" ><div id=\"pgc-22391-0-0\"  class=\"panel-grid-cell\" ><div id=\"panel-22391-0-0-0\" class=\"so-panel widget widget_sow-editor panel-first-child panel-last-child\" data-index=\"0\" ><div\n\t\t\t\n\t\t\tclass=\"so-widget-sow-editor so-widget-sow-editor-base\"\n\t\t\t\n\t\t>\n<div class=\"siteorigin-widget-tinymce textwidget\">\n\t<p style=\"text-align: center;\"><span style=\"font-size: 14pt;\"><strong>Parfumerie-Cr\u00e9ation-Personnalisation-Formation<\/strong><\/span><\/p>\n<p style=\"text-align: center;\"><span style=\"font-size: 14pt;\"><img loading=\"lazy\" decoding=\"async\" class=\"wp-image-22390 aligncenter\" src=\"https:\/\/persoclo.fr\/wp-content\/uploads\/2020\/08\/Parfumerie.png\" alt=\"\" width=\"187\" height=\"122\" \/><\/span><\/p>\n<p style=\"text-align: center;\"><span style=\"font-size: 14pt;\"><strong>L\u2019art du savoir fran\u00e7ais \u00e0 votre port\u00e9e.<\/strong><\/span><\/p>\n<p style=\"text-align: center;\"><span style=\"font-size: 14pt;\">Seul ou en groupe, le temps de quelques heures, devenez l\u2019architecte de votre signature olfactive, le cr\u00e9ateur d\u2019une \u0153uvre qui VOUS repr\u00e9sente et que vous pourrez recommander \u00e0 loisir, en somme,\u00a0<strong>devenez parfumeur !<\/strong><\/span><\/p>\n<p style=\"text-align: center;\"><span style=\"font-size: 14pt;\">Les sessions peuvent se d\u00e9rouler en fran\u00e7ais ou en anglais.<\/span><\/p>\n<\/div>\n<\/div><\/div><\/div><\/div><\/div><div id=\"pg-22391-1\"  class=\"panel-grid panel-has-style\" ><div class=\"panel-row-style panel-row-style-for-22391-1\" ><div id=\"pgc-22391-1-0\"  class=\"panel-grid-cell\" ><div id=\"panel-22391-1-0-0\" class=\"so-panel widget widget_sow-editor panel-first-child panel-last-child\" data-index=\"1\" ><div\n\t\t\t\n\t\t\tclass=\"so-widget-sow-editor so-widget-sow-editor-base\"\n\t\t\t\n\t\t>\n<div class=\"siteorigin-widget-tinymce textwidget\">\n\t<h3 style=\"text-align: center;\"><img loading=\"lazy\" decoding=\"async\" class=\"aligncenter  wp-image-22785\" src=\"https:\/\/persoclo.fr\/wp-content\/uploads\/2020\/09\/Icone-realisation.png\" alt=\"\" width=\"280\" height=\"80\" srcset=\"https:\/\/persoclo.fr\/wp-content\/uploads\/2020\/09\/Icone-realisation.png 395w, https:\/\/persoclo.fr\/wp-content\/uploads\/2020\/09\/Icone-realisation-300x86.png 300w\" sizes=\"auto, (max-width: 280px) 100vw, 280px\" \/><\/h3>\n<p style=\"text-align: center;\"><div id=\"envira-gallery-wrap-22406\" class=\"envira-gallery-wrap envira-gallery-theme-base envira-lightbox-theme-base\" itemscope itemtype=\"https:\/\/schema.org\/ImageGallery\"><div data-row-height=\"\" data-gallery-theme=\"\" id=\"envira-gallery-22406\" class=\"envira-gallery-public  envira-gallery-3-columns envira-clear enviratope envira-gallery-css-animations\" data-envira-columns=\"3\"><div id=\"envira-gallery-item-22407\" class=\"envira-gallery-item enviratope-item envira-gallery-item-1 envira-lazy-load\" style=\"padding-left: 3px; padding-bottom: 5px; padding-right: 3px;\"  itemscope itemtype=\"https:\/\/schema.org\/ImageObject\"><div class=\"envira-gallery-item-inner\"><div class=\"envira-gallery-position-overlay  envira-gallery-top-left\"><\/div><div class=\"envira-gallery-position-overlay  envira-gallery-top-right\"><\/div><div class=\"envira-gallery-position-overlay  envira-gallery-bottom-left\"><\/div><div class=\"envira-gallery-position-overlay  envira-gallery-bottom-right\"><\/div><a href=\"https:\/\/persoclo.fr\/wp-content\/uploads\/2020\/08\/atelier-creation1.jpg\" class=\"envira-gallery-22406 envira-gallery-link\" rel=\"enviragallery22406\" title=\"Le Studio des Parfums\" data-envira-caption=\"Le Studio des Parfums\" data-envira-retina=\"\" data-thumbnail=\"\"  itemprop=\"contentUrl\"><div class=\"envira-lazy\" data-test-width=\"640\" data-test-height=\"480\" style=\"padding-bottom:75%;\"><img decoding=\"async\" id=\"envira-gallery-image-22407\" class=\"envira-gallery-image envira-gallery-image-1\" data-envira-index=\"1\" src=\"https:\/\/persoclo.fr\/wp-content\/uploads\/2020\/08\/atelier-creation1.jpg\" data-envira-src=\"https:\/\/persoclo.fr\/wp-content\/uploads\/2020\/08\/atelier-creation1.jpg\" data-envira-gallery-id=\"22406\" data-envira-item-id=\"22407\" data-envira-caption=\"Le Studio des Parfums\" alt=\"Le Studio des Parfums\" title=\"Le Studio des Parfums\"  itemprop=\"thumbnailUrl\" data-envira-srcset=\"https:\/\/persoclo.fr\/wp-content\/uploads\/2020\/08\/atelier-creation1.jpg 400w,https:\/\/persoclo.fr\/wp-content\/uploads\/2020\/08\/atelier-creation1.jpg 2x\" srcset=\"data:image\/gif;base64,R0lGODlhAQABAIAAAP\/\/\/\/\/\/\/yH5BAEKAAEALAAAAAABAAEAAAICTAEAOw==\" \/><\/div><\/a><\/div><\/div><div id=\"envira-gallery-item-22408\" class=\"envira-gallery-item enviratope-item envira-gallery-item-2 envira-lazy-load\" style=\"padding-left: 3px; padding-bottom: 5px; padding-right: 3px;\"  itemscope itemtype=\"https:\/\/schema.org\/ImageObject\"><div class=\"envira-gallery-item-inner\"><div class=\"envira-gallery-position-overlay  envira-gallery-top-left\"><\/div><div class=\"envira-gallery-position-overlay  envira-gallery-top-right\"><\/div><div class=\"envira-gallery-position-overlay  envira-gallery-bottom-left\"><\/div><div class=\"envira-gallery-position-overlay  envira-gallery-bottom-right\"><\/div><a href=\"https:\/\/persoclo.fr\/wp-content\/uploads\/2020\/08\/home-9-rev-img-1-CROPP.png\" class=\"envira-gallery-22406 envira-gallery-link\" rel=\"enviragallery22406\" title=\"Le Studio des Parfums\" data-envira-caption=\"Le Studio des Parfums\" data-envira-retina=\"\" data-thumbnail=\"\"  itemprop=\"contentUrl\"><div class=\"envira-lazy\" data-test-width=\"640\" data-test-height=\"480\" style=\"padding-bottom:75%;\"><img decoding=\"async\" id=\"envira-gallery-image-22408\" class=\"envira-gallery-image envira-gallery-image-2\" data-envira-index=\"2\" src=\"https:\/\/persoclo.fr\/wp-content\/uploads\/2020\/08\/home-9-rev-img-1-CROPP-150x150.png\" data-envira-src=\"https:\/\/persoclo.fr\/wp-content\/uploads\/2020\/08\/home-9-rev-img-1-CROPP-150x150.png\" data-envira-gallery-id=\"22406\" data-envira-item-id=\"22408\" data-envira-caption=\"Le Studio des Parfums\" alt=\"Le Studio des Parfums\" title=\"Le Studio des Parfums\"  itemprop=\"thumbnailUrl\" data-envira-srcset=\"https:\/\/persoclo.fr\/wp-content\/uploads\/2020\/08\/home-9-rev-img-1-CROPP-150x150.png 400w,https:\/\/persoclo.fr\/wp-content\/uploads\/2020\/08\/home-9-rev-img-1-CROPP-150x150.png 2x\" srcset=\"data:image\/gif;base64,R0lGODlhAQABAIAAAP\/\/\/\/\/\/\/yH5BAEKAAEALAAAAAABAAEAAAICTAEAOw==\" \/><\/div><\/a><\/div><\/div><div id=\"envira-gallery-item-22409\" class=\"envira-gallery-item enviratope-item envira-gallery-item-3 envira-lazy-load\" style=\"padding-left: 3px; padding-bottom: 5px; padding-right: 3px;\"  itemscope itemtype=\"https:\/\/schema.org\/ImageObject\"><div class=\"envira-gallery-item-inner\"><div class=\"envira-gallery-position-overlay  envira-gallery-top-left\"><\/div><div class=\"envira-gallery-position-overlay  envira-gallery-top-right\"><\/div><div class=\"envira-gallery-position-overlay  envira-gallery-bottom-left\"><\/div><div class=\"envira-gallery-position-overlay  envira-gallery-bottom-right\"><\/div><a href=\"https:\/\/persoclo.fr\/wp-content\/uploads\/2020\/08\/famille.jpg\" class=\"envira-gallery-22406 envira-gallery-link\" rel=\"enviragallery22406\" title=\"Le Studio des Parfums\" data-envira-caption=\"Le Studio des Parfums\" data-envira-retina=\"\" data-thumbnail=\"\"  itemprop=\"contentUrl\"><div class=\"envira-lazy\" data-test-width=\"640\" data-test-height=\"480\" style=\"padding-bottom:75%;\"><img decoding=\"async\" id=\"envira-gallery-image-22409\" class=\"envira-gallery-image envira-gallery-image-3\" data-envira-index=\"3\" src=\"https:\/\/persoclo.fr\/wp-content\/uploads\/2020\/08\/famille-150x150.jpg\" data-envira-src=\"https:\/\/persoclo.fr\/wp-content\/uploads\/2020\/08\/famille-150x150.jpg\" data-envira-gallery-id=\"22406\" data-envira-item-id=\"22409\" data-envira-caption=\"Le Studio des Parfums\" alt=\"Le Studio des Parfums\" title=\"Le Studio des Parfums\"  itemprop=\"thumbnailUrl\" data-envira-srcset=\"https:\/\/persoclo.fr\/wp-content\/uploads\/2020\/08\/famille-150x150.jpg 400w,https:\/\/persoclo.fr\/wp-content\/uploads\/2020\/08\/famille-150x150.jpg 2x\" srcset=\"data:image\/gif;base64,R0lGODlhAQABAIAAAP\/\/\/\/\/\/\/yH5BAEKAAEALAAAAAABAAEAAAICTAEAOw==\" \/><\/div><\/a><\/div><\/div><div id=\"envira-gallery-item-22410\" class=\"envira-gallery-item enviratope-item envira-gallery-item-4 envira-lazy-load\" style=\"padding-left: 3px; padding-bottom: 5px; padding-right: 3px;\"  itemscope itemtype=\"https:\/\/schema.org\/ImageObject\"><div class=\"envira-gallery-item-inner\"><div class=\"envira-gallery-position-overlay  envira-gallery-top-left\"><\/div><div class=\"envira-gallery-position-overlay  envira-gallery-top-right\"><\/div><div class=\"envira-gallery-position-overlay  envira-gallery-bottom-left\"><\/div><div class=\"envira-gallery-position-overlay  envira-gallery-bottom-right\"><\/div><a href=\"https:\/\/persoclo.fr\/wp-content\/uploads\/2020\/08\/lrd.png\" class=\"envira-gallery-22406 envira-gallery-link\" rel=\"enviragallery22406\" title=\"Le Studio des Parfums\" data-envira-caption=\"Le Studio des Parfums\" data-envira-retina=\"\" data-thumbnail=\"\"  itemprop=\"contentUrl\"><div class=\"envira-lazy\" data-test-width=\"640\" data-test-height=\"480\" style=\"padding-bottom:75%;\"><img decoding=\"async\" id=\"envira-gallery-image-22410\" class=\"envira-gallery-image envira-gallery-image-4\" data-envira-index=\"4\" src=\"https:\/\/persoclo.fr\/wp-content\/uploads\/2020\/08\/lrd-150x150.png\" data-envira-src=\"https:\/\/persoclo.fr\/wp-content\/uploads\/2020\/08\/lrd-150x150.png\" data-envira-gallery-id=\"22406\" data-envira-item-id=\"22410\" data-envira-caption=\"Le Studio des Parfums\" alt=\"Le Studio des Parfums\" title=\"Le Studio des Parfums\"  itemprop=\"thumbnailUrl\" data-envira-srcset=\"https:\/\/persoclo.fr\/wp-content\/uploads\/2020\/08\/lrd-150x150.png 400w,https:\/\/persoclo.fr\/wp-content\/uploads\/2020\/08\/lrd-150x150.png 2x\" srcset=\"data:image\/gif;base64,R0lGODlhAQABAIAAAP\/\/\/\/\/\/\/yH5BAEKAAEALAAAAAABAAEAAAICTAEAOw==\" \/><\/div><\/a><\/div><\/div><div id=\"envira-gallery-item-22411\" class=\"envira-gallery-item enviratope-item envira-gallery-item-5 envira-lazy-load\" style=\"padding-left: 3px; padding-bottom: 5px; padding-right: 3px;\"  itemscope itemtype=\"https:\/\/schema.org\/ImageObject\"><div class=\"envira-gallery-item-inner\"><div class=\"envira-gallery-position-overlay  envira-gallery-top-left\"><\/div><div class=\"envira-gallery-position-overlay  envira-gallery-top-right\"><\/div><div class=\"envira-gallery-position-overlay  envira-gallery-bottom-left\"><\/div><div class=\"envira-gallery-position-overlay  envira-gallery-bottom-right\"><\/div><a href=\"https:\/\/persoclo.fr\/wp-content\/uploads\/2020\/08\/len.png\" class=\"envira-gallery-22406 envira-gallery-link\" rel=\"enviragallery22406\" title=\"Le Studio des Parfums\" data-envira-caption=\"Le Studio des Parfums\" data-envira-retina=\"\" data-thumbnail=\"\"  itemprop=\"contentUrl\"><div class=\"envira-lazy\" data-test-width=\"640\" data-test-height=\"480\" style=\"padding-bottom:75%;\"><img decoding=\"async\" id=\"envira-gallery-image-22411\" class=\"envira-gallery-image envira-gallery-image-5\" data-envira-index=\"5\" src=\"https:\/\/persoclo.fr\/wp-content\/uploads\/2020\/08\/len-150x150.png\" data-envira-src=\"https:\/\/persoclo.fr\/wp-content\/uploads\/2020\/08\/len-150x150.png\" data-envira-gallery-id=\"22406\" data-envira-item-id=\"22411\" data-envira-caption=\"Le Studio des Parfums\" alt=\"Le Studio des Parfums\" title=\"Le Studio des Parfums\"  itemprop=\"thumbnailUrl\" data-envira-srcset=\"https:\/\/persoclo.fr\/wp-content\/uploads\/2020\/08\/len-150x150.png 400w,https:\/\/persoclo.fr\/wp-content\/uploads\/2020\/08\/len-150x150.png 2x\" srcset=\"data:image\/gif;base64,R0lGODlhAQABAIAAAP\/\/\/\/\/\/\/yH5BAEKAAEALAAAAAABAAEAAAICTAEAOw==\" \/><\/div><\/a><\/div><\/div><div id=\"envira-gallery-item-22412\" class=\"envira-gallery-item enviratope-item envira-gallery-item-6 envira-lazy-load\" style=\"padding-left: 3px; padding-bottom: 5px; padding-right: 3px;\"  itemscope itemtype=\"https:\/\/schema.org\/ImageObject\"><div class=\"envira-gallery-item-inner\"><div class=\"envira-gallery-position-overlay  envira-gallery-top-left\"><\/div><div class=\"envira-gallery-position-overlay  envira-gallery-top-right\"><\/div><div class=\"envira-gallery-position-overlay  envira-gallery-bottom-left\"><\/div><div class=\"envira-gallery-position-overlay  envira-gallery-bottom-right\"><\/div><a href=\"https:\/\/persoclo.fr\/wp-content\/uploads\/2020\/08\/lr.png\" class=\"envira-gallery-22406 envira-gallery-link\" rel=\"enviragallery22406\" title=\"Le Studio des Parfums\" data-envira-caption=\"Le Studio des Parfums\" data-envira-retina=\"\" data-thumbnail=\"\"  itemprop=\"contentUrl\"><div class=\"envira-lazy\" data-test-width=\"640\" data-test-height=\"480\" style=\"padding-bottom:75%;\"><img decoding=\"async\" id=\"envira-gallery-image-22412\" class=\"envira-gallery-image envira-gallery-image-6\" data-envira-index=\"6\" src=\"https:\/\/persoclo.fr\/wp-content\/uploads\/2020\/08\/lr-150x150.png\" data-envira-src=\"https:\/\/persoclo.fr\/wp-content\/uploads\/2020\/08\/lr-150x150.png\" data-envira-gallery-id=\"22406\" data-envira-item-id=\"22412\" data-envira-caption=\"Le Studio des Parfums\" alt=\"Le Studio des Parfums\" title=\"Le Studio des Parfums\"  itemprop=\"thumbnailUrl\" data-envira-srcset=\"https:\/\/persoclo.fr\/wp-content\/uploads\/2020\/08\/lr-150x150.png 400w,https:\/\/persoclo.fr\/wp-content\/uploads\/2020\/08\/lr-150x150.png 2x\" srcset=\"data:image\/gif;base64,R0lGODlhAQABAIAAAP\/\/\/\/\/\/\/yH5BAEKAAEALAAAAAABAAEAAAICTAEAOw==\" \/><\/div><\/a><\/div><\/div><\/div><\/div><noscript><img decoding=\"async\" src=\"https:\/\/persoclo.fr\/wp-content\/uploads\/2020\/08\/atelier-creation1.jpg\" alt=\"Le Studio des Parfums\" \/><img decoding=\"async\" src=\"https:\/\/persoclo.fr\/wp-content\/uploads\/2020\/08\/home-9-rev-img-1-CROPP.png\" alt=\"Le Studio des Parfums\" \/><img decoding=\"async\" src=\"https:\/\/persoclo.fr\/wp-content\/uploads\/2020\/08\/famille.jpg\" alt=\"Le Studio des Parfums\" \/><img decoding=\"async\" src=\"https:\/\/persoclo.fr\/wp-content\/uploads\/2020\/08\/lrd.png\" alt=\"Le Studio des Parfums\" \/><img decoding=\"async\" src=\"https:\/\/persoclo.fr\/wp-content\/uploads\/2020\/08\/len.png\" alt=\"Le Studio des Parfums\" \/><img decoding=\"async\" src=\"https:\/\/persoclo.fr\/wp-content\/uploads\/2020\/08\/lr.png\" alt=\"Le Studio des Parfums\" \/><\/noscript><\/p>\n<\/div>\n<\/div><\/div><\/div><\/div><\/div><div id=\"pg-22391-2\"  class=\"panel-grid panel-has-style\" ><div class=\"siteorigin-panels-stretch panel-row-style panel-row-style-for-22391-2\" data-stretch-type=\"full-stretched\" ><div id=\"pgc-22391-2-0\"  class=\"panel-grid-cell\" ><div id=\"panel-22391-2-0-0\" class=\"so-panel widget widget_sow-editor panel-first-child panel-last-child\" data-index=\"2\" ><div\n\t\t\t\n\t\t\tclass=\"so-widget-sow-editor so-widget-sow-editor-base\"\n\t\t\t\n\t\t>\n<div class=\"siteorigin-widget-tinymce textwidget\">\n\t<p style=\"text-align: center;\">\t\t<div id=\"instagram-gallery-feed-35\" class=\"instagram-gallery-feed\" data-feed=\"{&quot;id&quot;:35,&quot;account_id&quot;:&quot;17841402794725486&quot;,&quot;source&quot;:&quot;tag&quot;,&quot;tag&quot;:&quot;lesstudiodesparfums&quot;,&quot;order_by&quot;:&quot;top_media&quot;,&quot;layout&quot;:&quot;carousel&quot;,&quot;limit&quot;:12,&quot;columns&quot;:3,&quot;spacing&quot;:10,&quot;lazy&quot;:true,&quot;responsive&quot;:{&quot;desktop&quot;:{&quot;columns&quot;:3,&quot;spacing&quot;:10},&quot;tablet&quot;:{&quot;columns&quot;:2,&quot;spacing&quot;:8},&quot;mobile&quot;:{&quot;columns&quot;:1,&quot;spacing&quot;:6},&quot;breakpoints&quot;:{&quot;tablet&quot;:768,&quot;mobile&quot;:480}},&quot;aspect_ratio&quot;:{&quot;width&quot;:1,&quot;height&quot;:1},&quot;highlight&quot;:{&quot;tag&quot;:&quot;&quot;,&quot;id&quot;:&quot;&quot;,&quot;position&quot;:&quot;&quot;},&quot;reel&quot;:{&quot;hide&quot;:false},&quot;copyright&quot;:{&quot;hide&quot;:false,&quot;placeholder&quot;:&quot;&quot;},&quot;profile&quot;:{&quot;display&quot;:false,&quot;username&quot;:&quot;&quot;,&quot;nickname&quot;:&quot;&quot;,&quot;website&quot;:&quot;&quot;,&quot;biography&quot;:&quot;&quot;,&quot;link_text&quot;:&quot;Follow&quot;,&quot;website_text&quot;:&quot;Website&quot;,&quot;avatar&quot;:&quot;&quot;},&quot;box&quot;:{&quot;display&quot;:false,&quot;padding&quot;:1,&quot;radius&quot;:0,&quot;background&quot;:&quot;#fefefe&quot;,&quot;profile&quot;:false,&quot;desc&quot;:&quot;&quot;,&quot;text_color&quot;:&quot;#000000&quot;},&quot;mask&quot;:{&quot;display&quot;:true,&quot;background&quot;:&quot;#000000&quot;,&quot;icon_color&quot;:&quot;#ffffff&quot;,&quot;likes_count&quot;:true,&quot;comments_count&quot;:true},&quot;card&quot;:{&quot;display&quot;:false,&quot;radius&quot;:1,&quot;font_size&quot;:12,&quot;background&quot;:&quot;#ffffff&quot;,&quot;background_hover&quot;:&quot;&quot;,&quot;text_color&quot;:&quot;#000000&quot;,&quot;padding&quot;:5,&quot;likes_count&quot;:true,&quot;text_length&quot;:10,&quot;comments_count&quot;:true,&quot;text_align&quot;:&quot;left&quot;},&quot;carousel&quot;:{&quot;centered_slides&quot;:false,&quot;autoplay&quot;:false,&quot;autoplay_interval&quot;:3000,&quot;navarrows&quot;:true,&quot;navarrows_color&quot;:&quot;&quot;,&quot;pagination&quot;:true,&quot;pagination_color&quot;:&quot;&quot;},&quot;modal&quot;:{&quot;display&quot;:true,&quot;profile&quot;:false,&quot;media_description&quot;:true,&quot;likes_count&quot;:true,&quot;comments_count&quot;:true,&quot;comments_list&quot;:false,&quot;text_align&quot;:&quot;left&quot;,&quot;modal_align&quot;:&quot;right&quot;,&quot;text_length&quot;:10000,&quot;font_size&quot;:12},&quot;button&quot;:{&quot;display&quot;:false,&quot;text&quot;:&quot;View on Instagram&quot;,&quot;text_color&quot;:&quot;#ffff&quot;,&quot;background&quot;:&quot;&quot;,&quot;background_hover&quot;:&quot;&quot;},&quot;button_load&quot;:{&quot;display&quot;:false,&quot;text&quot;:&quot;Load more...&quot;,&quot;text_color&quot;:&quot;#ffff&quot;,&quot;background&quot;:&quot;&quot;,&quot;background_hover&quot;:&quot;&quot;}}\">\n\t\t<!-- <FeedContainer\/> -->\n\t\t<\/div>\n\t\t<\/p>\n<\/div>\n<\/div><\/div><\/div><\/div><\/div><div id=\"pg-22391-3\"  class=\"panel-grid panel-has-style\" ><div class=\"panel-row-style panel-row-style-for-22391-3\" ><div id=\"pgc-22391-3-0\"  class=\"panel-grid-cell\" ><div class='the_champ_counter_container the_champ_horizontal_counter'><div id=\"panel-22391-3-0-0\" class=\"so-panel widget widget_thechamphorizontalcounter panel-first-child\" data-index=\"3\" ><ul class=\"the_champ_sharing_ul\"><li style=\"padding:7.35px 0 !important\" class=\"the_champ_facebook_like\"><div class=\"fb-like\" data-href=\"https:\/\/persoclo.fr\/en\/wp-json\/wp\/v2\/pages\/22391\" data-layout=\"button_count\" data-action=\"like\" data-show-faces=\"false\" data-share=\"false\"><\/div><\/li><\/ul><div style=\"clear:both\"><\/div><\/div><\/div><div id=\"panel-22391-3-0-1\" class=\"so-panel widget widget_sow-editor panel-last-child\" data-index=\"4\" ><div\n\t\t\t\n\t\t\tclass=\"so-widget-sow-editor so-widget-sow-editor-base\"\n\t\t\t\n\t\t>\n<div class=\"siteorigin-widget-tinymce textwidget\">\n\t<div style=\"\" id=\"the_champ_fb_commenting\"><div class=\"fb-comments\" data-href=\"https:\/\/persoclo.fr\/en\/le-studio-des-parfums\/\" data-numposts=\"0\" data-width=\"100%\" ><\/div><\/div><script type=\"text\/javascript\" src=\"\/\/connect.facebook.net\/en_US\/sdk.js\r\n    \"><\/script><script>FB.init({xfbml:1,version: \"v23.0\"});<\/script>\n<\/div>\n<\/div><\/div><\/div><\/div><\/div><div id=\"pg-22391-4\"  class=\"panel-grid panel-has-style\" ><div class=\"panel-row-style panel-row-style-for-22391-4\" ><div id=\"pgc-22391-4-0\"  class=\"panel-grid-cell\" ><div id=\"panel-22391-4-0-0\" class=\"so-panel widget widget_sow-hero panel-first-child panel-last-child\" data-index=\"5\" ><div\n\t\t\t\n\t\t\tclass=\"so-widget-sow-hero so-widget-sow-hero-default-6e283e92799f-22391 so-widget-fittext-wrapper\"\n\t\t\t data-fit-text-compressor=\"0.85\"\n\t\t>\t\t\t\t<div class=\"sow-slider-base\" style=\"display: none\" tabindex=\"0\">\n\t\t\t\t\t<ul\n\t\t\t\t\tclass=\"sow-slider-images\"\n\t\t\t\t\tdata-settings=\"{&quot;pagination&quot;:true,&quot;speed&quot;:800,&quot;timeout&quot;:8000,&quot;paused&quot;:false,&quot;pause_on_hover&quot;:false,&quot;swipe&quot;:true,&quot;nav_always_show_desktop&quot;:&quot;&quot;,&quot;nav_always_show_mobile&quot;:&quot;&quot;,&quot;breakpoint&quot;:&quot;780px&quot;,&quot;unmute&quot;:false,&quot;anchor&quot;:null}\"\n\t\t\t\t\t\t\t\t\t\tdata-anchor-id=\"\"\n\t\t\t\t>\t\t<li class=\"sow-slider-image  sow-slider-image-cover\" style=\"visibility: visible;;background-color: #ffffff;background-image: url(https:\/\/persoclo.fr\/wp-content\/uploads\/2020\/05\/RUE.png)\" >\n\t\t\t\t\t<div class=\"sow-slider-image-container\">\n\t\t\t<div class=\"sow-slider-image-wrapper\">\n\t\t\t\t<h2 style=\"text-align: center\"><img loading=\"lazy\" decoding=\"async\" class=\"aligncenter size-full wp-image-23510\" src=\"https:\/\/persoclo.fr\/wp-content\/uploads\/2020\/12\/dqsfsd.png\" alt=\"\" width=\"402\" height=\"28\" srcset=\"https:\/\/persoclo.fr\/wp-content\/uploads\/2020\/12\/dqsfsd.png 402w, https:\/\/persoclo.fr\/wp-content\/uploads\/2020\/12\/dqsfsd-400x28.png 400w, https:\/\/persoclo.fr\/wp-content\/uploads\/2020\/12\/dqsfsd-300x21.png 300w\" sizes=\"auto, (max-width: 402px) 100vw, 402px\" \/><\/h2>\n<h2 style=\"text-align: center\"><span style=\"color: #ffffff\"><strong>Je choisis cet artisan<\/strong><\/span><\/h2>\n<div class=\"sow-hero-buttons\" style=\"text-align: center\"><div\n\t\t\t\n\t\t\tclass=\"so-widget-sow-button so-widget-sow-button-wire-404db8f96430\"\n\t\t\t\n\t\t><div class=\"ow-button-base ow-button-align-center\"\n>\n\t\t\t<a\n\t\t\t\t\thref=\"https:\/\/studiodesparfums-paris.fr\/fr\/\"\n\t\t\t\t\tclass=\"sowb-button ow-icon-placement-left ow-button-hover\" target=\"_blank\" rel=\"noopener noreferrer\" \t>\n\t\t<span>\n\t\t\t\n\t\t\tSite Internet\t\t<\/span>\n\t\t\t<\/a>\n\t<\/div>\n<\/div><div\n\t\t\t\n\t\t\tclass=\"so-widget-sow-button so-widget-sow-button-wire-580ba8438cf1\"\n\t\t\t\n\t\t><div class=\"ow-button-base ow-button-align-center\"\n>\n\t\t\t<a\n\t\t\t\t\thref=\"https:\/\/www.google.com\/maps?q=11+rue+du+16+Ao%C3%BBt+1944+60112+TROISSEREUX&#038;rlz=1C1PDZP_frFR730FR741&#038;um=1&#038;ie=UTF-8&#038;sa=X&#038;ved=2ahUKEwiwrvWP4JnuAhWt3eAKHckVDyEQ_AUoAXoECAUQAw\"\n\t\t\t\t\tclass=\"sowb-button ow-icon-placement-left ow-button-hover\" target=\"_blank\" rel=\"noopener noreferrer\" \t>\n\t\t<span>\n\t\t\t\n\t\t\tAdresse\t\t<\/span>\n\t\t\t<\/a>\n\t<\/div>\n<\/div><div\n\t\t\t\n\t\t\tclass=\"so-widget-sow-button so-widget-sow-button-wire-580ba8438cf1\"\n\t\t\t\n\t\t><div class=\"ow-button-base ow-button-align-center\"\n>\n\t\t\t<a\n\t\t\t\t\thref=\"tel:+33140299084\"\n\t\t\t\t\tclass=\"sowb-button ow-icon-placement-left ow-button-hover\" target=\"_blank\" rel=\"noopener noreferrer\" \t>\n\t\t<span>\n\t\t\t\n\t\t\tT\u00e9l\u00e9phone\t\t<\/span>\n\t\t\t<\/a>\n\t<\/div>\n<\/div><\/div>\n<p><img loading=\"lazy\" decoding=\"async\" class=\"aligncenter size-full wp-image-23510\" src=\"https:\/\/persoclo.fr\/wp-content\/uploads\/2020\/12\/dqsfsd.png\" alt=\"\" width=\"402\" height=\"28\" srcset=\"https:\/\/persoclo.fr\/wp-content\/uploads\/2020\/12\/dqsfsd.png 402w, https:\/\/persoclo.fr\/wp-content\/uploads\/2020\/12\/dqsfsd-400x28.png 400w, https:\/\/persoclo.fr\/wp-content\/uploads\/2020\/12\/dqsfsd-300x21.png 300w\" sizes=\"auto, (max-width: 402px) 100vw, 402px\" \/><\/p>\n\t\t\t<\/div>\n\t\t<\/div>\n\t\t\t\t<\/li>\n\t\t<\/ul>\t\t\t\t<ol class=\"sow-slider-pagination\">\n\t\t\t\t\t\t\t\t\t\t\t<li><a href=\"#\" data-goto=\"0\" aria-label=\"Display slide 1\"><\/a><\/li>\n\t\t\t\t\t\t\t\t\t<\/ol>\n\n\t\t\t\t<div class=\"sow-slide-nav sow-slide-nav-next\">\n\t\t\t\t\t<a href=\"#\" data-goto=\"next\" aria-label=\"Next slide\" data-action=\"next\">\n\t\t\t\t\t\t<em class=\"sow-sld-icon-thin-right\"><\/em>\n\t\t\t\t\t<\/a>\n\t\t\t\t<\/div>\n\n\t\t\t\t<div class=\"sow-slide-nav sow-slide-nav-prev\">\n\t\t\t\t\t<a href=\"#\" data-goto=\"previous\" aria-label=\"Previous slide\" data-action=\"prev\">\n\t\t\t\t\t\t<em class=\"sow-sld-icon-thin-left\"><\/em>\n\t\t\t\t\t<\/a>\n\t\t\t\t<\/div>\n\t\t\t\t<\/div><\/div><\/div><\/div><\/div><\/div><\/div>","protected":false},"excerpt":{"rendered":"<p>Parfumerie-Cr\u00e9ation-Personnalisation-Formation L\u2019art du savoir fran\u00e7ais \u00e0 votre port\u00e9e. Seul ou en groupe, le temps de quelques heures, devenez l\u2019architecte de votre signature olfactive, le cr\u00e9ateur d\u2019une \u0153uvre qui VOUS repr\u00e9sente [&hellip;]<\/p>\n","protected":false},"author":91,"featured_media":0,"parent":0,"menu_order":0,"comment_status":"closed","ping_status":"closed","template":"template-full-width.php","meta":{"footnotes":""},"class_list":["post-22391","page","type-page","status-publish","hentry"],"translation":{"provider":"WPGlobus","version":"3.0.2","language":"en","enabled_languages":["fr","en"],"languages":{"fr":{"title":true,"content":true,"excerpt":false},"en":{"title":false,"content":false,"excerpt":false}}},"aioseo_notices":[],"_links":{"self":[{"href":"https:\/\/persoclo.fr\/en\/wp-json\/wp\/v2\/pages\/22391","targetHints":{"allow":["GET"]}}],"collection":[{"href":"https:\/\/persoclo.fr\/en\/wp-json\/wp\/v2\/pages"}],"about":[{"href":"https:\/\/persoclo.fr\/en\/wp-json\/wp\/v2\/types\/page"}],"author":[{"embeddable":true,"href":"https:\/\/persoclo.fr\/en\/wp-json\/wp\/v2\/users\/91"}],"replies":[{"embeddable":true,"href":"https:\/\/persoclo.fr\/en\/wp-json\/wp\/v2\/comments?post=22391"}],"version-history":[{"count":25,"href":"https:\/\/persoclo.fr\/en\/wp-json\/wp\/v2\/pages\/22391\/revisions"}],"predecessor-version":[{"id":23667,"href":"https:\/\/persoclo.fr\/en\/wp-json\/wp\/v2\/pages\/22391\/revisions\/23667"}],"wp:attachment":[{"href":"https:\/\/persoclo.fr\/en\/wp-json\/wp\/v2\/media?parent=22391"}],"curies":[{"name":"wp","href":"https:\/\/api.w.org\/{rel}","templated":true}]}}