{"id":22081,"date":"2020-07-03T17:57:16","date_gmt":"2020-07-03T16:57:16","guid":{"rendered":"https:\/\/persoclo.fr\/?page_id=22081"},"modified":"2020-12-31T19:47:17","modified_gmt":"2020-12-31T18:47:17","slug":"liste","status":"publish","type":"page","link":"https:\/\/persoclo.fr\/en\/reutiliser\/retoucher\/liste\/","title":{"rendered":"Liste"},"content":{"rendered":"<div id=\"pl-22081\"  class=\"panel-layout\" ><div id=\"pg-22081-0\"  class=\"panel-grid panel-has-style\" ><div class=\"panel-row-style panel-row-style-for-22081-0\" ><div id=\"pgc-22081-0-0\"  class=\"panel-grid-cell\" ><div id=\"panel-22081-0-0-0\" class=\"so-panel widget widget_sow-editor panel-first-child panel-last-child\" data-index=\"0\" ><div\n\t\t\t\n\t\t\tclass=\"so-widget-sow-editor so-widget-sow-editor-base\"\n\t\t\t\n\t\t>\n<div class=\"siteorigin-widget-tinymce textwidget\">\n\t<p style=\"text-align: center;\"><\/p>\n<\/div>\n<\/div><\/div><\/div><\/div><\/div><div id=\"pg-22081-1\"  class=\"panel-grid panel-no-style\" ><div id=\"pgc-22081-1-0\"  class=\"panel-grid-cell\" ><div id=\"panel-22081-1-0-0\" class=\"so-panel widget widget_sow-editor panel-first-child panel-last-child\" data-index=\"1\" ><div\n\t\t\t\n\t\t\tclass=\"so-widget-sow-editor so-widget-sow-editor-base\"\n\t\t\t\n\t\t>\n<div class=\"siteorigin-widget-tinymce textwidget\">\n\t      <div id=\"post-grid-lazy-19863\" class=\"post-grid-lazy\"><img decoding=\"async\" alt=\"\" src=\"\" \/><\/div>\n    <script>\n      jQuery('#post-grid-lazy-19863').ready(function($) {\n        $('#post-grid-lazy-19863').fadeOut();\n        $('#post-grid-19863   ').fadeIn();\n      })\n    <\/script>\n    <style type=\"text\/css\">\n      #post-grid-19863 {\n        display: none;\n      }\n\n      .post-grid-lazy {\n        text-align: center;\n      }\n    <\/style>\n    <div data-options='{&quot;id&quot;:&quot;19863&quot;,&quot;lazy_load&quot;:&quot;yes&quot;,&quot;masonry_enable&quot;:&quot;no&quot;,&quot;view_type&quot;:&quot;grid&quot;}' id=\"post-grid-19863\" class=\"post-grid grid\">\n      <div class=\"post-grid-search ajax\">\n    <form grid_id=\"19863\" action=\"https:\/\/persoclo.fr\/en\/reutiliser\/retoucher\/liste\/\" method=\"get\">\n        <div class=\"field-wrap field-wrap-keyword\">\n    <span class=\"search-icon\"><i class=\"fas fa-search\"><\/i><\/span>\n    <input grid_id=\"19863\" title=\"Press enter to reset\" class=\"search\" type=\"text\" name=\"keyword\" placeholder=\"...\" value=\"\">\n  <\/div>\n  <div class=\"field-wrap field-wrap-submit\">\n    <input type=\"hidden\" id=\"_wpnonce\" name=\"_wpnonce\" value=\"083e8290a5\" \/>    <input type=\"submit\" value=\"Search\">\n    <span class=\"search-loading\"><\/span>\n  <\/div>\n      <\/form>\n  <\/div>\n\n\n\n    <div class=\"grid-items\">\n      <div class=\"item item-20655 skin flat even 0 \">\n        <div class=\"layer-wrapper layout-21491\">\n          <div class=\"layer-media \"\r\n        id=\"\">\r\n        <div\r\n        class=\"element element_1  element-media \">\r\n        <img decoding=\"async\" src=\"https:\/\/persoclo.fr\/wp-content\/uploads\/2020\/04\/alain-pierre-2-150x150.jpg\" \/>    <\/div>\r\n    <\/div>\r\n    <div class=\"layer-content element_3\"\r\n        id=\"\">\r\n        <div class=\"element element_4  title \">\r\n                    <a target=\"\"\r\n                href=\"https:\/\/persoclo.fr\/en\/alainpierremarchandatelier\/\">Alain Pierre Marchand atelier<\/a>\r\n            <\/div>\r\n    <div class=\"element element_5  excerpt \">\r\n        Couture-Cr\u00e9ation-Retouches            <\/div>\r\n    <\/div>\r\n    <\/div>\n  <\/div><div class=\"item item-21306 skin flat odd 1 \">\n        <div class=\"layer-wrapper layout-21491\">\n          <div class=\"layer-media \"\r\n        id=\"\">\r\n        <div\r\n        class=\"element element_1  element-media \">\r\n        <img decoding=\"async\" src=\"https:\/\/persoclo.fr\/wp-content\/uploads\/2020\/04\/trame.png\" \/>    <\/div>\r\n    <\/div>\r\n    <div class=\"layer-content element_3\"\r\n        id=\"\">\r\n        <div class=\"element element_4  title \">\r\n                    <a target=\"\"\r\n                href=\"https:\/\/persoclo.fr\/en\/atelier-trame\/\">Atelier TRAME<\/a>\r\n            <\/div>\r\n    <div class=\"element element_5  excerpt \">\r\n        Couture-Cr\u00e9er-Personnaliser-Retouches-Formation            <\/div>\r\n    <\/div>\r\n    <\/div>\n  <\/div><div class=\"item item-22733 skin flat even 2 \">\n        <div class=\"layer-wrapper layout-21491\">\n          <div class=\"layer-media \"\r\n        id=\"\">\r\n        <div\r\n        class=\"element element_1  element-media \">\r\n        <img decoding=\"async\" src=\"https:\/\/persoclo.fr\/wp-content\/uploads\/2020\/09\/couture-et-cuirs.png\" \/>    <\/div>\r\n    <\/div>\r\n    <div class=\"layer-content element_3\"\r\n        id=\"\">\r\n        <div class=\"element element_4  title \">\r\n                    <a target=\"\"\r\n                href=\"https:\/\/persoclo.fr\/en\/couture-cuirs\/\">Couture &amp; Cuirs<\/a>\r\n            <\/div>\r\n    <div class=\"element element_5  excerpt \">\r\n        Couture-Cr\u00e9ation-Retouches            <\/div>\r\n    <\/div>\r\n    <\/div>\n  <\/div><div class=\"item item-22692 skin flat odd 3 \">\n        <div class=\"layer-wrapper layout-21491\">\n          <div class=\"layer-media \"\r\n        id=\"\">\r\n        <div\r\n        class=\"element element_1  element-media \">\r\n        <img decoding=\"async\" src=\"https:\/\/persoclo.fr\/wp-content\/uploads\/2020\/09\/delphine-1.png\" \/>    <\/div>\r\n    <\/div>\r\n    <div class=\"layer-content element_3\"\r\n        id=\"\">\r\n        <div class=\"element element_4  title \">\r\n                    <a target=\"\"\r\n                href=\"https:\/\/persoclo.fr\/en\/fagnart-delphine\/\">Fagnart Delphine<\/a>\r\n            <\/div>\r\n    <div class=\"element element_5  excerpt \">\r\n        Couture-Cr\u00e9er-Transformer-Retouches            <\/div>\r\n    <\/div>\r\n    <\/div>\n  <\/div><div class=\"item item-19925 skin flat even 4 \">\n        <div class=\"layer-wrapper layout-21491\">\n          <div class=\"layer-media \"\r\n        id=\"\">\r\n        <div\r\n        class=\"element element_1  element-media \">\r\n        <img decoding=\"async\" src=\"https:\/\/persoclo.fr\/wp-content\/uploads\/2020\/03\/filmose-150x150.jpg\" \/>    <\/div>\r\n    <\/div>\r\n    <div class=\"layer-content element_3\"\r\n        id=\"\">\r\n        <div class=\"element element_4  title \">\r\n                    <a target=\"\"\r\n                href=\"https:\/\/persoclo.fr\/en\/filmoise\/\">FilMoise<\/a>\r\n            <\/div>\r\n    <div class=\"element element_5  excerpt \">\r\n        Couture-Cr\u00e9ation-Retouches            <\/div>\r\n    <\/div>\r\n    <\/div>\n  <\/div><div class=\"item item-23175 skin flat odd 5 \">\n        <div class=\"layer-wrapper layout-21491\">\n          <div class=\"layer-media \"\r\n        id=\"\">\r\n        <div\r\n        class=\"element element_1  element-media \">\r\n        <img decoding=\"async\" src=\"https:\/\/persoclo.fr\/wp-content\/uploads\/2020\/11\/FRANCOIS.png\" \/>    <\/div>\r\n    <\/div>\r\n    <div class=\"layer-content element_3\"\r\n        id=\"\">\r\n        <div class=\"element element_4  title \">\r\n                    <a target=\"\"\r\n                href=\"https:\/\/persoclo.fr\/en\/francois-creation\/\">Francois Creation<\/a>\r\n            <\/div>\r\n    <div class=\"element element_5  excerpt \">\r\n        Couture-Cr\u00e9ation-Retouches            <\/div>\r\n    <\/div>\r\n    <\/div>\n  <\/div><div class=\"item item-19939 skin flat even 6 \">\n        <div class=\"layer-wrapper layout-21491\">\n          <div class=\"layer-media \"\r\n        id=\"\">\r\n        <div\r\n        class=\"element element_1  element-media \">\r\n        <img decoding=\"async\" src=\"https:\/\/persoclo.fr\/wp-content\/uploads\/2020\/03\/atelier-2311-150x150.jpg\" \/>    <\/div>\r\n    <\/div>\r\n    <div class=\"layer-content element_3\"\r\n        id=\"\">\r\n        <div class=\"element element_4  title \">\r\n                    <a target=\"\"\r\n                href=\"https:\/\/persoclo.fr\/en\/latelier2311\/\">L'atelier 2311<\/a>\r\n            <\/div>\r\n    <div class=\"element element_5  excerpt \">\r\n        Maroquinerie-Cr\u00e9er-Personnaliser-Retouches-R\u00e9parer            <\/div>\r\n    <\/div>\r\n    <\/div>\n  <\/div><div class=\"item item-19574 skin flat odd 7 \">\n        <div class=\"layer-wrapper layout-21491\">\n          <div class=\"layer-media \"\r\n        id=\"\">\r\n        <div\r\n        class=\"element element_1  element-media \">\r\n        <img decoding=\"async\" src=\"https:\/\/persoclo.fr\/wp-content\/uploads\/2020\/03\/blogk-300x127.png\" \/>    <\/div>\r\n    <\/div>\r\n    <div class=\"layer-content element_3\"\r\n        id=\"\">\r\n        <div class=\"element element_4  title \">\r\n                    <a target=\"\"\r\n                href=\"https:\/\/persoclo.fr\/en\/latelier-ethan\/\">L'ATELIER ETHAN<\/a>\r\n            <\/div>\r\n    <div class=\"element element_5  excerpt \">\r\n        Couture-Cr\u00e9er-Retouches            <\/div>\r\n    <\/div>\r\n    <\/div>\n  <\/div><div class=\"item item-18858 skin flat even 8 \">\n        <div class=\"layer-wrapper layout-21491\">\n          <div class=\"layer-media \"\r\n        id=\"\">\r\n        <div\r\n        class=\"element element_1  element-media \">\r\n        <img decoding=\"async\" src=\"https:\/\/persoclo.fr\/wp-content\/uploads\/2020\/02\/Reparer-1-150x150.jpg\" \/>    <\/div>\r\n    <\/div>\r\n    <div class=\"layer-content element_3\"\r\n        id=\"\">\r\n        <div class=\"element element_4  title \">\r\n                    <a target=\"\"\r\n                href=\"https:\/\/persoclo.fr\/en\/la-trockette\/\">La Trockette<\/a>\r\n            <\/div>\r\n    <div class=\"element element_5  excerpt \">\r\n        R\u00e9parer-Transformer            <\/div>\r\n    <\/div>\r\n    <\/div>\n  <\/div><div class=\"item item-18814 skin flat odd 9 \">\n        <div class=\"layer-wrapper layout-21491\">\n          <div class=\"layer-media \"\r\n        id=\"\">\r\n        <div\r\n        class=\"element element_1  element-media \">\r\n        <img decoding=\"async\" src=\"https:\/\/persoclo.fr\/wp-content\/uploads\/2020\/03\/couturier-de-picpus-150x150.png\" \/>    <\/div>\r\n    <\/div>\r\n    <div class=\"layer-content element_3\"\r\n        id=\"\">\r\n        <div class=\"element element_4  title \">\r\n                    <a target=\"\"\r\n                href=\"https:\/\/persoclo.fr\/en\/le-couturier-de-picpus\/\">Le Couturier de Picpus<\/a>\r\n            <\/div>\r\n    <div class=\"element element_5  excerpt \">\r\n        Couture-Cr\u00e9ation-Retouches            <\/div>\r\n    <\/div>\r\n    <\/div>\n  <\/div><div class=\"item item-22516 skin flat even 10 \">\n        <div class=\"layer-wrapper layout-21491\">\n          <div class=\"layer-media \"\r\n        id=\"\">\r\n        <div\r\n        class=\"element element_1  element-media \">\r\n        <img decoding=\"async\" src=\"https:\/\/persoclo.fr\/wp-content\/uploads\/2020\/09\/couture-mode.png\" \/>    <\/div>\r\n    <\/div>\r\n    <div class=\"layer-content element_3\"\r\n        id=\"\">\r\n        <div class=\"element element_4  title \">\r\n                    <a target=\"\"\r\n                href=\"https:\/\/persoclo.fr\/en\/ma-mode-couture\/\">Ma Mode Couture<\/a>\r\n            <\/div>\r\n    <div class=\"element element_5  excerpt \">\r\n        Couture-Cr\u00e9ation-Retouches            <\/div>\r\n    <\/div>\r\n    <\/div>\n  <\/div><div class=\"item item-20943 skin flat odd 11 \">\n        <div class=\"layer-wrapper layout-21491\">\n          <div class=\"layer-media \"\r\n        id=\"\">\r\n        <div\r\n        class=\"element element_1  element-media \">\r\n        <img decoding=\"async\" src=\"https:\/\/persoclo.fr\/wp-content\/uploads\/2020\/04\/boite-a-couture.png\" \/>    <\/div>\r\n    <\/div>\r\n    <div class=\"layer-content element_3\"\r\n        id=\"\">\r\n        <div class=\"element element_4  title \">\r\n                    <a target=\"\"\r\n                href=\"https:\/\/persoclo.fr\/en\/ma-petite-boite-a-couture\/\">Ma Petite Bo\u00eete \u00e0 Couture<\/a>\r\n            <\/div>\r\n    <div class=\"element element_5  excerpt \">\r\n        Couture-Cr\u00e9er-Retouches            <\/div>\r\n    <\/div>\r\n    <\/div>\n  <\/div>    <\/div>\n          <style type=\"text\/css\">\r\n            .layout-21491 .element_0 {\r\n                            }\r\n\r\n                    <\/style>\r\n        <style type=\"text\/css\">\r\n        .layout-21491 .element_1 {\r\n            overflow: hidden;\r\n                    }\r\n\r\n        .layout-21491 .element_1 img {\r\n            max-width: 100%;\r\n            height: auto;\r\n        }\r\n\r\n        @media only screen and (min-width: 1024px) {\r\n            .layout-21491 .element_1 {\r\n                height: auto;\r\n                            }\r\n        }\r\n\r\n        @media only screen and (min-width: 768px) and (max-width: 1023px) {\r\n            .layout-21491 .element_1 {\r\n                height: auto;\r\n                            }\r\n        }\r\n\r\n        @media only screen and (min-width: 0px) and (max-width: 767px) {\r\n            .layout-21491 .element_1 {\r\n                height: auto;\r\n                            }\r\n        }\r\n    <\/style>\r\n        <style type=\"text\/css\">\r\n            .layout-21491 .element_3 {\r\n                            }\r\n\r\n                    <\/style>\r\n        <style type=\"text\/css\">\r\n        .layout-21491 .element_4 {\r\n            display: block;font-size: 21px;line-height: normal;padding: 5px 10px;text-align: center;        }\r\n\r\n        .layout-21491 .element_4 a {\r\n            display: block;font-size: 21px;line-height: normal;padding: 5px 10px;text-align: center;        }\r\n    <\/style>\r\n    <style type=\"text\/css\">\r\n        .layout-21491 .element_5 {\r\n            display: block;font-size: 11px;line-height: normal;padding: 5px 10px;text-align: center;        }\r\n\r\n        .layout-21491 .element_5 a {\r\n                    }\r\n    <\/style>\r\n        <style type=\"text\/css\">\n      .layout-21491 a{text-decoration:none}\r\n.layout-21491 {\r\n  vertical-align: top;\r\n}\r\n.layout-21491 .layer-media{}\r\n.layout-21491 .layer-content {\r\n}    <\/style>\n    <script>\n          <\/script>\n    <style type=\"text\/css\">\n    #post-grid-19863 {\n      padding: 10px;\n          }\n\n    #post-grid-19863 .item {\n      padding: 0px;\n      background: #fff;\n          }\n\n    #post-grid-19863 .item .layer-media {\n      height:auto;    }\n\n    @media only screen and (min-width: 0px) and (max-width: 767px) {\n      #post-grid-19863 .grid-items {\n        text-align: center;\n              }\n\n      #post-grid-19863 .item {\n        width: 40%;\n        margin: 10px;\n        display: inline-block;\n        vertical-align: top;\n        height:auto;      }\n    }\n\n    @media only screen and (min-width: 768px) and (max-width: 1023px) {\n      #post-grid-19863 .grid-items {\n        text-align: center;\n              }\n\n      #post-grid-19863 .item {\n        width: 180px;\n        margin: 10px;\n        display: inline-block;\n        vertical-align: top;\n        max-height:auto;      }\n    }\n\n    @media only screen and (min-width: 1024px) {\n      #post-grid-19863 .grid-items {\n        text-align: center;\n              }\n\n      #post-grid-19863 .item {\n        width: 180px;\n        display: inline-block;\n        margin: 10px;\n        vertical-align: top;\n        height:auto;      }\n    }\n\n      <\/style>\n  <\/div>\n\n<\/div>\n<\/div><\/div><\/div><\/div><\/div>","protected":false},"excerpt":{"rendered":"<p>Alain Pierre Marchand atelier Couture-Cr\u00e9ation-Retouches Atelier TRAME Couture-Cr\u00e9er-Personnaliser-Retouches-Formation Couture &amp; Cuirs Couture-Cr\u00e9ation-Retouches Fagnart Delphine Couture-Cr\u00e9er-Transformer-Retouches FilMoise Couture-Cr\u00e9ation-Retouches Francois Creation Couture-Cr\u00e9ation-Retouches L&#8217;atelier 2311 Maroquinerie-Cr\u00e9er-Personnaliser-Retouches-R\u00e9parer L&#8217;ATELIER ETHAN Couture-Cr\u00e9er-Retouches La Trockette R\u00e9parer-Transformer Le [&hellip;]<\/p>\n","protected":false},"author":91,"featured_media":0,"parent":18229,"menu_order":0,"comment_status":"closed","ping_status":"closed","template":"template-full-width.php","meta":{"footnotes":""},"class_list":["post-22081","page","type-page","status-publish","hentry"],"translation":{"provider":"WPGlobus","version":"3.0.2","language":"en","enabled_languages":["fr","en"],"languages":{"fr":{"title":true,"content":true,"excerpt":false},"en":{"title":false,"content":false,"excerpt":false}}},"aioseo_notices":[],"_links":{"self":[{"href":"https:\/\/persoclo.fr\/en\/wp-json\/wp\/v2\/pages\/22081","targetHints":{"allow":["GET"]}}],"collection":[{"href":"https:\/\/persoclo.fr\/en\/wp-json\/wp\/v2\/pages"}],"about":[{"href":"https:\/\/persoclo.fr\/en\/wp-json\/wp\/v2\/types\/page"}],"author":[{"embeddable":true,"href":"https:\/\/persoclo.fr\/en\/wp-json\/wp\/v2\/users\/91"}],"replies":[{"embeddable":true,"href":"https:\/\/persoclo.fr\/en\/wp-json\/wp\/v2\/comments?post=22081"}],"version-history":[{"count":4,"href":"https:\/\/persoclo.fr\/en\/wp-json\/wp\/v2\/pages\/22081\/revisions"}],"predecessor-version":[{"id":22442,"href":"https:\/\/persoclo.fr\/en\/wp-json\/wp\/v2\/pages\/22081\/revisions\/22442"}],"up":[{"embeddable":true,"href":"https:\/\/persoclo.fr\/en\/wp-json\/wp\/v2\/pages\/18229"}],"wp:attachment":[{"href":"https:\/\/persoclo.fr\/en\/wp-json\/wp\/v2\/media?parent=22081"}],"curies":[{"name":"wp","href":"https:\/\/api.w.org\/{rel}","templated":true}]}}