{"id":21843,"date":"2020-05-17T00:44:15","date_gmt":"2020-05-16T23:44:15","guid":{"rendered":"https:\/\/persoclo.fr\/?page_id=21843"},"modified":"2020-12-31T19:47:00","modified_gmt":"2020-12-31T18:47:00","slug":"map","status":"publish","type":"page","link":"https:\/\/persoclo.fr\/en\/reutiliser\/reparer\/map\/","title":{"rendered":"Map"},"content":{"rendered":"<div id=\"pl-21843\"  class=\"panel-layout\" ><div id=\"pg-21843-0\"  class=\"panel-grid panel-has-style\" ><div class=\"panel-row-style panel-row-style-for-21843-0\" ><div id=\"pgc-21843-0-0\"  class=\"panel-grid-cell\" ><div id=\"panel-21843-0-0-0\" class=\"so-panel widget widget_sow-editor panel-first-child\" data-index=\"0\" ><div\n\t\t\t\n\t\t\tclass=\"so-widget-sow-editor so-widget-sow-editor-base\"\n\t\t\t\n\t\t>\n<div class=\"siteorigin-widget-tinymce textwidget\">\n\t<p style=\"text-align: center;\"><\/p>\n<\/div>\n<\/div><\/div><div id=\"panel-21843-0-0-1\" class=\"so-panel widget widget_sow-editor panel-last-child\" data-index=\"1\" ><div\n\t\t\t\n\t\t\tclass=\"so-widget-sow-editor so-widget-sow-editor-base\"\n\t\t\t\n\t\t>\n<div class=\"siteorigin-widget-tinymce textwidget\">\n\t<p style=\"text-align: center;\">\r\n            <style>.wpgmza_table_marker { display: none; }<\/style>\r\n            \r\n            \r\n            <a name='map12'><\/a>\r\n            \r\n            \r\n            <div class=\"wpgmza-store-locator wpgmza_sl_main_div\" data-id=\"12\">\r\n\t<div class=\"wpgmza-address-container wpgmza-form-field wpgmza_sl_query_div\">\r\n\t\t<label class=\"wpgmza-address wpgmza-form-field__label wpgmza-form-field__label--float\" data-name=\"addressLabel\" for=\"addressInput_12\">CP \/ Ville:<\/label>\r\n\t\t<input class=\"wpgmza-address addressInput\" type=\"text\" placeholder=\"Enter a location\" autocomplete=\"off\" data-name=\"defaultAddress\" value=\"\" id=\"addressInput_12\" size=\"20\">\r\n\t<\/div>\r\n\t\r\n\t<div class=\"wpgmza-radius-container wpgmza-form-field wpgmza_sl_radius_div wpgmza-clearfix\">\r\n\t\t<label class=\"wpgmza-radius wpgmza-form-field__label wpgmza-form-field__label--float\" for=\"radiusSelect_12\">\r\n\t\t\tRadius:\t\t<\/label>\r\n\t\t<select class=\"wpgmza-radius wpgmza-form-field__input wpgmza_sl_radius_select\" id=\"radiusSelect_12\"><option class=\"wpgmza-radius wpgmza_sl_select_option\" value=\"1\">1km<\/option><option class=\"wpgmza-radius wpgmza_sl_select_option\" value=\"5\">5km<\/option><option class=\"wpgmza-radius wpgmza_sl_select_option\" value=\"10\" selected>10km<\/option><option class=\"wpgmza-radius wpgmza_sl_select_option\" value=\"25\">25km<\/option><option class=\"wpgmza-radius wpgmza_sl_select_option\" value=\"50\">50km<\/option><option class=\"wpgmza-radius wpgmza_sl_select_option\" value=\"75\">75km<\/option><option class=\"wpgmza-radius wpgmza_sl_select_option\" value=\"100\">100km<\/option><option class=\"wpgmza-radius wpgmza_sl_select_option\" value=\"150\">150km<\/option><option class=\"wpgmza-radius wpgmza_sl_select_option\" value=\"200\">200km<\/option><option class=\"wpgmza-radius wpgmza_sl_select_option\" value=\"300\">300km<\/option><\/select>\r\n\t<\/div>\r\n\t\r\n\t<div class=\"wpgmza-category-filter-container wpgmza-form-field wpgmza_sl_category_div\">\n\t<label class=\"wpgmza-category wpgmza-form-field__label wpgmza-form-field__label--float\" for=\"wpgmza_filter_select\">\n\t\tCategory:\n\t<\/label>\n<select mid=\"12\" id=\"wpgmza_filter_select\" name=\"wpgmza_filter_select\" class=\"wpgmza-form-field__input wpgmza_filter_select_12\"><option value=\"0\">All<\/option><option value=\"2\">&nbsp;Chaussures<\/option><option value=\"6\">&nbsp;Cosm\u00e9tique<\/option><option value=\"8\">&nbsp;Maroquinerie<\/option><option value=\"4\">&nbsp;Objet<\/option><option value=\"3\">&nbsp;V\u00eatements<\/option><\/select><\/div><div class=\"wpgmza-search wpgmza_sl_search_button_div\"><input class=\"wpgmza-search wpgmza_sl_search_button_12\" value=\"Search\" type=\"button\" onclick=\"searchLocations(12)\" mid=\"12\"><\/div>\r\n\t\r\n\t<div class=\"wpgmza-reset wpgmza_sl_reset_button_div\">\n\t<input class=\"wpgmza-reset wpgmza_sl_reset_button_12\" type=\"button\" value=\"Reset\" mid=\"12\" onclick=\"resetLocations(12)\">\n<\/div><div class=\"wpgmza-no-results wpgmza-not-found-msg js-not-found-msg\" style=\"display: none;\">\r\n\t\t<p data-name=\"notFoundMessage\">No results found in this location. Please try again.<\/p>\r\n\t<\/div>\r\n<\/div>\r\n            \r\n            <div class=\"wpgmza_map \"  id=\"wpgmza_map_12\" style=\"display:block; overflow:auto; width:100%; height:400px; float:left;\" data-settings='{\"id\":\"12\",\"map_title\":\"R\\u00e9parer\",\"map_width\":\"100\",\"map_height\":\"400\",\"map_start_lat\":\"47.417376\",\"map_start_lng\":\"2.273228\",\"map_start_location\":\"47.417376,2.273228\",\"map_start_zoom\":\"5\",\"default_marker\":\"\",\"type\":\"1\",\"alignment\":\"4\",\"directions_enabled\":\"0\",\"styling_enabled\":\"0\",\"styling_json\":\"\",\"active\":\"0\",\"kml\":\"\",\"bicycle\":\"0\",\"traffic\":\"0\",\"dbox\":\"1\",\"dbox_width\":\"500\",\"listmarkers\":\"0\",\"listmarkers_advanced\":\"0\",\"filterbycat\":\"0\",\"ugm_enabled\":\"0\",\"ugm_category_enabled\":\"0\",\"fusion\":\"\",\"map_width_type\":\"\\\\%\",\"map_height_type\":\"px\",\"mass_marker_support\":\"0\",\"ugm_access\":\"0\",\"order_markers_by\":\"2\",\"order_markers_choice\":\"1\",\"show_user_location\":\"2\",\"default_to\":\"\",\"other_settings\":{\"store_locator_enabled\":1,\"wpgmza_store_locator_restrict\":\"fr\",\"wpgmza_sl_animation\":\"1\",\"store_locator_hide_before_search\":1,\"store_locator_category\":1,\"store_locator_query_string\":\"CP \\\/ Ville:\",\"store_locator_name_string\":\"Title \\\/ Description:\",\"store_locator_default_address\":\"\",\"store_locator_default_radius\":\"10\",\"store_locator_not_found_message\":\"No results found in this location. Please try again.\",\"store_locator_style\":\"legacy\",\"wpgmza_store_locator_radius_style\":\"legacy\",\"store_locator_search_area\":\"radial\",\"directions_box_style\":\"default\",\"show_distance_from_location\":0,\"map_max_zoom\":\"3\",\"override_users_location_zoom_levels\":\"21\",\"map_min_zoom\":\"21\",\"sl_stroke_color\":\"FF0000\",\"sl_stroke_opacity\":\"0.25\",\"sl_fill_color\":\"FF0000\",\"sl_fill_opacity\":\"0.15\",\"jump_to_nearest_marker_on_initialization\":0,\"automatically_pan_to_users_location\":0,\"override_users_location_zoom_level\":0,\"click_open_link\":2,\"hide_point_of_interest\":false,\"fit_maps_bounds_to_markers\":false,\"fit_maps_bounds_to_markers_after_filtering\":false,\"wpgmza_auto_night\":0,\"transport_layer\":0,\"polygon_labels\":false,\"enable_marker_ratings\":true,\"iw_primary_color\":\"FFFFFF\",\"iw_accent_color\":\"FFFFFF\",\"iw_text_color\":\"000000\",\"wpgmza_iw_type\":\"1\",\"list_markers_by\":\"1\",\"push_in_map\":\"\",\"push_in_map_placement\":\"9\",\"wpgmza_push_in_map_width\":\"\",\"wpgmza_push_in_map_height\":\"\",\"wpgmza_theme_data\":\"[{\\\\\\\"featureType\\\\\\\": \\\\\\\"administrative\\\\\\\",\\\\\\\"elementType\\\\\\\": \\\\\\\"labels.text.fill\\\\\\\",\\\\\\\"stylers\\\\\\\": [{\\\\\\\"color\\\\\\\": \\\\\\\"#444444\\\\\\\"}]},{\\\\\\\"featureType\\\\\\\": \\\\\\\"landscape\\\\\\\",\\\\\\\"elementType\\\\\\\": \\\\\\\"all\\\\\\\",\\\\\\\"stylers\\\\\\\": [{\\\\\\\"color\\\\\\\": \\\\\\\"#f2f2f2\\\\\\\"}]},{\\\\\\\"featureType\\\\\\\": \\\\\\\"poi\\\\\\\",\\\\\\\"elementType\\\\\\\": \\\\\\\"all\\\\\\\",\\\\\\\"stylers\\\\\\\": [{\\\\\\\"visibility\\\\\\\": \\\\\\\"off\\\\\\\"}]},{\\\\\\\"featureType\\\\\\\": \\\\\\\"road\\\\\\\",\\\\\\\"elementType\\\\\\\": \\\\\\\"all\\\\\\\",\\\\\\\"stylers\\\\\\\": [{\\\\\\\"saturation\\\\\\\": -100},{\\\\\\\"lightness\\\\\\\": 45}]},{\\\\\\\"featureType\\\\\\\": \\\\\\\"road.highway\\\\\\\",\\\\\\\"elementType\\\\\\\": \\\\\\\"all\\\\\\\",\\\\\\\"stylers\\\\\\\": [{\\\\\\\"visibility\\\\\\\": \\\\\\\"simplified\\\\\\\"}]},{\\\\\\\"featureType\\\\\\\": \\\\\\\"road.arterial\\\\\\\",\\\\\\\"elementType\\\\\\\": \\\\\\\"labels.icon\\\\\\\",\\\\\\\"stylers\\\\\\\": [{\\\\\\\"visibility\\\\\\\": \\\\\\\"off\\\\\\\"}]},{\\\\\\\"featureType\\\\\\\": \\\\\\\"transit\\\\\\\",\\\\\\\"elementType\\\\\\\": \\\\\\\"all\\\\\\\",\\\\\\\"stylers\\\\\\\": [{\\\\\\\"visibility\\\\\\\": \\\\\\\"off\\\\\\\"}]},{\\\\\\\"featureType\\\\\\\": \\\\\\\"water\\\\\\\",\\\\\\\"elementType\\\\\\\": \\\\\\\"all\\\\\\\",\\\\\\\"stylers\\\\\\\": [{\\\\\\\"color\\\\\\\": \\\\\\\"#46bcec\\\\\\\"},{\\\\\\\"visibility\\\\\\\": \\\\\\\"on\\\\\\\"}]}]\",\"upload_default_ul_marker\":\"\",\"upload_default_sl_marker\":\"\",\"store_locator_auto_area_max_zoom\":\"19\",\"wpgmza_dbox_width_type\":\"px\",\"default_from\":\"\",\"directions_behaviour\":\"default\",\"force_google_directions_app\":false,\"directions_route_origin_icon\":\"https:\\\/\\\/persoclo.fr\\\/wp-content\\\/plugins\\\/wp-google-maps\\\/images\\\/spotlight-poi2.png\",\"retina\":false,\"directions_route_destination_icon\":\"https:\\\/\\\/persoclo.fr\\\/wp-content\\\/plugins\\\/wp-google-maps\\\/images\\\/spotlight-poi2.png\",\"directions_route_stroke_color\":\"#4f8df5\",\"directions_route_stroke_weight\":\"4\",\"directions_route_stroke_opacity\":\"0.8\",\"enable_advanced_custom_fields_integration\":false,\"enable_toolset_woocommerce_integration\":false,\"shortcodeAttributes\":{\"id\":\"12\"}}}' data-map-id='12' data-shortcode-attributes='{\"id\":\"12\"}'> <\/div>\r\n            \r\n            <div data-wpgmza-table data-wpgmza-php-class=\"WPGMZA\\MarkerListing\\BasicTable\" data-wpgmza-rest-api-route=\"\/marker-listing\/\" data-wpgmza-marker-listing=\"true\" class=\"wpgmza_marker_list_class\" style=\"width:100%;\" data-wpgmza-ajax-parameters='{\"map_id\":\"12\"}' id=\"wpgmza_marker_list_12\"><\/div>   \r\n        <\/p>\n<\/div>\n<\/div><\/div><\/div><\/div><\/div><div id=\"pg-21843-1\"  class=\"panel-grid panel-has-style\" ><div class=\"panel-row-style panel-row-style-for-21843-1\" ><div id=\"pgc-21843-1-0\"  class=\"panel-grid-cell\" ><div id=\"panel-21843-1-0-0\" class=\"so-panel widget widget_sow-headline panel-first-child\" data-index=\"2\" ><div\n\t\t\t\n\t\t\tclass=\"so-widget-sow-headline so-widget-sow-headline-default-1d8dc3b96b20-21843\"\n\t\t\t\n\t\t><div class=\"sow-headline-container \">\n\t\t\t\t\t\t<div class=\"decoration\">\n\t\t\t\t\t\t<div class=\"decoration-inside\"><\/div>\n\t\t\t\t\t<\/div>\n\t\t\t\t\t<\/div>\n<\/div><\/div><div id=\"panel-21843-1-0-1\" class=\"so-panel widget widget_sow-image\" data-index=\"3\" ><div\n\t\t\t\n\t\t\tclass=\"so-widget-sow-image so-widget-sow-image-default-c67d20f9f743-21843\"\n\t\t\t\n\t\t>\n\n<div class=\"sow-image-container\">\n\t\t<img loading=\"lazy\" decoding=\"async\" src=\"https:\/\/persoclo.fr\/wp-content\/uploads\/2019\/02\/Logo-nouveau.png\" width=\"150\" height=\"77\" srcset=\"https:\/\/persoclo.fr\/wp-content\/uploads\/2019\/02\/Logo-nouveau.png 867w, https:\/\/persoclo.fr\/wp-content\/uploads\/2019\/02\/Logo-nouveau-600x307.png 600w, https:\/\/persoclo.fr\/wp-content\/uploads\/2019\/02\/Logo-nouveau-300x154.png 300w, https:\/\/persoclo.fr\/wp-content\/uploads\/2019\/02\/Logo-nouveau-768x393.png 768w\" sizes=\"(max-width: 150px) 100vw, 150px\" title=\"Logo\" alt=\"\" \t\tclass=\"so-widget-image\"\/>\n\t<\/div>\n\n<\/div><\/div><div id=\"panel-21843-1-0-2\" class=\"so-panel widget widget_sow-headline panel-last-child\" data-index=\"4\" ><div class=\"panel-widget-style panel-widget-style-for-21843-1-0-2\" ><div\n\t\t\t\n\t\t\tclass=\"so-widget-sow-headline so-widget-sow-headline-default-7882cfb1e1e8-21843\"\n\t\t\t\n\t\t><div class=\"sow-headline-container \">\n\t\t\t\t\t\t<div class=\"decoration\">\n\t\t\t\t\t\t<div class=\"decoration-inside\"><\/div>\n\t\t\t\t\t<\/div>\n\t\t\t\t\t\t\t\t\t\t\t<p class=\"sow-sub-headline\">\n\t\t\t\t\t\tPersoClo oeuvre, depuis 2014, \u00e0 promouvoir une consommation alternative, plus responsable, respectueuse des Hommes et de la Plan\u00e8te.\t\t\t\t\t\t<\/p>\n\t\t\t\t\t\t<\/div>\n<\/div><\/div><\/div><\/div><\/div><\/div><div id=\"pg-21843-2\"  class=\"panel-grid panel-has-style\" ><div class=\"siteorigin-panels-stretch panel-row-style panel-row-style-for-21843-2\" data-stretch-type=\"full-stretched-padded\" ><div id=\"pgc-21843-2-0\"  class=\"panel-grid-cell\" ><div id=\"panel-21843-2-0-0\" class=\"so-panel widget widget_sow-headline panel-first-child panel-last-child\" data-index=\"5\" ><div\n\t\t\t\n\t\t\tclass=\"so-widget-sow-headline so-widget-sow-headline-default-1d8dc3b96b20-21843\"\n\t\t\t\n\t\t><div class=\"sow-headline-container \">\n\t\t\t\t\t\t<div class=\"decoration\">\n\t\t\t\t\t\t<div class=\"decoration-inside\"><\/div>\n\t\t\t\t\t<\/div>\n\t\t\t\t\t\t\t\t\t\t\t<p class=\"sow-sub-headline\">\n\t\t\t\t\t\tLe contenu de ce site est prot\u00e9g\u00e9 par la loi du copyright.\t\t\t\t\t\t<\/p>\n\t\t\t\t\t\t<\/div>\n<\/div><\/div><\/div><\/div><\/div><\/div>","protected":false},"excerpt":{"rendered":"<p>CP \/ Ville: Radius: 1km5km10km25km50km75km100km150km200km300km Category: All&nbsp;Chaussures&nbsp;Cosm\u00e9tique&nbsp;Maroquinerie&nbsp;Objet&nbsp;V\u00eatements No results found in this location. Please try again. PersoClo oeuvre, depuis 2014, \u00e0 promouvoir une consommation alternative, plus responsable, respectueuse des Hommes [&hellip;]<\/p>\n","protected":false},"author":91,"featured_media":0,"parent":18497,"menu_order":0,"comment_status":"closed","ping_status":"closed","template":"template-full-width.php","meta":{"pgc_meta":"","footnotes":""},"class_list":["post-21843","page","type-page","status-publish","hentry"],"translation":{"provider":"WPGlobus","version":"2.12.2","language":"en","enabled_languages":["fr","en"],"languages":{"fr":{"title":true,"content":true,"excerpt":false},"en":{"title":false,"content":false,"excerpt":false}}},"aioseo_notices":[],"pgc_meta":"","_links":{"self":[{"href":"https:\/\/persoclo.fr\/en\/wp-json\/wp\/v2\/pages\/21843"}],"collection":[{"href":"https:\/\/persoclo.fr\/en\/wp-json\/wp\/v2\/pages"}],"about":[{"href":"https:\/\/persoclo.fr\/en\/wp-json\/wp\/v2\/types\/page"}],"author":[{"embeddable":true,"href":"https:\/\/persoclo.fr\/en\/wp-json\/wp\/v2\/users\/91"}],"replies":[{"embeddable":true,"href":"https:\/\/persoclo.fr\/en\/wp-json\/wp\/v2\/comments?post=21843"}],"version-history":[{"count":9,"href":"https:\/\/persoclo.fr\/en\/wp-json\/wp\/v2\/pages\/21843\/revisions"}],"predecessor-version":[{"id":22386,"href":"https:\/\/persoclo.fr\/en\/wp-json\/wp\/v2\/pages\/21843\/revisions\/22386"}],"up":[{"embeddable":true,"href":"https:\/\/persoclo.fr\/en\/wp-json\/wp\/v2\/pages\/18497"}],"wp:attachment":[{"href":"https:\/\/persoclo.fr\/en\/wp-json\/wp\/v2\/media?parent=21843"}],"curies":[{"name":"wp","href":"https:\/\/api.w.org\/{rel}","templated":true}]}}