{"id":21812,"date":"2020-05-15T01:23:15","date_gmt":"2020-05-15T00:23:15","guid":{"rendered":"https:\/\/persoclo.fr\/?page_id=21812"},"modified":"2020-12-31T19:47:50","modified_gmt":"2020-12-31T18:47:50","slug":"liste","status":"publish","type":"page","link":"https:\/\/persoclo.fr\/en\/reutiliser\/reutiliser\/liste\/","title":{"rendered":"Liste"},"content":{"rendered":"<div id=\"pl-21812\"  class=\"panel-layout\" ><div id=\"pg-21812-0\"  class=\"panel-grid panel-has-style\" ><div class=\"panel-row-style panel-row-style-for-21812-0\" ><div id=\"pgc-21812-0-0\"  class=\"panel-grid-cell\" ><div id=\"panel-21812-0-0-0\" class=\"so-panel widget widget_sow-editor panel-first-child panel-last-child\" data-index=\"0\" ><div\n\t\t\t\n\t\t\tclass=\"so-widget-sow-editor so-widget-sow-editor-base\"\n\t\t\t\n\t\t>\n<div class=\"siteorigin-widget-tinymce textwidget\">\n\t<p style=\"text-align: center;\"><\/p>\n<\/div>\n<\/div><\/div><\/div><\/div><\/div><div id=\"pg-21812-1\"  class=\"panel-grid panel-has-style\" ><div class=\"siteorigin-panels-stretch panel-row-style panel-row-style-for-21812-1\" data-stretch-type=\"full-stretched\" ><div id=\"pgc-21812-1-0\"  class=\"panel-grid-cell\" ><div id=\"panel-21812-1-0-0\" class=\"so-panel widget widget_sow-editor panel-first-child panel-last-child\" data-index=\"1\" ><div\n\t\t\t\n\t\t\tclass=\"so-widget-sow-editor so-widget-sow-editor-base\"\n\t\t\t\n\t\t>\n<div class=\"siteorigin-widget-tinymce textwidget\">\n\t    <div data-options='{&quot;id&quot;:&quot;3080&quot;,&quot;lazy_load&quot;:&quot;no&quot;,&quot;masonry_enable&quot;:&quot;no&quot;,&quot;view_type&quot;:&quot;grid&quot;}' id=\"post-grid-3080\" class=\"post-grid grid\">\n    \n\n\n    <div class=\"grid-items\">\n      <div class=\"item item-22733 skin flat even 0 \">\n        <div class=\"layer-wrapper layout-21517\">\n          <div class=\"layer-media \"\r\n        id=\"\">\r\n        <div\r\n        class=\"element element_1  element-media \">\r\n        <img decoding=\"async\" src=\"https:\/\/persoclo.fr\/wp-content\/uploads\/2020\/09\/couture-et-cuirs.png\" \/>    <\/div>\r\n    <\/div>\r\n    <div class=\"layer-content element_3\"\r\n        id=\"\">\r\n        <div class=\"element element_4  title \">\r\n                    <a target=\"\"\r\n                href=\"https:\/\/persoclo.fr\/en\/couture-cuirs\/\">Couture &amp; Cuirs<\/a>\r\n            <\/div>\r\n    <div class=\"element element_5  excerpt \">\r\n        Couture-Cr\u00e9ation-Retouches            <\/div>\r\n    <\/div>\r\n    <\/div>\n  <\/div><div class=\"item item-18863 skin flat odd 1 \">\n        <div class=\"layer-wrapper layout-21517\">\n          <div class=\"layer-media \"\r\n        id=\"\">\r\n        <div\r\n        class=\"element element_1  element-media \">\r\n        <img decoding=\"async\" src=\"https:\/\/persoclo.fr\/wp-content\/uploads\/2020\/02\/Logo-Emma\u00fcs-300x121-1-150x121.jpg\" \/>    <\/div>\r\n    <\/div>\r\n    <div class=\"layer-content element_3\"\r\n        id=\"\">\r\n        <div class=\"element element_4  title \">\r\n                    <a target=\"\"\r\n                href=\"https:\/\/persoclo.fr\/en\/emmaus-coup-de-main\/\">Emma\u00fcs Coup de main<\/a>\r\n            <\/div>\r\n    <div class=\"element element_5  excerpt \">\r\n        Donner            <\/div>\r\n    <\/div>\r\n    <\/div>\n  <\/div><div class=\"item item-22692 skin flat even 2 \">\n        <div class=\"layer-wrapper layout-21517\">\n          <div class=\"layer-media \"\r\n        id=\"\">\r\n        <div\r\n        class=\"element element_1  element-media \">\r\n        <img decoding=\"async\" src=\"https:\/\/persoclo.fr\/wp-content\/uploads\/2020\/09\/delphine-1.png\" \/>    <\/div>\r\n    <\/div>\r\n    <div class=\"layer-content element_3\"\r\n        id=\"\">\r\n        <div class=\"element element_4  title \">\r\n                    <a target=\"\"\r\n                href=\"https:\/\/persoclo.fr\/en\/fagnart-delphine\/\">Fagnart Delphine<\/a>\r\n            <\/div>\r\n    <div class=\"element element_5  excerpt \">\r\n        Couture-Cr\u00e9er-Transformer-Retouches            <\/div>\r\n    <\/div>\r\n    <\/div>\n  <\/div><div class=\"item item-22929 skin flat odd 3 \">\n        <div class=\"layer-wrapper layout-21517\">\n          <div class=\"layer-media \"\r\n        id=\"\">\r\n        <div\r\n        class=\"element element_1  element-media \">\r\n        <img decoding=\"async\" src=\"https:\/\/persoclo.fr\/wp-content\/uploads\/2020\/09\/jag.png\" \/>    <\/div>\r\n    <\/div>\r\n    <div class=\"layer-content element_3\"\r\n        id=\"\">\r\n        <div class=\"element element_4  title \">\r\n                    <a target=\"\"\r\n                href=\"https:\/\/persoclo.fr\/en\/jag-creations\/\">JAG Cr\u00e9ations<\/a>\r\n            <\/div>\r\n    <div class=\"element element_5  excerpt \">\r\n        Joaillerie-Cr\u00e9er-Transformer-R\u00e9parer            <\/div>\r\n    <\/div>\r\n    <\/div>\n  <\/div><div class=\"item item-23685 skin flat even 4 \">\n        <div class=\"layer-wrapper layout-21517\">\n          <div class=\"layer-media \"\r\n        id=\"\">\r\n        <div\r\n        class=\"element element_1  element-media \">\r\n        <img decoding=\"async\" src=\"https:\/\/persoclo.fr\/wp-content\/uploads\/2020\/12\/Michele-conte.png\" \/>    <\/div>\r\n    <\/div>\r\n    <div class=\"layer-content element_3\"\r\n        id=\"\">\r\n        <div class=\"element element_4  title \">\r\n                    <a target=\"\"\r\n                href=\"https:\/\/persoclo.fr\/en\/michel-comte\/\">Michel Comte<\/a>\r\n            <\/div>\r\n    <div class=\"element element_5  excerpt \">\r\n        Joaillerie-Cr\u00e9er-Transformer-R\u00e9parer            <\/div>\r\n    <\/div>\r\n    <\/div>\n  <\/div><div class=\"item item-18873 skin flat odd 5 \">\n        <div class=\"layer-wrapper layout-21517\">\n          <div class=\"layer-media \"\r\n        id=\"\">\r\n        <div\r\n        class=\"element element_1  element-media \">\r\n        <img decoding=\"async\" src=\"https:\/\/persoclo.fr\/wp-content\/uploads\/2020\/02\/shopAIXx-150x150.jpg\" \/>    <\/div>\r\n    <\/div>\r\n    <div class=\"layer-content element_3\"\r\n        id=\"\">\r\n        <div class=\"element element_4  title \">\r\n                    <a target=\"\"\r\n                href=\"https:\/\/persoclo.fr\/en\/sneakers-chill\/\">Sneakers &amp; Chill<\/a>\r\n            <\/div>\r\n    <div class=\"element element_5  excerpt \">\r\n        Personnalisation-R\u00e9novation-Chaussures            <\/div>\r\n    <\/div>\r\n    <\/div>\n  <\/div>    <\/div>\n          <style type=\"text\/css\">\r\n            .layout-21517 .element_0 {\r\n                            }\r\n\r\n                    <\/style>\r\n        <style type=\"text\/css\">\r\n        .layout-21517 .element_1 {\r\n            overflow: hidden;\r\n                    }\r\n\r\n        .layout-21517 .element_1 img {\r\n            max-width: 100%;\r\n            height: auto;\r\n        }\r\n\r\n        @media only screen and (min-width: 1024px) {\r\n            .layout-21517 .element_1 {\r\n                height: auto;\r\n                            }\r\n        }\r\n\r\n        @media only screen and (min-width: 768px) and (max-width: 1023px) {\r\n            .layout-21517 .element_1 {\r\n                height: auto;\r\n                            }\r\n        }\r\n\r\n        @media only screen and (min-width: 0px) and (max-width: 767px) {\r\n            .layout-21517 .element_1 {\r\n                height: auto;\r\n                            }\r\n        }\r\n    <\/style>\r\n        <style type=\"text\/css\">\r\n            .layout-21517 .element_3 {\r\n                            }\r\n\r\n                    <\/style>\r\n        <style type=\"text\/css\">\r\n        .layout-21517 .element_4 {\r\n            display: block;font-size: 21px;line-height: normal;padding: 5px 10px;text-align: center;        }\r\n\r\n        .layout-21517 .element_4 a {\r\n            display: block;font-size: 21px;line-height: normal;padding: 5px 10px;text-align: center;        }\r\n    <\/style>\r\n    <style type=\"text\/css\">\r\n        .layout-21517 .element_5 {\r\n            display: block;font-size: 11px;line-height: normal;padding: 5px 10px;text-align: center;        }\r\n\r\n        .layout-21517 .element_5 a {\r\n                    }\r\n    <\/style>\r\n      <style type=\"text\/css\">\n      \/*Write your CSS code here*\/    <\/style>\n        <style type=\"text\/css\">\n      .layout-21517 a{text-decoration:none}\r\n.layout-21517 {\r\n  vertical-align: top;\r\n}\r\n.layout-21517 .layer-media{}\r\n.layout-21517 .layer-content {\r\n}    <\/style>\n    <script>\n          \/*Write your js code here*\/          <\/script>\n    <style type=\"text\/css\">\n    #post-grid-3080 {\n      padding: 10px;\n      background-color: #fff;\n          }\n\n    #post-grid-3080 .item {\n      padding: 0px;\n      background: #fff;\n          }\n\n    #post-grid-3080 .item .layer-media {\n      height:auto;    }\n\n    @media only screen and (min-width: 0px) and (max-width: 767px) {\n      #post-grid-3080 .grid-items {\n        text-align: center;\n              }\n\n      #post-grid-3080 .item {\n        width: 40%;\n        margin: 10px;\n        display: inline-block;\n        vertical-align: top;\n        height:auto;      }\n    }\n\n    @media only screen and (min-width: 768px) and (max-width: 1023px) {\n      #post-grid-3080 .grid-items {\n        text-align: center;\n              }\n\n      #post-grid-3080 .item {\n        width: 180px;\n        margin: 10px;\n        display: inline-block;\n        vertical-align: top;\n        max-height:auto;      }\n    }\n\n    @media only screen and (min-width: 1024px) {\n      #post-grid-3080 .grid-items {\n        text-align: center;\n              }\n\n      #post-grid-3080 .item {\n        width: 180px;\n        display: inline-block;\n        margin: 10px;\n        vertical-align: top;\n        height:auto;      }\n    }\n\n      <\/style>\n  <\/div>\n\n<\/div>\n<\/div><\/div><\/div><\/div><\/div><div id=\"pg-21812-2\"  class=\"panel-grid panel-has-style\" ><div class=\"siteorigin-panels-stretch panel-row-style panel-row-style-for-21812-2\" data-stretch-type=\"full-stretched\" ><div id=\"pgc-21812-2-0\"  class=\"panel-grid-cell\" ><div id=\"panel-21812-2-0-0\" class=\"so-panel widget widget_sow-headline panel-first-child\" data-index=\"2\" ><div\n\t\t\t\n\t\t\tclass=\"so-widget-sow-headline so-widget-sow-headline-default-1d8dc3b96b20-22733\"\n\t\t\t\n\t\t><div class=\"sow-headline-container \">\n\t\t\t\t\t\t<div class=\"decoration\">\n\t\t\t\t\t\t<div class=\"decoration-inside\"><\/div>\n\t\t\t\t\t<\/div>\n\t\t\t\t\t<\/div>\n<\/div><\/div><div id=\"panel-21812-2-0-1\" class=\"so-panel widget widget_sow-image\" data-index=\"3\" ><div\n\t\t\t\n\t\t\tclass=\"so-widget-sow-image so-widget-sow-image-default-c67d20f9f743-22733\"\n\t\t\t\n\t\t>\n<div class=\"sow-image-container\">\n\t\t<img \n\tsrc=\"https:\/\/persoclo.fr\/wp-content\/uploads\/2019\/02\/Logo-nouveau.png\" width=\"150\" height=\"77\" srcset=\"https:\/\/persoclo.fr\/wp-content\/uploads\/2019\/02\/Logo-nouveau.png 867w, https:\/\/persoclo.fr\/wp-content\/uploads\/2019\/02\/Logo-nouveau-600x307.png 600w, https:\/\/persoclo.fr\/wp-content\/uploads\/2019\/02\/Logo-nouveau-300x154.png 300w, https:\/\/persoclo.fr\/wp-content\/uploads\/2019\/02\/Logo-nouveau-768x393.png 768w\" sizes=\"(max-width: 150px) 100vw, 150px\" title=\"Logo\" alt=\"\" \t\tclass=\"so-widget-image\"\/>\n\t<\/div>\n\n<\/div><\/div><div id=\"panel-21812-2-0-2\" class=\"so-panel widget widget_sow-headline panel-last-child\" data-index=\"4\" ><div class=\"panel-widget-style panel-widget-style-for-21812-2-0-2\" ><div\n\t\t\t\n\t\t\tclass=\"so-widget-sow-headline so-widget-sow-headline-default-7882cfb1e1e8-22733\"\n\t\t\t\n\t\t><div class=\"sow-headline-container \">\n\t\t\t\t\t\t<div class=\"decoration\">\n\t\t\t\t\t\t<div class=\"decoration-inside\"><\/div>\n\t\t\t\t\t<\/div>\n\t\t\t\t\t\t\t\t\t\t\t<p class=\"sow-sub-headline\">\n\t\t\t\t\t\tPersoClo oeuvre, depuis 2014, \u00e0 promouvoir une consommation alternative, plus responsable, respectueuse des Hommes et de la Plan\u00e8te.\t\t\t\t\t\t<\/p>\n\t\t\t\t\t\t<\/div>\n<\/div><\/div><\/div><\/div><\/div><\/div><div id=\"pg-21812-3\"  class=\"panel-grid panel-has-style\" ><div class=\"siteorigin-panels-stretch panel-row-style panel-row-style-for-21812-3\" data-stretch-type=\"full-stretched-padded\" ><div id=\"pgc-21812-3-0\"  class=\"panel-grid-cell\" ><div id=\"panel-21812-3-0-0\" class=\"so-panel widget widget_sow-headline panel-first-child panel-last-child\" data-index=\"5\" ><div\n\t\t\t\n\t\t\tclass=\"so-widget-sow-headline so-widget-sow-headline-default-1d8dc3b96b20-22733\"\n\t\t\t\n\t\t><div class=\"sow-headline-container \">\n\t\t\t\t\t\t<div class=\"decoration\">\n\t\t\t\t\t\t<div class=\"decoration-inside\"><\/div>\n\t\t\t\t\t<\/div>\n\t\t\t\t\t\t\t\t\t\t\t<p class=\"sow-sub-headline\">\n\t\t\t\t\t\tLe contenu de ce site est prot\u00e9g\u00e9 par la loi du copyright.\t\t\t\t\t\t<\/p>\n\t\t\t\t\t\t<\/div>\n<\/div><\/div><\/div><\/div><\/div><\/div>","protected":false},"excerpt":{"rendered":"<p>Couture &amp; Cuirs Couture-Cr\u00e9ation-Retouches Emma\u00fcs Coup de main Donner Fagnart Delphine Couture-Cr\u00e9er-Transformer-Retouches JAG Cr\u00e9ations Joaillerie-Cr\u00e9er-Transformer-R\u00e9parer Michel Comte Joaillerie-Cr\u00e9er-Transformer-R\u00e9parer Sneakers &amp; Chill Personnalisation-R\u00e9novation-Chaussures PersoClo oeuvre, depuis 2014, \u00e0 promouvoir une consommation [&hellip;]<\/p>\n","protected":false},"author":91,"featured_media":0,"parent":3078,"menu_order":0,"comment_status":"closed","ping_status":"closed","template":"template-full-width.php","meta":{"footnotes":""},"class_list":["post-21812","page","type-page","status-publish","hentry"],"translation":{"provider":"WPGlobus","version":"3.0.2","language":"en","enabled_languages":["fr","en"],"languages":{"fr":{"title":true,"content":true,"excerpt":false},"en":{"title":false,"content":false,"excerpt":false}}},"aioseo_notices":[],"_links":{"self":[{"href":"https:\/\/persoclo.fr\/en\/wp-json\/wp\/v2\/pages\/21812","targetHints":{"allow":["GET"]}}],"collection":[{"href":"https:\/\/persoclo.fr\/en\/wp-json\/wp\/v2\/pages"}],"about":[{"href":"https:\/\/persoclo.fr\/en\/wp-json\/wp\/v2\/types\/page"}],"author":[{"embeddable":true,"href":"https:\/\/persoclo.fr\/en\/wp-json\/wp\/v2\/users\/91"}],"replies":[{"embeddable":true,"href":"https:\/\/persoclo.fr\/en\/wp-json\/wp\/v2\/comments?post=21812"}],"version-history":[{"count":7,"href":"https:\/\/persoclo.fr\/en\/wp-json\/wp\/v2\/pages\/21812\/revisions"}],"predecessor-version":[{"id":22434,"href":"https:\/\/persoclo.fr\/en\/wp-json\/wp\/v2\/pages\/21812\/revisions\/22434"}],"up":[{"embeddable":true,"href":"https:\/\/persoclo.fr\/en\/wp-json\/wp\/v2\/pages\/3078"}],"wp:attachment":[{"href":"https:\/\/persoclo.fr\/en\/wp-json\/wp\/v2\/media?parent=21812"}],"curies":[{"name":"wp","href":"https:\/\/api.w.org\/{rel}","templated":true}]}}