{"id":21306,"date":"2020-04-22T06:38:57","date_gmt":"2020-04-22T05:38:57","guid":{"rendered":"https:\/\/persoclo.fr\/?page_id=21306"},"modified":"2020-12-31T19:57:41","modified_gmt":"2020-12-31T18:57:41","slug":"atelier-trame","status":"publish","type":"page","link":"https:\/\/persoclo.fr\/en\/atelier-trame\/","title":{"rendered":"Atelier TRAME"},"content":{"rendered":"<div id=\"pl-21306\"  class=\"panel-layout\" ><div id=\"pg-21306-0\"  class=\"panel-grid panel-has-style\" ><div class=\"panel-row-style panel-row-style-for-21306-0\" ><div id=\"pgc-21306-0-0\"  class=\"panel-grid-cell\" ><div id=\"panel-21306-0-0-0\" class=\"so-panel widget widget_sow-editor panel-first-child panel-last-child\" data-index=\"0\" ><div\n\t\t\t\n\t\t\tclass=\"so-widget-sow-editor so-widget-sow-editor-base\"\n\t\t\t\n\t\t>\n<div class=\"siteorigin-widget-tinymce textwidget\">\n\t<p style=\"text-align: center;\"><span style=\"font-size: 14pt;\"><strong>Couture-Cr\u00e9er-Personnaliser-Retouches-Formation<\/strong><\/span><\/p>\n<p style=\"text-align: center;\"><span style=\"font-size: 14pt;\"><img loading=\"lazy\" decoding=\"async\" class=\"wp-image-21310 aligncenter\" src=\"https:\/\/persoclo.fr\/wp-content\/uploads\/2020\/04\/trame.png\" alt=\"\" width=\"187\" height=\"163\" \/><\/span><\/p>\n<p style=\"text-align: center;\"><span style=\"font-size: 14pt;\">Couture, tissage, broderie, restauration, l\u2019Ateli<\/span><span style=\"font-size: 14pt;\">er T-R-A-M-\u00e9 r\u00e9alise votre projet, du plus simple au plus complexe. N'h\u00e9sitez pas \u00e0 nous contacter pour nous exposer votre id\u00e9e et solliciter un devis.<\/span><\/p>\n<p style=\"text-align: center;\">\n<p style=\"text-align: center;\"><span style=\"font-size: 14pt;\">Cours, stages, formations, workshops, d\u00e9di\u00e9 \u00e0 la cr\u00e9ativit\u00e9 et au textile sous toutes ses coutures ! Tout public et pros.<\/span><\/p>\n<\/div>\n<\/div><\/div><\/div><\/div><\/div><div id=\"pg-21306-1\"  class=\"panel-grid panel-has-style\" ><div class=\"siteorigin-panels-stretch panel-row-style panel-row-style-for-21306-1\" data-stretch-type=\"full-stretched\" ><div id=\"pgc-21306-1-0\"  class=\"panel-grid-cell\" ><div id=\"panel-21306-1-0-0\" class=\"so-panel widget widget_sow-editor panel-first-child panel-last-child\" data-index=\"1\" ><div\n\t\t\t\n\t\t\tclass=\"so-widget-sow-editor so-widget-sow-editor-base\"\n\t\t\t\n\t\t>\n<div class=\"siteorigin-widget-tinymce textwidget\">\n\t<h3 style=\"text-align: center;\"><img loading=\"lazy\" decoding=\"async\" class=\"aligncenter  wp-image-22785\" src=\"https:\/\/persoclo.fr\/wp-content\/uploads\/2020\/09\/Icone-realisation.png\" alt=\"\" width=\"282\" height=\"81\" srcset=\"https:\/\/persoclo.fr\/wp-content\/uploads\/2020\/09\/Icone-realisation.png 395w, https:\/\/persoclo.fr\/wp-content\/uploads\/2020\/09\/Icone-realisation-300x86.png 300w\" sizes=\"auto, (max-width: 282px) 100vw, 282px\" \/><\/h3>\n<p style=\"text-align: center;\">\t\t<div id=\"instagram-gallery-feed-30\" class=\"instagram-gallery-feed\" data-feed=\"{&quot;id&quot;:30,&quot;account_id&quot;:&quot;17841402794725486&quot;,&quot;source&quot;:&quot;tag&quot;,&quot;tag&quot;:&quot;ateliertrame&quot;,&quot;order_by&quot;:&quot;top_media&quot;,&quot;layout&quot;:&quot;carousel&quot;,&quot;limit&quot;:12,&quot;columns&quot;:3,&quot;spacing&quot;:10,&quot;lazy&quot;:true,&quot;responsive&quot;:{&quot;desktop&quot;:{&quot;columns&quot;:3,&quot;spacing&quot;:10},&quot;tablet&quot;:{&quot;columns&quot;:2,&quot;spacing&quot;:8},&quot;mobile&quot;:{&quot;columns&quot;:1,&quot;spacing&quot;:6},&quot;breakpoints&quot;:{&quot;tablet&quot;:768,&quot;mobile&quot;:480}},&quot;aspect_ratio&quot;:{&quot;width&quot;:1,&quot;height&quot;:1},&quot;highlight&quot;:{&quot;tag&quot;:&quot;&quot;,&quot;id&quot;:&quot;&quot;,&quot;position&quot;:&quot;&quot;},&quot;reel&quot;:{&quot;hide&quot;:false},&quot;copyright&quot;:{&quot;hide&quot;:false,&quot;placeholder&quot;:&quot;&quot;},&quot;profile&quot;:{&quot;display&quot;:false,&quot;username&quot;:&quot;&quot;,&quot;nickname&quot;:&quot;&quot;,&quot;website&quot;:&quot;&quot;,&quot;biography&quot;:&quot;&quot;,&quot;link_text&quot;:&quot;Follow&quot;,&quot;website_text&quot;:&quot;Website&quot;,&quot;avatar&quot;:&quot;&quot;},&quot;box&quot;:{&quot;display&quot;:false,&quot;padding&quot;:1,&quot;radius&quot;:0,&quot;background&quot;:&quot;#fefefe&quot;,&quot;profile&quot;:false,&quot;desc&quot;:&quot;&quot;,&quot;text_color&quot;:&quot;#000000&quot;},&quot;mask&quot;:{&quot;display&quot;:true,&quot;background&quot;:&quot;#000000&quot;,&quot;icon_color&quot;:&quot;#ffffff&quot;,&quot;likes_count&quot;:true,&quot;comments_count&quot;:true},&quot;card&quot;:{&quot;display&quot;:false,&quot;radius&quot;:1,&quot;font_size&quot;:12,&quot;background&quot;:&quot;#ffffff&quot;,&quot;background_hover&quot;:&quot;&quot;,&quot;text_color&quot;:&quot;#000000&quot;,&quot;padding&quot;:5,&quot;likes_count&quot;:true,&quot;text_length&quot;:10,&quot;comments_count&quot;:true,&quot;text_align&quot;:&quot;left&quot;},&quot;carousel&quot;:{&quot;centered_slides&quot;:false,&quot;autoplay&quot;:false,&quot;autoplay_interval&quot;:3000,&quot;navarrows&quot;:true,&quot;navarrows_color&quot;:&quot;&quot;,&quot;pagination&quot;:true,&quot;pagination_color&quot;:&quot;&quot;},&quot;modal&quot;:{&quot;display&quot;:true,&quot;profile&quot;:false,&quot;media_description&quot;:true,&quot;likes_count&quot;:true,&quot;comments_count&quot;:true,&quot;comments_list&quot;:false,&quot;text_align&quot;:&quot;left&quot;,&quot;modal_align&quot;:&quot;right&quot;,&quot;text_length&quot;:10000,&quot;font_size&quot;:12},&quot;button&quot;:{&quot;display&quot;:false,&quot;text&quot;:&quot;View on Instagram&quot;,&quot;text_color&quot;:&quot;#ffff&quot;,&quot;background&quot;:&quot;&quot;,&quot;background_hover&quot;:&quot;&quot;},&quot;button_load&quot;:{&quot;display&quot;:false,&quot;text&quot;:&quot;Load more...&quot;,&quot;text_color&quot;:&quot;#ffff&quot;,&quot;background&quot;:&quot;&quot;,&quot;background_hover&quot;:&quot;&quot;}}\">\n\t\t<!-- <FeedContainer\/> -->\n\t\t<\/div>\n\t\t<\/p>\n<\/div>\n<\/div><\/div><\/div><\/div><\/div><div id=\"pg-21306-2\"  class=\"panel-grid panel-has-style\" ><div class=\"panel-row-style panel-row-style-for-21306-2\" ><div id=\"pgc-21306-2-0\"  class=\"panel-grid-cell\" ><div class='the_champ_counter_container the_champ_horizontal_counter'><div id=\"panel-21306-2-0-0\" class=\"so-panel widget widget_thechamphorizontalcounter panel-first-child\" data-index=\"2\" ><ul class=\"the_champ_sharing_ul\"><li style=\"padding:7.35px 0 !important\" class=\"the_champ_facebook_like\"><div class=\"fb-like\" data-href=\"https:\/\/persoclo.fr\/en\/wp-json\/wp\/v2\/pages\/21306\" data-layout=\"button_count\" data-action=\"like\" data-show-faces=\"false\" data-share=\"false\"><\/div><\/li><\/ul><div style=\"clear:both\"><\/div><\/div><\/div><div id=\"panel-21306-2-0-1\" class=\"so-panel widget widget_sow-editor panel-last-child\" data-index=\"3\" ><div\n\t\t\t\n\t\t\tclass=\"so-widget-sow-editor so-widget-sow-editor-base\"\n\t\t\t\n\t\t>\n<div class=\"siteorigin-widget-tinymce textwidget\">\n\t<div style=\"\" id=\"the_champ_fb_commenting\"><div class=\"fb-comments\" data-href=\"https:\/\/persoclo.fr\/en\/atelier-trame\/\" data-numposts=\"0\" data-width=\"100%\" ><\/div><\/div><script type=\"text\/javascript\" src=\"\/\/connect.facebook.net\/en_US\/sdk.js\r\n    \"><\/script><script>FB.init({xfbml:1,version: \"v23.0\"});<\/script>\n<\/div>\n<\/div><\/div><\/div><\/div><\/div><div id=\"pg-21306-3\"  class=\"panel-grid panel-has-style\" ><div class=\"panel-row-style panel-row-style-for-21306-3\" ><div id=\"pgc-21306-3-0\"  class=\"panel-grid-cell\" ><div id=\"panel-21306-3-0-0\" class=\"so-panel widget widget_sow-editor panel-first-child\" data-index=\"4\" ><div\n\t\t\t\n\t\t\tclass=\"so-widget-sow-editor so-widget-sow-editor-base\"\n\t\t\t\n\t\t>\n<div class=\"siteorigin-widget-tinymce textwidget\">\n\t<h2 style=\"text-align: center;\">==============<\/h2>\n<h2 style=\"text-align: center;\"><strong>Je choisis cet artisan<\/strong><\/h2>\n<\/div>\n<\/div><\/div><div id=\"panel-21306-3-0-1\" class=\"so-panel widget widget_sow-button panel-last-child\" data-index=\"5\" ><div\n\t\t\t\n\t\t\tclass=\"so-widget-sow-button so-widget-sow-button-wire-e06600456520-21306\"\n\t\t\t\n\t\t><div class=\"ow-button-base ow-button-align-center\"\n>\n\t\t\t<a\n\t\t\t\t\thref=\"https:\/\/www.ateliertrame.com\/\"\n\t\t\t\t\tclass=\"sowb-button ow-icon-placement-left ow-button-hover\" target=\"_blank\" rel=\"noopener noreferrer\" \t>\n\t\t<span>\n\t\t\t\n\t\t\tC'est parti!\t\t<\/span>\n\t\t\t<\/a>\n\t<\/div>\n<\/div><\/div><\/div><\/div><\/div><div id=\"pg-21306-4\"  class=\"panel-grid panel-has-style\" ><div class=\"panel-row-style panel-row-style-for-21306-4\" ><div id=\"pgc-21306-4-0\"  class=\"panel-grid-cell\" ><div id=\"panel-21306-4-0-0\" class=\"so-panel widget widget_sow-accordion panel-first-child panel-last-child\" data-index=\"6\" ><div\n\t\t\t\n\t\t\tclass=\"so-widget-sow-accordion so-widget-sow-accordion-default-a7f7c6c54927-21306\"\n\t\t\t\n\t\t><div>\n\t<div class=\"sow-accordion\">\n\t\t\t<div class=\"sow-accordion-panel\n\t\t\t\t\t\"\n\t\t\t\tdata-anchor-id=\"infos-pratiques\">\n\t\t\t\t\t<div class=\"sow-accordion-panel-header-container\" role=\"heading\" aria-level=\"2\">\n\t\t\t\t\t<div class=\"sow-accordion-panel-header\" tabindex=\"0\" role=\"button\" id=\"accordion-label-infos-pratiques\" aria-controls=\"accordion-content-infos-pratiques\" aria-expanded=\"false\">\n\t\t\t\t\t\t<div class=\"sow-accordion-title sow-accordion-title-icon-left\">\n\t\t\t\t\t\t\t\t\t\t\t\t\t\tInfos pratiques\t\t\t\t\t\t\t\t\t\t\t\t\t<\/div>\n\t\t\t\t\t\t<div class=\"sow-accordion-open-close-button\">\n\t\t\t\t\t\t\t<div class=\"sow-accordion-open-button\">\n\t\t\t\t\t\t\t\t<span class=\"sow-icon-ionicons\" data-sow-icon=\"&#xf218;\"\n\t\t \n\t\taria-hidden=\"true\"><\/span>\t\t\t\t\t\t\t<\/div>\n\t\t\t\t\t\t\t<div class=\"sow-accordion-close-button\">\n\t\t\t\t\t\t\t\t<span class=\"sow-icon-ionicons\" data-sow-icon=\"&#xf209;\"\n\t\t \n\t\taria-hidden=\"true\"><\/span>\t\t\t\t\t\t\t<\/div>\n\t\t\t\t\t\t<\/div>\n\t\t\t\t\t<\/div>\n\t\t\t\t<\/div>\n\n\t\t\t<div\n\t\t\t\tclass=\"sow-accordion-panel-content\"\n\t\t\t\trole=\"region\"\n\t\t\t\taria-labelledby=\"accordion-label-infos-pratiques\"\n\t\t\t\tid=\"accordion-content-infos-pratiques\"\n\t\t\t\tstyle=\"display: none;\"\t\t\t>\n\t\t\t\t<div class=\"sow-accordion-panel-border\">\n\t\t\t\t\t<p style=\"text-align: center;\"><strong>Atelier TRAME<\/strong><\/p>\n<p style=\"text-align: center;\"><a href=\"https:\/\/www.ateliertrame.com\/\">Site internet<\/a><\/p>\n<p style=\"text-align: center;\">Bordeaux<\/p>\n<p><span style=\"color: #ffffff;\"><b>PP56 <\/b>CRPRS1\u00a0 Ret123 1234 CRPRS0\u00a0 1234a<\/span><\/p>\n\t\t\t\t<\/div>\n\t\t\t<\/div>\n\t\t<\/div>\n\t\t<\/div>\n<\/div>\n<\/div><\/div><\/div><\/div><\/div><\/div>","protected":false},"excerpt":{"rendered":"<p>Couture-Cr\u00e9er-Personnaliser-Retouches-Formation Couture, tissage, broderie, restauration, l\u2019Atelier T-R-A-M-\u00e9 r\u00e9alise votre projet, du plus simple au plus complexe. N&#8217;h\u00e9sitez pas \u00e0 nous contacter pour nous exposer votre id\u00e9e et solliciter un devis. [&hellip;]<\/p>\n","protected":false},"author":91,"featured_media":0,"parent":0,"menu_order":0,"comment_status":"closed","ping_status":"closed","template":"template-full-width.php","meta":{"footnotes":""},"class_list":["post-21306","page","type-page","status-publish","hentry"],"translation":{"provider":"WPGlobus","version":"3.0.2","language":"en","enabled_languages":["fr","en"],"languages":{"fr":{"title":true,"content":true,"excerpt":false},"en":{"title":false,"content":false,"excerpt":false}}},"aioseo_notices":[],"_links":{"self":[{"href":"https:\/\/persoclo.fr\/en\/wp-json\/wp\/v2\/pages\/21306","targetHints":{"allow":["GET"]}}],"collection":[{"href":"https:\/\/persoclo.fr\/en\/wp-json\/wp\/v2\/pages"}],"about":[{"href":"https:\/\/persoclo.fr\/en\/wp-json\/wp\/v2\/types\/page"}],"author":[{"embeddable":true,"href":"https:\/\/persoclo.fr\/en\/wp-json\/wp\/v2\/users\/91"}],"replies":[{"embeddable":true,"href":"https:\/\/persoclo.fr\/en\/wp-json\/wp\/v2\/comments?post=21306"}],"version-history":[{"count":29,"href":"https:\/\/persoclo.fr\/en\/wp-json\/wp\/v2\/pages\/21306\/revisions"}],"predecessor-version":[{"id":23272,"href":"https:\/\/persoclo.fr\/en\/wp-json\/wp\/v2\/pages\/21306\/revisions\/23272"}],"wp:attachment":[{"href":"https:\/\/persoclo.fr\/en\/wp-json\/wp\/v2\/media?parent=21306"}],"curies":[{"name":"wp","href":"https:\/\/api.w.org\/{rel}","templated":true}]}}