{"id":21030,"date":"2020-04-16T15:27:57","date_gmt":"2020-04-16T14:27:57","guid":{"rendered":"https:\/\/persoclo.fr\/?page_id=21030"},"modified":"2021-01-02T06:54:18","modified_gmt":"2021-01-02T05:54:18","slug":"latelier-du-chat-perche","status":"publish","type":"page","link":"https:\/\/persoclo.fr\/en\/latelier-du-chat-perche\/","title":{"rendered":"L\u2019atelier du Chat Perch\u00e9"},"content":{"rendered":"<div id=\"pl-21030\"  class=\"panel-layout\"><div id=\"pg-21030-0\"  class=\"panel-grid panel-no-style\"><div id=\"pgc-21030-0-0\"  class=\"panel-grid-cell\"><div id=\"panel-21030-0-0-0\" class=\"so-panel widget widget_sow-editor panel-first-child panel-last-child\" data-index=\"0\"><div\n\t\t\t\n\t\t\tclass=\"so-widget-sow-editor so-widget-sow-editor-base\">\n<div class=\"siteorigin-widget-tinymce textwidget\">\n\t<p style=\"text-align: center;\"><span style=\"font-size: 14pt;\"><strong style=\"text-align: justify;\">V\u00e9lo-R\u00e9parer<\/strong><\/span><\/p>\n<p style=\"text-align: center;\"><span style=\"font-size: 14pt;\"><img loading=\"lazy\" decoding=\"async\" class=\"aligncenter wp-image-21005 size-full\" src=\"https:\/\/persoclo.fr\/wp-content\/uploads\/2020\/04\/atelier-velo.png\" alt=\"\" width=\"142\" height=\"118\" \/><\/span><img loading=\"lazy\" decoding=\"async\" class=\"aligncenter size-full wp-image-23510\" src=\"https:\/\/persoclo.fr\/wp-content\/uploads\/2020\/12\/dqsfsd.png\" alt=\"\" width=\"402\" height=\"28\" srcset=\"https:\/\/persoclo.fr\/wp-content\/uploads\/2020\/12\/dqsfsd.png 402w, https:\/\/persoclo.fr\/wp-content\/uploads\/2020\/12\/dqsfsd-400x28.png 400w, https:\/\/persoclo.fr\/wp-content\/uploads\/2020\/12\/dqsfsd-300x21.png 300w\" sizes=\"(max-width: 402px) 100vw, 402px\" \/><\/p>\n<p style=\"text-align: center;\"><span style=\"font-size: 14pt;\"><strong>Permanences de m\u00e9canique v\u00e9lo participatives et autog\u00e9r\u00e9es.<\/strong> Viens apprendre et \u00e9changer tes savoir-faire autour de la m\u00e9canique v\u00e9lo et de la r\u00e9cup\u2019. R\u00e9parer votre bicyclette, donner un v\u00e9lo ou des pi\u00e8ces, apprendre la m\u00e9canique cycle, acheter un v\u00e9lo d'occasion, troquer des v\u00e9los enfants, filer un coup de main, cr\u00e9er en d\u00e9tournant des pi\u00e8ces HS ou vous servir un caf\u00e9 et vous d\u00e9tendre... <span style=\"color: #ffffff;\">Repat123<\/span><\/span><\/p><\/div><\/div><\/div><\/div><\/div><\/div><p> <a href=\"https:\/\/persoclo.fr\/en\/latelier-du-chat-perche\/#more-21030\" class=\"more-link\">Read More<\/a><\/p>","protected":false},"excerpt":{"rendered":"<p>V\u00e9lo-R\u00e9parer Permanences de m\u00e9canique v\u00e9lo participatives et autog\u00e9r\u00e9es. Viens apprendre et \u00e9changer tes savoir-faire autour de la m\u00e9canique v\u00e9lo et de la r\u00e9cup\u2019. R\u00e9parer votre bicyclette, donner un v\u00e9lo ou [&hellip;]<\/p>\n","protected":false},"author":91,"featured_media":0,"parent":0,"menu_order":0,"comment_status":"closed","ping_status":"closed","template":"template-full-width.php","meta":{"pgc_meta":"","footnotes":""},"class_list":["post-21030","page","type-page","status-publish","hentry"],"translation":{"provider":"WPGlobus","version":"2.12.2","language":"en","enabled_languages":["fr","en"],"languages":{"fr":{"title":true,"content":true,"excerpt":false},"en":{"title":false,"content":false,"excerpt":false}}},"aioseo_notices":[],"pgc_meta":"","_links":{"self":[{"href":"https:\/\/persoclo.fr\/en\/wp-json\/wp\/v2\/pages\/21030"}],"collection":[{"href":"https:\/\/persoclo.fr\/en\/wp-json\/wp\/v2\/pages"}],"about":[{"href":"https:\/\/persoclo.fr\/en\/wp-json\/wp\/v2\/types\/page"}],"author":[{"embeddable":true,"href":"https:\/\/persoclo.fr\/en\/wp-json\/wp\/v2\/users\/91"}],"replies":[{"embeddable":true,"href":"https:\/\/persoclo.fr\/en\/wp-json\/wp\/v2\/comments?post=21030"}],"version-history":[{"count":33,"href":"https:\/\/persoclo.fr\/en\/wp-json\/wp\/v2\/pages\/21030\/revisions"}],"predecessor-version":[{"id":23895,"href":"https:\/\/persoclo.fr\/en\/wp-json\/wp\/v2\/pages\/21030\/revisions\/23895"}],"wp:attachment":[{"href":"https:\/\/persoclo.fr\/en\/wp-json\/wp\/v2\/media?parent=21030"}],"curies":[{"name":"wp","href":"https:\/\/api.w.org\/{rel}","templated":true}]}}