{"id":20501,"date":"2020-03-28T09:58:52","date_gmt":"2020-03-28T08:58:52","guid":{"rendered":"https:\/\/persoclo.fr\/?page_id=20501"},"modified":"2020-10-17T16:23:34","modified_gmt":"2020-10-17T15:23:34","slug":"rannou3d","status":"publish","type":"page","link":"https:\/\/persoclo.fr\/en\/rannou3d\/","title":{"rendered":"Rannou 3d"},"content":{"rendered":"<div id=\"pl-20501\"  class=\"panel-layout\" ><div id=\"pg-20501-0\"  class=\"panel-grid panel-has-style\" ><div class=\"panel-row-style panel-row-style-for-20501-0\" ><div id=\"pgc-20501-0-0\"  class=\"panel-grid-cell\" ><div id=\"panel-20501-0-0-0\" class=\"so-panel widget widget_sow-editor panel-first-child panel-last-child\" data-index=\"0\" ><div\n\t\t\t\n\t\t\tclass=\"so-widget-sow-editor so-widget-sow-editor-base\"\n\t\t\t\n\t\t>\n<div class=\"siteorigin-widget-tinymce textwidget\">\n\t<p><span style=\"color: #000000;\"><img loading=\"lazy\" decoding=\"async\" class=\"alignleft wp-image-20505 size-full\" src=\"https:\/\/persoclo.fr\/wp-content\/uploads\/2020\/03\/rannou3d.png\" alt=\"\" width=\"255\" height=\"96\" \/><\/span><\/p>\n<p class=\"font_7\"><span style=\"font-size: 10pt;\"><strong>Impression.3D<\/strong><\/span><\/p>\n<p class=\"font_7\"><strong>Vous permet de reproduire des pi\u00e8ces ou objet 3d \u00a0\u00e0 base de plastique, par l'interm\u00e9diaire d'imprimante 3d.<\/strong><\/p>\n<p class=\"font_7\">Mod\u00e9lisation de vos pi\u00e8ces cass\u00e9es ou us\u00e9es \u00e0 partir de vos plan, photo, ou tout autre format. Avant toute impression, votre pi\u00e8ce\u00a0est analys\u00e9e en votre pr\u00e9sence ou par tout autre moyen de communication\u00a0afin de d\u00e9terminer la faisabilit\u00e9 et le co\u00fbt de la conception impression.<\/p>\n<\/div>\n<\/div><\/div><\/div><\/div><\/div><div id=\"pg-20501-1\"  class=\"panel-grid panel-has-style\" ><div class=\"panel-row-style panel-row-style-for-20501-1\" ><div id=\"pgc-20501-1-0\"  class=\"panel-grid-cell\" ><div id=\"panel-20501-1-0-0\" class=\"so-panel widget widget_sow-editor panel-first-child\" data-index=\"1\" ><div\n\t\t\t\n\t\t\tclass=\"so-widget-sow-editor so-widget-sow-editor-base\"\n\t\t\t\n\t\t>\n<div class=\"siteorigin-widget-tinymce textwidget\">\n\t<h3 style=\"text-align: center;\"><strong>R\u00e9alisations<\/strong><\/h3>\n<p><iframe loading=\"lazy\" title=\"Impression 3D r\u00e9paration pi\u00e8ces plastique par impression 3d\" width=\"900\" height=\"506\" src=\"https:\/\/www.youtube.com\/embed\/KIYjMz4FSNs?feature=oembed\" frameborder=\"0\" allow=\"accelerometer; autoplay; clipboard-write; encrypted-media; gyroscope; picture-in-picture\" allowfullscreen><\/iframe><\/p>\n<\/div>\n<\/div><\/div><div class='the_champ_counter_container the_champ_horizontal_counter'><div id=\"panel-20501-1-0-1\" class=\"so-panel widget widget_thechamphorizontalcounter\" data-index=\"2\" ><ul class=\"the_champ_sharing_ul\"><li style=\"padding:7.35px 0 !important\" class=\"the_champ_facebook_like\"><div class=\"fb-like\" data-href=\"https:\/\/persoclo.fr\/en\/wp-json\/wp\/v2\/pages\/20501\" data-layout=\"button_count\" data-action=\"like\" data-show-faces=\"false\" data-share=\"false\"><\/div><\/li><\/ul><div style=\"clear:both\"><\/div><\/div><\/div><div id=\"panel-20501-1-0-2\" class=\"so-panel widget widget_sow-editor panel-last-child\" data-index=\"3\" ><div\n\t\t\t\n\t\t\tclass=\"so-widget-sow-editor so-widget-sow-editor-base\"\n\t\t\t\n\t\t>\n<div class=\"siteorigin-widget-tinymce textwidget\">\n\t<div style=\"\" id=\"the_champ_fb_commenting\"><div class=\"fb-comments\" data-href=\"https:\/\/persoclo.fr\/en\/rannou3d\/\" data-numposts=\"0\" data-width=\"100%\" ><\/div><\/div><script type=\"text\/javascript\" src=\"\/\/connect.facebook.net\/en_US\/sdk.js\r\n    \"><\/script><script>FB.init({xfbml:1,version: \"v23.0\"});<\/script>\n<\/div>\n<\/div><\/div><\/div><\/div><\/div><div id=\"pg-20501-2\"  class=\"panel-grid panel-no-style\" ><div id=\"pgc-20501-2-0\"  class=\"panel-grid-cell\" ><div id=\"panel-20501-2-0-0\" class=\"so-panel widget widget_sow-editor panel-first-child\" data-index=\"4\" ><div\n\t\t\t\n\t\t\tclass=\"so-widget-sow-editor so-widget-sow-editor-base\"\n\t\t\t\n\t\t>\n<div class=\"siteorigin-widget-tinymce textwidget\">\n\t<h3 style=\"text-align: center;\">=============<\/h3>\n<h3 style=\"text-align: center;\"><strong>Je choisis cet artisan<\/strong><\/h3>\n<\/div>\n<\/div><\/div><div id=\"panel-20501-2-0-1\" class=\"so-panel widget widget_sow-button panel-last-child\" data-index=\"5\" ><div\n\t\t\t\n\t\t\tclass=\"so-widget-sow-button so-widget-sow-button-wire-a039bb0bb1ce-20501\"\n\t\t\t\n\t\t><div class=\"ow-button-base ow-button-align-center\"\n>\n\t\t\t<a\n\t\t\t\t\thref=\"https:\/\/www.rannou3d.com\/\"\n\t\t\t\t\tclass=\"sowb-button ow-icon-placement-left ow-button-hover\" target=\"_blank\" rel=\"noopener noreferrer\" \t>\n\t\t<span>\n\t\t\t\n\t\t\tC'est parti!\t\t<\/span>\n\t\t\t<\/a>\n\t<\/div>\n<\/div><\/div><\/div><\/div><div id=\"pg-20501-3\"  class=\"panel-grid panel-has-style\" ><div class=\"panel-row-style panel-row-style-for-20501-3\" ><div id=\"pgc-20501-3-0\"  class=\"panel-grid-cell\" ><div id=\"panel-20501-3-0-0\" class=\"so-panel widget widget_sow-accordion panel-first-child panel-last-child\" data-index=\"6\" ><div\n\t\t\t\n\t\t\tclass=\"so-widget-sow-accordion so-widget-sow-accordion-default-a0c0c6005596-20501\"\n\t\t\t\n\t\t><div>\n\t<div class=\"sow-accordion\">\n\t\t\t<div class=\"sow-accordion-panel\n\t\t\t\t\t\"\n\t\t\t\tdata-anchor-id=\"infos-pratiques\">\n\t\t\t\t\t<div class=\"sow-accordion-panel-header-container\" role=\"heading\" aria-level=\"2\">\n\t\t\t\t\t<div class=\"sow-accordion-panel-header\" tabindex=\"0\" role=\"button\" id=\"accordion-label-infos-pratiques\" aria-controls=\"accordion-content-infos-pratiques\" aria-expanded=\"false\">\n\t\t\t\t\t\t<div class=\"sow-accordion-title sow-accordion-title-icon-left\">\n\t\t\t\t\t\t\t\t\t\t\t\t\t\tInfos pratiques\t\t\t\t\t\t\t\t\t\t\t\t\t<\/div>\n\t\t\t\t\t\t<div class=\"sow-accordion-open-close-button\">\n\t\t\t\t\t\t\t<div class=\"sow-accordion-open-button\">\n\t\t\t\t\t\t\t\t<span class=\"sow-icon-ionicons\" data-sow-icon=\"&#xf218;\"\n\t\t \n\t\taria-hidden=\"true\"><\/span>\t\t\t\t\t\t\t<\/div>\n\t\t\t\t\t\t\t<div class=\"sow-accordion-close-button\">\n\t\t\t\t\t\t\t\t<span class=\"sow-icon-ionicons\" data-sow-icon=\"&#xf209;\"\n\t\t \n\t\taria-hidden=\"true\"><\/span>\t\t\t\t\t\t\t<\/div>\n\t\t\t\t\t\t<\/div>\n\t\t\t\t\t<\/div>\n\t\t\t\t<\/div>\n\n\t\t\t<div\n\t\t\t\tclass=\"sow-accordion-panel-content\"\n\t\t\t\trole=\"region\"\n\t\t\t\taria-labelledby=\"accordion-label-infos-pratiques\"\n\t\t\t\tid=\"accordion-content-infos-pratiques\"\n\t\t\t\tstyle=\"display: none;\"\t\t\t>\n\t\t\t\t<div class=\"sow-accordion-panel-border\">\n\t\t\t\t\t<p style=\"text-align: center;\">Rannou3D<\/p>\n<p style=\"text-align: center;\"><a href=\"https:\/\/www.hephaprint.fr\/\">Site Internet<\/a><\/p>\n<p class=\"font_8\" style=\"text-align: center;\">355 rue des meurtiaux<\/p>\n<p class=\"font_8\" style=\"text-align: center;\">22940 PLAINTEL<\/p>\n<div id=\"i7ktgloe\" class=\"txtNew\" data-packed=\"true\">\n<p class=\"font_8\" style=\"text-align: center;\">rannou3d@gmail.com<\/p>\n<p><span style=\"color: #ffffff;\">CRPRS1\u00a0 CRPRS5<\/span><\/p>\n<\/div>\n\t\t\t\t<\/div>\n\t\t\t<\/div>\n\t\t<\/div>\n\t\t<\/div>\n<\/div>\n<\/div><\/div><\/div><\/div><\/div><\/div>","protected":false},"excerpt":{"rendered":"<p>Impression.3D Vous permet de reproduire des pi\u00e8ces ou objet 3d \u00a0\u00e0 base de plastique, par l&#8217;interm\u00e9diaire d&#8217;imprimante 3d. Mod\u00e9lisation de vos pi\u00e8ces cass\u00e9es ou us\u00e9es \u00e0 partir de vos plan, [&hellip;]<\/p>\n","protected":false},"author":91,"featured_media":0,"parent":0,"menu_order":0,"comment_status":"closed","ping_status":"closed","template":"template-full-width.php","meta":{"footnotes":""},"class_list":["post-20501","page","type-page","status-publish","hentry"],"translation":{"provider":"WPGlobus","version":"3.0.2","language":"en","enabled_languages":["fr","en"],"languages":{"fr":{"title":true,"content":true,"excerpt":false},"en":{"title":false,"content":false,"excerpt":false}}},"aioseo_notices":[],"_links":{"self":[{"href":"https:\/\/persoclo.fr\/en\/wp-json\/wp\/v2\/pages\/20501","targetHints":{"allow":["GET"]}}],"collection":[{"href":"https:\/\/persoclo.fr\/en\/wp-json\/wp\/v2\/pages"}],"about":[{"href":"https:\/\/persoclo.fr\/en\/wp-json\/wp\/v2\/types\/page"}],"author":[{"embeddable":true,"href":"https:\/\/persoclo.fr\/en\/wp-json\/wp\/v2\/users\/91"}],"replies":[{"embeddable":true,"href":"https:\/\/persoclo.fr\/en\/wp-json\/wp\/v2\/comments?post=20501"}],"version-history":[{"count":23,"href":"https:\/\/persoclo.fr\/en\/wp-json\/wp\/v2\/pages\/20501\/revisions"}],"predecessor-version":[{"id":21361,"href":"https:\/\/persoclo.fr\/en\/wp-json\/wp\/v2\/pages\/20501\/revisions\/21361"}],"wp:attachment":[{"href":"https:\/\/persoclo.fr\/en\/wp-json\/wp\/v2\/media?parent=20501"}],"curies":[{"name":"wp","href":"https:\/\/api.w.org\/{rel}","templated":true}]}}