{"id":19915,"date":"2020-03-11T11:43:26","date_gmt":"2020-03-11T10:43:26","guid":{"rendered":"https:\/\/persoclo.fr\/?page_id=19915"},"modified":"2020-12-31T19:48:53","modified_gmt":"2020-12-31T18:48:53","slug":"sylvie-kameni-couture","status":"publish","type":"page","link":"https:\/\/persoclo.fr\/en\/sylvie-kameni-couture\/","title":{"rendered":"Sylvie Kam\u00e9ni Couture"},"content":{"rendered":"<div id=\"pl-19915\"  class=\"panel-layout\" ><div id=\"pg-19915-0\"  class=\"panel-grid panel-has-style\" ><div class=\"panel-row-style panel-row-style-for-19915-0\" ><div id=\"pgc-19915-0-0\"  class=\"panel-grid-cell\" ><div id=\"panel-19915-0-0-0\" class=\"so-panel widget widget_sow-editor panel-first-child panel-last-child\" data-index=\"0\" ><div\n\t\t\t\n\t\t\tclass=\"so-widget-sow-editor so-widget-sow-editor-base\"\n\t\t\t\n\t\t>\n<div class=\"siteorigin-widget-tinymce textwidget\">\n\t<p style=\"text-align: center;\"><span style=\"font-size: 14pt;\"><strong>Couture-Cr\u00e9ation<\/strong><\/span><\/p>\n<p><span style=\"font-size: 14pt;\"><img loading=\"lazy\" decoding=\"async\" class=\"wp-image-19912 size-thumbnail aligncenter\" src=\"https:\/\/persoclo.fr\/wp-content\/uploads\/2020\/03\/Portrait-Sylvie-Kameni-150x150.jpeg\" alt=\"\" width=\"150\" height=\"150\" srcset=\"https:\/\/persoclo.fr\/wp-content\/uploads\/2020\/03\/Portrait-Sylvie-Kameni-150x150.jpeg 150w, https:\/\/persoclo.fr\/wp-content\/uploads\/2020\/03\/Portrait-Sylvie-Kameni-100x100.jpeg 100w, https:\/\/persoclo.fr\/wp-content\/uploads\/2020\/03\/Portrait-Sylvie-Kameni.jpeg 250w\" sizes=\"auto, (max-width: 150px) 100vw, 150px\" \/><\/span><\/p>\n<p style=\"text-align: center;\"><span style=\"font-size: 14pt;\"><strong>Sylvie Kameni, Maitre Artisan styliste mod\u00e9liste est sp\u00e9cialis\u00e9e dans la cr\u00e9ation de robes de mari\u00e9e, de robes de soir\u00e9es et de costumes. \u00a0<\/strong><\/span><\/p>\n<p style=\"text-align: center;\"><span style=\"font-size: 14pt;\">Vous r\u00eavez d\u2019une robe de mari\u00e9e unique, r\u00e9alis\u00e9e selon vos souhaits et bien entendu sur mesure, Sylvie Kameni met \u00e0 votre disposition tout son savoir faire.<\/span><\/p>\n<\/div>\n<\/div><\/div><\/div><\/div><\/div><div id=\"pg-19915-1\"  class=\"panel-grid panel-has-style\" ><div class=\"siteorigin-panels-stretch panel-row-style panel-row-style-for-19915-1\" data-stretch-type=\"full-stretched\" ><div id=\"pgc-19915-1-0\"  class=\"panel-grid-cell\" ><div id=\"panel-19915-1-0-0\" class=\"so-panel widget widget_sow-editor panel-first-child panel-last-child\" data-index=\"1\" ><div\n\t\t\t\n\t\t\tclass=\"so-widget-sow-editor so-widget-sow-editor-base\"\n\t\t\t\n\t\t>\n<div class=\"siteorigin-widget-tinymce textwidget\">\n\t<h3 style=\"text-align: center;\"><img loading=\"lazy\" decoding=\"async\" class=\"aligncenter  wp-image-22785\" src=\"https:\/\/persoclo.fr\/wp-content\/uploads\/2020\/09\/Icone-realisation.png\" alt=\"\" width=\"280\" height=\"80\" srcset=\"https:\/\/persoclo.fr\/wp-content\/uploads\/2020\/09\/Icone-realisation.png 395w, https:\/\/persoclo.fr\/wp-content\/uploads\/2020\/09\/Icone-realisation-300x86.png 300w\" sizes=\"auto, (max-width: 280px) 100vw, 280px\" \/><\/h3>\n<p style=\"text-align: center;\">\t\t<div id=\"instagram-gallery-feed-6\" class=\"instagram-gallery-feed\" data-feed=\"{&quot;id&quot;:6,&quot;account_id&quot;:&quot;17841402794725486&quot;,&quot;source&quot;:&quot;tag&quot;,&quot;tag&quot;:&quot;sylviekamenicouture&quot;,&quot;order_by&quot;:&quot;top_media&quot;,&quot;layout&quot;:&quot;carousel&quot;,&quot;limit&quot;:12,&quot;columns&quot;:3,&quot;spacing&quot;:10,&quot;lazy&quot;:true,&quot;responsive&quot;:{&quot;desktop&quot;:{&quot;columns&quot;:3,&quot;spacing&quot;:10},&quot;tablet&quot;:{&quot;columns&quot;:2,&quot;spacing&quot;:8},&quot;mobile&quot;:{&quot;columns&quot;:1,&quot;spacing&quot;:6},&quot;breakpoints&quot;:{&quot;tablet&quot;:768,&quot;mobile&quot;:480}},&quot;aspect_ratio&quot;:{&quot;width&quot;:1,&quot;height&quot;:1},&quot;highlight&quot;:{&quot;tag&quot;:&quot;&quot;,&quot;id&quot;:&quot;&quot;,&quot;position&quot;:&quot;&quot;},&quot;reel&quot;:{&quot;hide&quot;:false},&quot;copyright&quot;:{&quot;hide&quot;:false,&quot;placeholder&quot;:&quot;&quot;},&quot;profile&quot;:{&quot;display&quot;:false,&quot;username&quot;:&quot;&quot;,&quot;nickname&quot;:&quot;&quot;,&quot;website&quot;:&quot;&quot;,&quot;biography&quot;:&quot;&quot;,&quot;link_text&quot;:&quot;Follow&quot;,&quot;website_text&quot;:&quot;Website&quot;,&quot;avatar&quot;:&quot;&quot;},&quot;box&quot;:{&quot;display&quot;:false,&quot;padding&quot;:1,&quot;radius&quot;:0,&quot;background&quot;:&quot;#fefefe&quot;,&quot;profile&quot;:false,&quot;desc&quot;:&quot;&quot;,&quot;text_color&quot;:&quot;#000000&quot;},&quot;mask&quot;:{&quot;display&quot;:true,&quot;background&quot;:&quot;&quot;,&quot;icon_color&quot;:&quot;#ffffff&quot;,&quot;likes_count&quot;:true,&quot;comments_count&quot;:true},&quot;card&quot;:{&quot;display&quot;:false,&quot;radius&quot;:1,&quot;font_size&quot;:12,&quot;background&quot;:&quot;#ffffff&quot;,&quot;background_hover&quot;:&quot;&quot;,&quot;text_color&quot;:&quot;#000000&quot;,&quot;padding&quot;:5,&quot;likes_count&quot;:true,&quot;text_length&quot;:10,&quot;comments_count&quot;:true,&quot;text_align&quot;:&quot;left&quot;},&quot;carousel&quot;:{&quot;centered_slides&quot;:false,&quot;autoplay&quot;:true,&quot;autoplay_interval&quot;:3000,&quot;navarrows&quot;:true,&quot;navarrows_color&quot;:&quot;&quot;,&quot;pagination&quot;:true,&quot;pagination_color&quot;:&quot;&quot;},&quot;modal&quot;:{&quot;display&quot;:true,&quot;profile&quot;:false,&quot;media_description&quot;:true,&quot;likes_count&quot;:true,&quot;comments_count&quot;:true,&quot;comments_list&quot;:false,&quot;text_align&quot;:&quot;left&quot;,&quot;modal_align&quot;:&quot;right&quot;,&quot;text_length&quot;:10000,&quot;font_size&quot;:12},&quot;button&quot;:{&quot;display&quot;:false,&quot;text&quot;:&quot;Voir sur Instagram&quot;,&quot;text_color&quot;:&quot;#ffff&quot;,&quot;background&quot;:&quot;&quot;,&quot;background_hover&quot;:&quot;&quot;},&quot;button_load&quot;:{&quot;display&quot;:false,&quot;text&quot;:&quot;Load more...&quot;,&quot;text_color&quot;:&quot;#ffff&quot;,&quot;background&quot;:&quot;&quot;,&quot;background_hover&quot;:&quot;&quot;}}\">\n\t\t<!-- <FeedContainer\/> -->\n\t\t<\/div>\n\t\t<\/p>\n<\/div>\n<\/div><\/div><\/div><\/div><\/div><div id=\"pg-19915-2\"  class=\"panel-grid panel-has-style\" ><div class=\"panel-row-style panel-row-style-for-19915-2\" ><div id=\"pgc-19915-2-0\"  class=\"panel-grid-cell\" ><div class='the_champ_counter_container the_champ_horizontal_counter'><div id=\"panel-19915-2-0-0\" class=\"so-panel widget widget_thechamphorizontalcounter panel-first-child\" data-index=\"2\" ><ul class=\"the_champ_sharing_ul\"><li style=\"padding:7.35px 0 !important\" class=\"the_champ_facebook_like\"><div class=\"fb-like\" data-href=\"https:\/\/persoclo.fr\/en\/wp-json\/wp\/v2\/pages\/19915\" data-layout=\"button_count\" data-action=\"like\" data-show-faces=\"false\" data-share=\"false\"><\/div><\/li><\/ul><div style=\"clear:both\"><\/div><\/div><\/div><div id=\"panel-19915-2-0-1\" class=\"so-panel widget widget_sow-editor panel-last-child\" data-index=\"3\" ><div\n\t\t\t\n\t\t\tclass=\"so-widget-sow-editor so-widget-sow-editor-base\"\n\t\t\t\n\t\t>\n<div class=\"siteorigin-widget-tinymce textwidget\">\n\t<div style=\"\" id=\"the_champ_fb_commenting\"><div class=\"fb-comments\" data-href=\"https:\/\/persoclo.fr\/en\/sylvie-kameni-couture\/\" data-numposts=\"0\" data-width=\"100%\" ><\/div><\/div><script type=\"text\/javascript\" src=\"\/\/connect.facebook.net\/en_US\/sdk.js\r\n    \"><\/script><script>FB.init({xfbml:1,version: \"v23.0\"});<\/script>\n<\/div>\n<\/div><\/div><\/div><\/div><\/div><div id=\"pg-19915-3\"  class=\"panel-grid panel-has-style\" ><div class=\"panel-row-style panel-row-style-for-19915-3\" ><div id=\"pgc-19915-3-0\"  class=\"panel-grid-cell\" ><div id=\"panel-19915-3-0-0\" class=\"so-panel widget widget_sow-editor panel-first-child\" data-index=\"4\" ><div\n\t\t\t\n\t\t\tclass=\"so-widget-sow-editor so-widget-sow-editor-base\"\n\t\t\t\n\t\t>\n<div class=\"siteorigin-widget-tinymce textwidget\">\n\t<h2 style=\"text-align: center;\">==============<\/h2>\n<h2 style=\"text-align: center;\"><strong>Je choisis cet artisan<\/strong><\/h2>\n<\/div>\n<\/div><\/div><div id=\"panel-19915-3-0-1\" class=\"so-panel widget widget_sow-button panel-last-child\" data-index=\"5\" ><div\n\t\t\t\n\t\t\tclass=\"so-widget-sow-button so-widget-sow-button-wire-a039bb0bb1ce-19915\"\n\t\t\t\n\t\t><div class=\"ow-button-base ow-button-align-center\"\n>\n\t\t\t<a\n\t\t\t\t\thref=\"https:\/\/sylviekamenicouture.book.fr\/\"\n\t\t\t\t\tclass=\"sowb-button ow-icon-placement-left ow-button-hover\" target=\"_blank\" rel=\"noopener noreferrer\" \t>\n\t\t<span>\n\t\t\t\n\t\t\tC'est parti!\t\t<\/span>\n\t\t\t<\/a>\n\t<\/div>\n<\/div><\/div><\/div><\/div><\/div><div id=\"pg-19915-4\"  class=\"panel-grid panel-has-style\" ><div class=\"panel-row-style panel-row-style-for-19915-4\" ><div id=\"pgc-19915-4-0\"  class=\"panel-grid-cell\" ><div id=\"panel-19915-4-0-0\" class=\"so-panel widget widget_sow-accordion panel-first-child panel-last-child\" data-index=\"6\" ><div\n\t\t\t\n\t\t\tclass=\"so-widget-sow-accordion so-widget-sow-accordion-default-a7f7c6c54927-19915\"\n\t\t\t\n\t\t><div>\n\t<div class=\"sow-accordion\">\n\t\t\t<div class=\"sow-accordion-panel\n\t\t\t\t\t\"\n\t\t\t\tdata-anchor-id=\"infos-pratiques\">\n\t\t\t\t\t<div class=\"sow-accordion-panel-header-container\" role=\"heading\" aria-level=\"2\">\n\t\t\t\t\t<div class=\"sow-accordion-panel-header\" tabindex=\"0\" role=\"button\" id=\"accordion-label-infos-pratiques\" aria-controls=\"accordion-content-infos-pratiques\" aria-expanded=\"false\">\n\t\t\t\t\t\t<div class=\"sow-accordion-title sow-accordion-title-icon-left\">\n\t\t\t\t\t\t\t\t\t\t\t\t\t\tInfos pratiques\t\t\t\t\t\t\t\t\t\t\t\t\t<\/div>\n\t\t\t\t\t\t<div class=\"sow-accordion-open-close-button\">\n\t\t\t\t\t\t\t<div class=\"sow-accordion-open-button\">\n\t\t\t\t\t\t\t\t<span class=\"sow-icon-ionicons\" data-sow-icon=\"&#xf218;\"\n\t\t \n\t\taria-hidden=\"true\"><\/span>\t\t\t\t\t\t\t<\/div>\n\t\t\t\t\t\t\t<div class=\"sow-accordion-close-button\">\n\t\t\t\t\t\t\t\t<span class=\"sow-icon-ionicons\" data-sow-icon=\"&#xf209;\"\n\t\t \n\t\taria-hidden=\"true\"><\/span>\t\t\t\t\t\t\t<\/div>\n\t\t\t\t\t\t<\/div>\n\t\t\t\t\t<\/div>\n\t\t\t\t<\/div>\n\n\t\t\t<div\n\t\t\t\tclass=\"sow-accordion-panel-content\"\n\t\t\t\trole=\"region\"\n\t\t\t\taria-labelledby=\"accordion-label-infos-pratiques\"\n\t\t\t\tid=\"accordion-content-infos-pratiques\"\n\t\t\t\tstyle=\"display: none;\"\t\t\t>\n\t\t\t\t<div class=\"sow-accordion-panel-border\">\n\t\t\t\t\t<p style=\"text-align: center;\"><strong>Sylvie Kam\u00e9ni<\/strong><\/p>\n<p style=\"text-align: center;\"><a href=\"https:\/\/sylviekamenicouture.book.fr\/\">Site Internet<\/a><\/p>\n<p style=\"text-align: center;\">skameni.couture@gmail.com<\/p>\n<p style=\"text-align: center;\"><strong><span style=\"color: #ffffff;\">CRPRS1 CRPRS0<\/span><\/strong><\/p>\n\t\t\t\t<\/div>\n\t\t\t<\/div>\n\t\t<\/div>\n\t\t<\/div>\n<\/div>\n<\/div><\/div><\/div><\/div><\/div><\/div>","protected":false},"excerpt":{"rendered":"<p>Couture-Cr\u00e9ation Sylvie Kameni, Maitre Artisan styliste mod\u00e9liste est sp\u00e9cialis\u00e9e dans la cr\u00e9ation de robes de mari\u00e9e, de robes de soir\u00e9es et de costumes. \u00a0 Vous r\u00eavez d\u2019une robe de mari\u00e9e [&hellip;]<\/p>\n","protected":false},"author":91,"featured_media":0,"parent":0,"menu_order":0,"comment_status":"closed","ping_status":"closed","template":"template-full-width.php","meta":{"footnotes":""},"class_list":["post-19915","page","type-page","status-publish","hentry"],"translation":{"provider":"WPGlobus","version":"3.0.2","language":"en","enabled_languages":["fr","en"],"languages":{"fr":{"title":true,"content":true,"excerpt":false},"en":{"title":false,"content":false,"excerpt":false}}},"aioseo_notices":[],"_links":{"self":[{"href":"https:\/\/persoclo.fr\/en\/wp-json\/wp\/v2\/pages\/19915","targetHints":{"allow":["GET"]}}],"collection":[{"href":"https:\/\/persoclo.fr\/en\/wp-json\/wp\/v2\/pages"}],"about":[{"href":"https:\/\/persoclo.fr\/en\/wp-json\/wp\/v2\/types\/page"}],"author":[{"embeddable":true,"href":"https:\/\/persoclo.fr\/en\/wp-json\/wp\/v2\/users\/91"}],"replies":[{"embeddable":true,"href":"https:\/\/persoclo.fr\/en\/wp-json\/wp\/v2\/comments?post=19915"}],"version-history":[{"count":21,"href":"https:\/\/persoclo.fr\/en\/wp-json\/wp\/v2\/pages\/19915\/revisions"}],"predecessor-version":[{"id":23066,"href":"https:\/\/persoclo.fr\/en\/wp-json\/wp\/v2\/pages\/19915\/revisions\/23066"}],"wp:attachment":[{"href":"https:\/\/persoclo.fr\/en\/wp-json\/wp\/v2\/media?parent=19915"}],"curies":[{"name":"wp","href":"https:\/\/api.w.org\/{rel}","templated":true}]}}