{"id":19574,"date":"2020-03-07T23:05:27","date_gmt":"2020-03-07T22:05:27","guid":{"rendered":"https:\/\/persoclo.fr\/?page_id=19574"},"modified":"2020-10-05T19:06:29","modified_gmt":"2020-10-05T18:06:29","slug":"latelier-ethan","status":"publish","type":"page","link":"https:\/\/persoclo.fr\/en\/latelier-ethan\/","title":{"rendered":"L&#8217;ATELIER ETHAN"},"content":{"rendered":"<div id=\"pl-19574\"  class=\"panel-layout\" ><div id=\"pg-19574-0\"  class=\"panel-grid panel-has-style\" ><div class=\"panel-row-style panel-row-style-for-19574-0\" ><div id=\"pgc-19574-0-0\"  class=\"panel-grid-cell\" ><div id=\"panel-19574-0-0-0\" class=\"so-panel widget widget_sow-editor panel-first-child panel-last-child\" data-index=\"0\" ><div\n\t\t\t\n\t\t\tclass=\"so-widget-sow-editor so-widget-sow-editor-base\"\n\t\t\t\n\t\t>\n<div class=\"siteorigin-widget-tinymce textwidget\">\n\t<p style=\"text-align: center;\"><span style=\"font-size: 14pt;\"><strong>Couture-Cr\u00e9er-Retouches<\/strong><\/span><\/p>\n<p style=\"text-align: center;\"><span style=\"font-size: 14pt;\"><img loading=\"lazy\" decoding=\"async\" class=\"wp-image-19573 size-medium aligncenter\" src=\"https:\/\/persoclo.fr\/wp-content\/uploads\/2020\/03\/blogk-300x127.png\" alt=\"\" width=\"300\" height=\"127\" srcset=\"https:\/\/persoclo.fr\/wp-content\/uploads\/2020\/03\/blogk-300x127.png 300w, https:\/\/persoclo.fr\/wp-content\/uploads\/2020\/03\/blogk.png 450w\" sizes=\"auto, (max-width: 300px) 100vw, 300px\" \/><\/span><\/p>\n<p style=\"text-align: center;\"><span style=\"font-size: 14pt;\"><strong>Nous r\u00e9alisons des travaux de couture-sur-mesure, d\u2019ajustement, de retouche et de grande transformation de costumes, de robes ou tous autres v\u00eatements. <\/strong><\/span><\/p>\n<p style=\"text-align: center;\"><span style=\"font-size: 14pt;\">Vous n\u2019arrivez pas a\u0300 trouver le costume de vos re\u0302ves ou tout simplement un costume a\u0300 votre taille? Sachez qu\u2019il est possible de le cre\u0301er. Demi-mesure ou sur-mesure, ces services vous permettent non seulement d\u2019acque\u0301rir un costume qui vous ira a\u0300 la perfection mais de la personnaliser dans les moindres de\u0301tails.<\/span><\/p>\n<p style=\"text-align: center;\"><span style=\"font-size: 14pt;\">Nous proposons des services avanc\u00e9s de couture et de retouches sp\u00e9cialis\u00e9s dans la mousseline, les paillettes, la soie, le cristal, la dentelle, le denim, les tissus nobles et bien plus encore.<\/span><\/p>\n<\/div>\n<\/div><\/div><\/div><\/div><\/div><div id=\"pg-19574-1\"  class=\"panel-grid panel-has-style\" ><div class=\"panel-row-style panel-row-style-for-19574-1\" ><div id=\"pgc-19574-1-0\"  class=\"panel-grid-cell\" ><div class='the_champ_counter_container the_champ_horizontal_counter'><div id=\"panel-19574-1-0-0\" class=\"so-panel widget widget_thechamphorizontalcounter panel-first-child\" data-index=\"1\" ><ul class=\"the_champ_sharing_ul\"><li style=\"padding:7.35px 0 !important\" class=\"the_champ_facebook_like\"><div class=\"fb-like\" data-href=\"https:\/\/persoclo.fr\/en\/wp-json\/wp\/v2\/pages\/19574\" data-layout=\"button_count\" data-action=\"like\" data-show-faces=\"false\" data-share=\"false\"><\/div><\/li><\/ul><div style=\"clear:both\"><\/div><\/div><\/div><div id=\"panel-19574-1-0-1\" class=\"so-panel widget widget_sow-editor panel-last-child\" data-index=\"2\" ><div\n\t\t\t\n\t\t\tclass=\"so-widget-sow-editor so-widget-sow-editor-base\"\n\t\t\t\n\t\t>\n<div class=\"siteorigin-widget-tinymce textwidget\">\n\t<div style=\"\" id=\"the_champ_fb_commenting\"><div class=\"fb-comments\" data-href=\"https:\/\/persoclo.fr\/en\/latelier-ethan\/\" data-numposts=\"0\" data-width=\"100%\" ><\/div><\/div><script type=\"text\/javascript\" src=\"\/\/connect.facebook.net\/en_US\/sdk.js\r\n    \"><\/script><script>FB.init({xfbml:1,version: \"v23.0\"});<\/script>\n<\/div>\n<\/div><\/div><\/div><\/div><\/div><div id=\"pg-19574-2\"  class=\"panel-grid panel-has-style\" ><div class=\"panel-row-style panel-row-style-for-19574-2\" ><div id=\"pgc-19574-2-0\"  class=\"panel-grid-cell\" ><div id=\"panel-19574-2-0-0\" class=\"so-panel widget widget_sow-editor panel-first-child\" data-index=\"3\" ><div\n\t\t\t\n\t\t\tclass=\"so-widget-sow-editor so-widget-sow-editor-base\"\n\t\t\t\n\t\t>\n<div class=\"siteorigin-widget-tinymce textwidget\">\n\t<h3 style=\"text-align: center;\">=============<\/h3>\n<h3 style=\"text-align: center;\"><strong>Je choisis cet artisan<\/strong><\/h3>\n<\/div>\n<\/div><\/div><div id=\"panel-19574-2-0-1\" class=\"so-panel widget widget_sow-button panel-last-child\" data-index=\"4\" ><div\n\t\t\t\n\t\t\tclass=\"so-widget-sow-button so-widget-sow-button-wire-a039bb0bb1ce-19574\"\n\t\t\t\n\t\t><div class=\"ow-button-base ow-button-align-center\"\n>\n\t\t\t<a\n\t\t\t\t\thref=\"https:\/\/www.atelier-ethan.fr\/\"\n\t\t\t\t\tclass=\"sowb-button ow-icon-placement-left ow-button-hover\" \t>\n\t\t<span>\n\t\t\t\n\t\t\tC'est parti!\t\t<\/span>\n\t\t\t<\/a>\n\t<\/div>\n<\/div><\/div><\/div><\/div><\/div><div id=\"pg-19574-3\"  class=\"panel-grid panel-has-style\" ><div class=\"panel-row-style panel-row-style-for-19574-3\" ><div id=\"pgc-19574-3-0\"  class=\"panel-grid-cell\" ><div id=\"panel-19574-3-0-0\" class=\"so-panel widget widget_sow-accordion panel-first-child panel-last-child\" data-index=\"5\" ><div\n\t\t\t\n\t\t\tclass=\"so-widget-sow-accordion so-widget-sow-accordion-default-3dada68da567-19574\"\n\t\t\t\n\t\t><div>\n\t<div class=\"sow-accordion\">\n\t\t\t<div class=\"sow-accordion-panel\n\t\t\t\t\t\"\n\t\t\t\tdata-anchor-id=\"infos-pratiques\">\n\t\t\t\t\t<div class=\"sow-accordion-panel-header-container\" role=\"heading\" aria-level=\"2\">\n\t\t\t\t\t<div class=\"sow-accordion-panel-header\" tabindex=\"0\" role=\"button\" id=\"accordion-label-infos-pratiques\" aria-controls=\"accordion-content-infos-pratiques\" aria-expanded=\"false\">\n\t\t\t\t\t\t<div class=\"sow-accordion-title sow-accordion-title-icon-left\">\n\t\t\t\t\t\t\t\t\t\t\t\t\t\tInfos pratiques\t\t\t\t\t\t\t\t\t\t\t\t\t<\/div>\n\t\t\t\t\t\t<div class=\"sow-accordion-open-close-button\">\n\t\t\t\t\t\t\t<div class=\"sow-accordion-open-button\">\n\t\t\t\t\t\t\t\t<span class=\"sow-icon-ionicons\" data-sow-icon=\"&#xf218;\"\n\t\t \n\t\taria-hidden=\"true\"><\/span>\t\t\t\t\t\t\t<\/div>\n\t\t\t\t\t\t\t<div class=\"sow-accordion-close-button\">\n\t\t\t\t\t\t\t\t<span class=\"sow-icon-ionicons\" data-sow-icon=\"&#xf209;\"\n\t\t \n\t\taria-hidden=\"true\"><\/span>\t\t\t\t\t\t\t<\/div>\n\t\t\t\t\t\t<\/div>\n\t\t\t\t\t<\/div>\n\t\t\t\t<\/div>\n\n\t\t\t<div\n\t\t\t\tclass=\"sow-accordion-panel-content\"\n\t\t\t\trole=\"region\"\n\t\t\t\taria-labelledby=\"accordion-label-infos-pratiques\"\n\t\t\t\tid=\"accordion-content-infos-pratiques\"\n\t\t\t\tstyle=\"display: none;\"\t\t\t>\n\t\t\t\t<div class=\"sow-accordion-panel-border\">\n\t\t\t\t\t<p style=\"text-align: center;\"><strong>L'Atelier Ethan<\/strong><\/p>\n<p style=\"text-align: center;\"><a href=\"https:\/\/www.atelier-ethan.fr\/atelier-ethan\">Site Internet<\/a><\/p>\n<p style=\"text-align: center;\">58 Rue des Mathurins,<\/p>\n<p style=\"text-align: center;\">75008 Paris<\/p>\n<p><span style=\"color: #ffffff;\">CRPRS0 CRPRS1 Ret123<\/span><\/p>\n\t\t\t\t<\/div>\n\t\t\t<\/div>\n\t\t<\/div>\n\t\t<\/div>\n<\/div>\n<\/div><\/div><\/div><\/div><\/div><\/div>","protected":false},"excerpt":{"rendered":"<p>Couture-Cr\u00e9er-Retouches Nous r\u00e9alisons des travaux de couture-sur-mesure, d\u2019ajustement, de retouche et de grande transformation de costumes, de robes ou tous autres v\u00eatements. Vous n\u2019arrivez pas a\u0300 trouver le costume de [&hellip;]<\/p>\n","protected":false},"author":91,"featured_media":0,"parent":0,"menu_order":0,"comment_status":"closed","ping_status":"closed","template":"template-full-width.php","meta":{"footnotes":""},"class_list":["post-19574","page","type-page","status-publish","hentry"],"translation":{"provider":"WPGlobus","version":"3.0.2","language":"en","enabled_languages":["fr","en"],"languages":{"fr":{"title":true,"content":true,"excerpt":false},"en":{"title":false,"content":false,"excerpt":false}}},"aioseo_notices":[],"_links":{"self":[{"href":"https:\/\/persoclo.fr\/en\/wp-json\/wp\/v2\/pages\/19574","targetHints":{"allow":["GET"]}}],"collection":[{"href":"https:\/\/persoclo.fr\/en\/wp-json\/wp\/v2\/pages"}],"about":[{"href":"https:\/\/persoclo.fr\/en\/wp-json\/wp\/v2\/types\/page"}],"author":[{"embeddable":true,"href":"https:\/\/persoclo.fr\/en\/wp-json\/wp\/v2\/users\/91"}],"replies":[{"embeddable":true,"href":"https:\/\/persoclo.fr\/en\/wp-json\/wp\/v2\/comments?post=19574"}],"version-history":[{"count":21,"href":"https:\/\/persoclo.fr\/en\/wp-json\/wp\/v2\/pages\/19574\/revisions"}],"predecessor-version":[{"id":19580,"href":"https:\/\/persoclo.fr\/en\/wp-json\/wp\/v2\/pages\/19574\/revisions\/19580"}],"wp:attachment":[{"href":"https:\/\/persoclo.fr\/en\/wp-json\/wp\/v2\/media?parent=19574"}],"curies":[{"name":"wp","href":"https:\/\/api.w.org\/{rel}","templated":true}]}}