{"id":18873,"date":"2020-02-25T14:02:33","date_gmt":"2020-02-25T13:02:33","guid":{"rendered":"https:\/\/persoclo.fr\/?page_id=18873"},"modified":"2020-07-14T16:49:43","modified_gmt":"2020-07-14T15:49:43","slug":"sneakers-chill","status":"publish","type":"page","link":"https:\/\/persoclo.fr\/en\/sneakers-chill\/","title":{"rendered":"Sneakers &#038; Chill"},"content":{"rendered":"<div id=\"pl-18873\"  class=\"panel-layout\" ><div id=\"pg-18873-0\"  class=\"panel-grid panel-has-style\" ><div class=\"panel-row-style panel-row-style-for-18873-0\" ><div id=\"pgc-18873-0-0\"  class=\"panel-grid-cell\" ><div id=\"panel-18873-0-0-0\" class=\"so-panel widget widget_sow-editor panel-first-child panel-last-child\" data-index=\"0\" ><div\n\t\t\t\n\t\t\tclass=\"so-widget-sow-editor so-widget-sow-editor-base\"\n\t\t\t\n\t\t>\n<div class=\"siteorigin-widget-tinymce textwidget\">\n\t<p><img loading=\"lazy\" decoding=\"async\" class=\"size-thumbnail wp-image-18327 alignleft\" src=\"https:\/\/persoclo.fr\/wp-content\/uploads\/2020\/02\/shopAIXx-150x150.jpg\" alt=\"\" width=\"150\" height=\"150\" srcset=\"https:\/\/persoclo.fr\/wp-content\/uploads\/2020\/02\/shopAIXx-150x150.jpg 150w, https:\/\/persoclo.fr\/wp-content\/uploads\/2020\/02\/shopAIXx-400x400.jpg 400w, https:\/\/persoclo.fr\/wp-content\/uploads\/2020\/02\/shopAIXx-100x100.jpg 100w\" sizes=\"auto, (max-width: 150px) 100vw, 150px\" \/><\/p>\n<p><strong><span style=\"font-size: 10pt;\">Personnalisation-R\u00e9novation-Chaussures<\/span><\/strong><\/p>\n<p><strong>Service unique en France permettant de redonner vie \u00e0 vos baskets. <\/strong><\/p>\n<p style=\"text-align: justify;\">S\u2019inscrivants dans une d\u00e9marche \u00e9co-responsable, 3 services sont propos\u00e9s: nettoyage, r\u00e9novation et customisation\u00a0 <span style=\"color: #ffffff;\">REC123<\/span><\/p>\n<p style=\"text-align: justify;\">Avec Sneakers &amp; Chill vous allez aimer ce que vous comptiez jeter. <span style=\"color: #ffffff;\">5678<\/span><\/p>\n<p style=\"text-align: justify;\"><strong><em>Nettoyage<\/em><\/strong>: Pour un nettoyage en profondeur, un d\u00e9lai de 3 \u00e0 5 jours ouvrables est \u00e0 pr\u00e9voir. Nous traitons toutes les mati\u00e8res Premium ou standards : cuir, nubuck, vernis, nylon, simili, toile \u2026etc.<\/p>\n<p style=\"text-align: justify;\"><strong><em>R\u00e9paration<\/em><\/strong>: Sneakers &amp; Chill vous propose diff\u00e9rents types de r\u00e9paration (d\u00e9jaunissement de semelle, recolocaration d\u2019origine ou Midsole repaint). Pour les baskets tr\u00e8s ab\u00eem\u00e9es, diff\u00e9rentes r\u00e9parations sont propos\u00e9es \u00e0 la carte : retouches, d\u00e9soxydation et recoloration d\u2019origine.<\/p>\n<p style=\"text-align: justify;\"><em><strong>Personnalisation<\/strong><\/em>: Vous \u00eates unique, Sneakers &amp; Chill est \u00e0 votre \u00e9coute et r\u00e9alise toutes vos demandes de personnalisation et customisation : vos initiales, un effet J. Pollock, un personnage de comics \u2026 Surfer sur notre catalogue. Vos id\u00e9es sont les bienvenues !<\/p>\n<p style=\"text-align: justify;\">Un d\u00e9lai de 10 \u00e0 15 jours est \u00e0 pr\u00e9voir pour vos demandes. Gr\u00e2ce au talent de nos artistes, vos baskets auront un nouveau look !<\/p>\n<p style=\"text-align: justify;\">Ce service est \u00e9galement propos\u00e9 sur la petite maroquinerie : Sacs, porte-cartes, pochettes Ipad\u2026.<br \/>\nVenez d\u00e9couvrir notre savoir-faire \u00e0 l\u2019atelier Sneakers &amp; Chill, nos customizers sont sur place pour r\u00e9pondre \u00e0 toutes vos exigences et questions.<\/p>\n<\/div>\n<\/div><\/div><\/div><\/div><\/div><div id=\"pg-18873-1\"  class=\"panel-grid panel-no-style\" ><div id=\"pgc-18873-1-0\"  class=\"panel-grid-cell\" ><div id=\"panel-18873-1-0-0\" class=\"so-panel widget widget_sow-editor panel-first-child panel-last-child\" data-index=\"1\" ><div\n\t\t\t\n\t\t\tclass=\"so-widget-sow-editor so-widget-sow-editor-base\"\n\t\t\t\n\t\t>\n<div class=\"siteorigin-widget-tinymce textwidget\">\n\t<h3 style=\"text-align: center;\">R\u00e9alisations:<\/h3>\n<p style=\"text-align: center;\">\t\t<div id=\"instagram-gallery-feed-1\" class=\"instagram-gallery-feed\" data-feed=\"{&quot;id&quot;:1,&quot;account_id&quot;:&quot;17841402794725486&quot;,&quot;source&quot;:&quot;tag&quot;,&quot;tag&quot;:&quot;sneakersnchill&quot;,&quot;order_by&quot;:&quot;top_media&quot;,&quot;layout&quot;:&quot;carousel&quot;,&quot;limit&quot;:12,&quot;columns&quot;:3,&quot;spacing&quot;:10,&quot;lazy&quot;:true,&quot;responsive&quot;:{&quot;desktop&quot;:{&quot;columns&quot;:3,&quot;spacing&quot;:10},&quot;tablet&quot;:{&quot;columns&quot;:2,&quot;spacing&quot;:8},&quot;mobile&quot;:{&quot;columns&quot;:1,&quot;spacing&quot;:6},&quot;breakpoints&quot;:{&quot;tablet&quot;:768,&quot;mobile&quot;:480}},&quot;aspect_ratio&quot;:{&quot;width&quot;:1,&quot;height&quot;:1},&quot;highlight&quot;:{&quot;tag&quot;:&quot;&quot;,&quot;id&quot;:&quot;&quot;,&quot;position&quot;:&quot;&quot;},&quot;reel&quot;:{&quot;hide&quot;:false},&quot;copyright&quot;:{&quot;hide&quot;:false,&quot;placeholder&quot;:&quot;&quot;},&quot;profile&quot;:{&quot;display&quot;:false,&quot;username&quot;:&quot;&quot;,&quot;nickname&quot;:&quot;&quot;,&quot;website&quot;:&quot;&quot;,&quot;biography&quot;:&quot;&quot;,&quot;link_text&quot;:&quot;Follow&quot;,&quot;website_text&quot;:&quot;Website&quot;,&quot;avatar&quot;:&quot;&quot;},&quot;box&quot;:{&quot;display&quot;:false,&quot;padding&quot;:1,&quot;radius&quot;:0,&quot;background&quot;:&quot;#fefefe&quot;,&quot;profile&quot;:false,&quot;desc&quot;:&quot;&quot;,&quot;text_color&quot;:&quot;#000000&quot;},&quot;mask&quot;:{&quot;display&quot;:true,&quot;background&quot;:&quot;&quot;,&quot;icon_color&quot;:&quot;#ffffff&quot;,&quot;likes_count&quot;:true,&quot;comments_count&quot;:true},&quot;card&quot;:{&quot;display&quot;:false,&quot;radius&quot;:1,&quot;font_size&quot;:12,&quot;background&quot;:&quot;#ffffff&quot;,&quot;background_hover&quot;:&quot;&quot;,&quot;text_color&quot;:&quot;#000000&quot;,&quot;padding&quot;:5,&quot;likes_count&quot;:true,&quot;text_length&quot;:10,&quot;comments_count&quot;:true,&quot;text_align&quot;:&quot;left&quot;},&quot;carousel&quot;:{&quot;centered_slides&quot;:false,&quot;autoplay&quot;:true,&quot;autoplay_interval&quot;:3000,&quot;navarrows&quot;:true,&quot;navarrows_color&quot;:&quot;&quot;,&quot;pagination&quot;:false,&quot;pagination_color&quot;:&quot;&quot;},&quot;modal&quot;:{&quot;display&quot;:true,&quot;profile&quot;:false,&quot;media_description&quot;:true,&quot;likes_count&quot;:true,&quot;comments_count&quot;:true,&quot;comments_list&quot;:false,&quot;text_align&quot;:&quot;left&quot;,&quot;modal_align&quot;:&quot;right&quot;,&quot;text_length&quot;:10000,&quot;font_size&quot;:12},&quot;button&quot;:{&quot;display&quot;:false,&quot;text&quot;:&quot;Voir sur Instagram&quot;,&quot;text_color&quot;:&quot;#ffff&quot;,&quot;background&quot;:&quot;&quot;,&quot;background_hover&quot;:&quot;&quot;},&quot;button_load&quot;:{&quot;display&quot;:false,&quot;text&quot;:&quot;Load more...&quot;,&quot;text_color&quot;:&quot;#ffff&quot;,&quot;background&quot;:&quot;&quot;,&quot;background_hover&quot;:&quot;&quot;}}\">\n\t\t<!-- <FeedContainer\/> -->\n\t\t<\/div>\n\t\t<\/p>\n<\/div>\n<\/div><\/div><\/div><\/div><div id=\"pg-18873-2\"  class=\"panel-grid panel-has-style\" ><div class=\"panel-row-style panel-row-style-for-18873-2\" ><div id=\"pgc-18873-2-0\"  class=\"panel-grid-cell\" ><div class='the_champ_counter_container the_champ_horizontal_counter'><div id=\"panel-18873-2-0-0\" class=\"so-panel widget widget_thechamphorizontalcounter panel-first-child\" data-index=\"2\" ><ul class=\"the_champ_sharing_ul\"><li style=\"padding:7.35px 0 !important\" class=\"the_champ_facebook_like\"><div class=\"fb-like\" data-href=\"https:\/\/persoclo.fr\/en\/wp-json\/wp\/v2\/pages\/18873\" data-layout=\"button_count\" data-action=\"like\" data-show-faces=\"false\" data-share=\"false\"><\/div><\/li><\/ul><div style=\"clear:both\"><\/div><\/div><\/div><div id=\"panel-18873-2-0-1\" class=\"so-panel widget widget_sow-editor panel-last-child\" data-index=\"3\" ><div\n\t\t\t\n\t\t\tclass=\"so-widget-sow-editor so-widget-sow-editor-base\"\n\t\t\t\n\t\t>\n<div class=\"siteorigin-widget-tinymce textwidget\">\n\t<div style=\"\" id=\"the_champ_fb_commenting\"><div class=\"fb-comments\" data-href=\"https:\/\/persoclo.fr\/en\/sneakers-chill\/\" data-numposts=\"0\" data-width=\"100%\" ><\/div><\/div><script type=\"text\/javascript\" src=\"\/\/connect.facebook.net\/en_US\/sdk.js\r\n    \"><\/script><script>FB.init({xfbml:1,version: \"v23.0\"});<\/script>\n<\/div>\n<\/div><\/div><\/div><\/div><\/div><div id=\"pg-18873-3\"  class=\"panel-grid panel-no-style\" ><div id=\"pgc-18873-3-0\"  class=\"panel-grid-cell\" ><div id=\"panel-18873-3-0-0\" class=\"so-panel widget widget_sow-editor panel-first-child\" data-index=\"4\" ><div\n\t\t\t\n\t\t\tclass=\"so-widget-sow-editor so-widget-sow-editor-base\"\n\t\t\t\n\t\t>\n<div class=\"siteorigin-widget-tinymce textwidget\">\n\t<h2 style=\"text-align: center;\">==============<\/h2>\n<h2 style=\"text-align: center;\"><strong>Je choisis cet artisan<\/strong><\/h2>\n<\/div>\n<\/div><\/div><div id=\"panel-18873-3-0-1\" class=\"so-panel widget widget_sow-button panel-last-child\" data-index=\"5\" ><div\n\t\t\t\n\t\t\tclass=\"so-widget-sow-button so-widget-sow-button-wire-a039bb0bb1ce-18873\"\n\t\t\t\n\t\t><div class=\"ow-button-base ow-button-align-center\"\n>\n\t\t\t<a\n\t\t\t\t\thref=\"https:\/\/sneakersandchill.com\/\"\n\t\t\t\t\tclass=\"sowb-button ow-icon-placement-left ow-button-hover\" target=\"_blank\" rel=\"noopener noreferrer\" \t>\n\t\t<span>\n\t\t\t\n\t\t\tC'est parti! \t\t<\/span>\n\t\t\t<\/a>\n\t<\/div>\n<\/div><\/div><\/div><\/div><div id=\"pg-18873-4\"  class=\"panel-grid panel-has-style\" ><div class=\"panel-row-style panel-row-style-for-18873-4\" ><div id=\"pgc-18873-4-0\"  class=\"panel-grid-cell\" ><div id=\"panel-18873-4-0-0\" class=\"so-panel widget widget_sow-accordion panel-first-child panel-last-child\" data-index=\"6\" ><div\n\t\t\t\n\t\t\tclass=\"so-widget-sow-accordion so-widget-sow-accordion-default-9732213f0847-18873\"\n\t\t\t\n\t\t><div>\n\t<div class=\"sow-accordion\">\n\t\t\t<div class=\"sow-accordion-panel\n\t\t\t\t\t\"\n\t\t\t\tdata-anchor-id=\"infos-pratiques\">\n\t\t\t\t\t<div class=\"sow-accordion-panel-header-container\" role=\"heading\" aria-level=\"2\">\n\t\t\t\t\t<div class=\"sow-accordion-panel-header\" tabindex=\"0\" role=\"button\" id=\"accordion-label-infos-pratiques\" aria-controls=\"accordion-content-infos-pratiques\" aria-expanded=\"false\">\n\t\t\t\t\t\t<div class=\"sow-accordion-title sow-accordion-title-icon-left\">\n\t\t\t\t\t\t\t\t\t\t\t\t\t\tInfos pratiques\t\t\t\t\t\t\t\t\t\t\t\t\t<\/div>\n\t\t\t\t\t\t<div class=\"sow-accordion-open-close-button\">\n\t\t\t\t\t\t\t<div class=\"sow-accordion-open-button\">\n\t\t\t\t\t\t\t\t<span class=\"sow-icon-ionicons\" data-sow-icon=\"&#xf218;\"\n\t\t \n\t\taria-hidden=\"true\"><\/span>\t\t\t\t\t\t\t<\/div>\n\t\t\t\t\t\t\t<div class=\"sow-accordion-close-button\">\n\t\t\t\t\t\t\t\t<span class=\"sow-icon-ionicons\" data-sow-icon=\"&#xf209;\"\n\t\t \n\t\taria-hidden=\"true\"><\/span>\t\t\t\t\t\t\t<\/div>\n\t\t\t\t\t\t<\/div>\n\t\t\t\t\t<\/div>\n\t\t\t\t<\/div>\n\n\t\t\t<div\n\t\t\t\tclass=\"sow-accordion-panel-content\"\n\t\t\t\trole=\"region\"\n\t\t\t\taria-labelledby=\"accordion-label-infos-pratiques\"\n\t\t\t\tid=\"accordion-content-infos-pratiques\"\n\t\t\t\tstyle=\"display: none;\"\t\t\t>\n\t\t\t\t<div class=\"sow-accordion-panel-border\">\n\t\t\t\t\t<p style=\"text-align: center;\"><strong>Sneakers'nChill<\/strong><\/p>\n<p style=\"text-align: center;\"><a href=\"https:\/\/sneakersandchill.com\/\" target=\"_blank\" rel=\"noopener\">Aller sur le site Internet<\/a><\/p>\n<p style=\"text-align: center;\"><strong>PARIS<\/strong><\/p>\n<p style=\"text-align: center;\">78 Rue d'Aboukir, 75002 Paris<\/p>\n<p style=\"text-align: center;\">Du lundi au samedi \u2013 11h \/ 19h<br \/>\n09 83 06 72 02<br \/>\ncontact@sneakersandchill.com<\/p>\n<p style=\"text-align: center;\"><strong>LYON<\/strong><\/p>\n<p style=\"text-align: center;\">2 rue Laurencin, Lyon<\/p>\n<p style=\"text-align: center;\">Du mardi au samedi \u2013 11h \/ 19h<br \/>\n09 81 71 97 42<br \/>\nlyon@sneakersandchill.com<\/p>\n<p style=\"text-align: center;\"><strong>AIX-EN-PROVENCE<\/strong><\/p>\n<p style=\"text-align: center;\">16 Rue Paul Bert, Aix-en-Provence<\/p>\n<p style=\"text-align: center;\">04 42 21 49 71<\/p>\n<p style=\"text-align: center;\">aix@sneakersandchill.com<\/p>\n<p><span style=\"color: #ffffff;\">PP56<\/span><\/p>\n\t\t\t\t<\/div>\n\t\t\t<\/div>\n\t\t<\/div>\n\t\t<\/div>\n<\/div>\n<\/div><\/div><\/div><\/div><\/div><\/div>","protected":false},"excerpt":{"rendered":"<p>Personnalisation-R\u00e9novation-Chaussures Service unique en France permettant de redonner vie \u00e0 vos baskets. S\u2019inscrivants dans une d\u00e9marche \u00e9co-responsable, 3 services sont propos\u00e9s: nettoyage, r\u00e9novation et customisation\u00a0 REC123 Avec Sneakers &amp; Chill [&hellip;]<\/p>\n","protected":false},"author":91,"featured_media":0,"parent":0,"menu_order":0,"comment_status":"closed","ping_status":"closed","template":"template-full-width.php","meta":{"footnotes":""},"class_list":["post-18873","page","type-page","status-publish","hentry"],"translation":{"provider":"WPGlobus","version":"3.0.2","language":"en","enabled_languages":["fr","en"],"languages":{"fr":{"title":true,"content":true,"excerpt":false},"en":{"title":false,"content":false,"excerpt":false}}},"aioseo_notices":[],"_links":{"self":[{"href":"https:\/\/persoclo.fr\/en\/wp-json\/wp\/v2\/pages\/18873","targetHints":{"allow":["GET"]}}],"collection":[{"href":"https:\/\/persoclo.fr\/en\/wp-json\/wp\/v2\/pages"}],"about":[{"href":"https:\/\/persoclo.fr\/en\/wp-json\/wp\/v2\/types\/page"}],"author":[{"embeddable":true,"href":"https:\/\/persoclo.fr\/en\/wp-json\/wp\/v2\/users\/91"}],"replies":[{"embeddable":true,"href":"https:\/\/persoclo.fr\/en\/wp-json\/wp\/v2\/comments?post=18873"}],"version-history":[{"count":55,"href":"https:\/\/persoclo.fr\/en\/wp-json\/wp\/v2\/pages\/18873\/revisions"}],"predecessor-version":[{"id":18876,"href":"https:\/\/persoclo.fr\/en\/wp-json\/wp\/v2\/pages\/18873\/revisions\/18876"}],"wp:attachment":[{"href":"https:\/\/persoclo.fr\/en\/wp-json\/wp\/v2\/media?parent=18873"}],"curies":[{"name":"wp","href":"https:\/\/api.w.org\/{rel}","templated":true}]}}