{"id":18858,"date":"2020-02-25T13:36:40","date_gmt":"2020-02-25T12:36:40","guid":{"rendered":"https:\/\/persoclo.fr\/?page_id=18858"},"modified":"2020-09-21T15:58:14","modified_gmt":"2020-09-21T14:58:14","slug":"la-trockette","status":"publish","type":"page","link":"https:\/\/persoclo.fr\/en\/la-trockette\/","title":{"rendered":"La Trockette"},"content":{"rendered":"<div id=\"pl-18858\"  class=\"panel-layout\" ><div id=\"pg-18858-0\"  class=\"panel-grid panel-has-style\" ><div class=\"panel-row-style panel-row-style-for-18858-0\" ><div id=\"pgc-18858-0-0\"  class=\"panel-grid-cell\" ><div id=\"panel-18858-0-0-0\" class=\"so-panel widget widget_sow-editor panel-first-child panel-last-child\" data-index=\"0\" ><div\n\t\t\t\n\t\t\tclass=\"so-widget-sow-editor so-widget-sow-editor-base\"\n\t\t\t\n\t\t>\n<div class=\"siteorigin-widget-tinymce textwidget\">\n\t<p style=\"text-align: center;\"><span style=\"font-size: 14pt;\"><strong>R\u00e9parer-Transformer<\/strong><\/span><\/p>\n<p style=\"text-align: center;\"><span style=\"font-size: 14pt;\"><img loading=\"lazy\" decoding=\"async\" class=\"size-thumbnail wp-image-18500 aligncenter\" style=\"text-align: justify;\" src=\"https:\/\/persoclo.fr\/wp-content\/uploads\/2020\/02\/Reparer-1-150x150.jpg\" alt=\"\" width=\"150\" height=\"150\" srcset=\"https:\/\/persoclo.fr\/wp-content\/uploads\/2020\/02\/Reparer-1-150x150.jpg 150w, https:\/\/persoclo.fr\/wp-content\/uploads\/2020\/02\/Reparer-1-400x400.jpg 400w, https:\/\/persoclo.fr\/wp-content\/uploads\/2020\/02\/Reparer-1-100x100.jpg 100w\" sizes=\"(max-width: 150px) 100vw, 150px\" \/><\/span><\/p>\n<p style=\"text-align: center;\"><span style=\"font-size: 14pt;\"><strong>Amenez tous vos objets boiteux \u00e0 la Trockette o\u00f9 des passionn\u00e9s vous guideront dans le diagnostic du probl\u00e8me puis, si c\u2019est possible, vous apprendront \u00e0 les r\u00e9parer vous-m\u00eame pour les ramener en pleine forme \u00e0 la maison.\u00a0<\/strong><\/span><\/p>\n<p style=\"text-align: center;\"><span style=\"font-size: 14pt;\">Pour participer aux ateliers de r\u00e9paration, vous adh\u00e9rez \u00e0 l\u2019ann\u00e9e \u00e0 l\u2019association la Petite Rockette, puis, sur le principe du prix libre, vous donnez ce que vous voulez \u00e0 chaque atelier en \u00e9change du service rendu.<\/span><\/p>\n<\/div>\n<\/div><\/div><\/div><\/div><\/div><div id=\"pg-18858-1\"  class=\"panel-grid panel-has-style\" ><div class=\"siteorigin-panels-stretch panel-row-style panel-row-style-for-18858-1\" data-stretch-type=\"full-stretched\" ><div id=\"pgc-18858-1-0\"  class=\"panel-grid-cell\" ><div id=\"panel-18858-1-0-0\" class=\"so-panel widget widget_sow-editor panel-first-child panel-last-child\" data-index=\"1\" ><div\n\t\t\t\n\t\t\tclass=\"so-widget-sow-editor so-widget-sow-editor-base\"\n\t\t\t\n\t\t>\n<div class=\"siteorigin-widget-tinymce textwidget\">\n\t<p style=\"text-align: center;\">\t\t<div id=\"instagram-gallery-feed-3\" class=\"instagram-gallery-feed\" data-feed=\"{&quot;id&quot;:3,&quot;account_id&quot;:&quot;17841402794725486&quot;,&quot;source&quot;:&quot;tag&quot;,&quot;tag&quot;:&quot;latrockette&quot;,&quot;order_by&quot;:&quot;top_media&quot;,&quot;layout&quot;:&quot;carousel&quot;,&quot;limit&quot;:12,&quot;columns&quot;:3,&quot;lazy&quot;:true,&quot;spacing&quot;:10,&quot;highlight&quot;:{&quot;tag&quot;:&quot;&quot;,&quot;id&quot;:&quot;&quot;,&quot;position&quot;:&quot;&quot;},&quot;reel&quot;:{&quot;hide&quot;:false},&quot;copyright&quot;:{&quot;hide&quot;:false,&quot;placeholder&quot;:&quot;&quot;},&quot;profile&quot;:{&quot;display&quot;:false,&quot;auto&quot;:false,&quot;username&quot;:&quot;&quot;,&quot;nickname&quot;:&quot;&quot;,&quot;website&quot;:&quot;&quot;,&quot;biography&quot;:&quot;&quot;,&quot;link_text&quot;:&quot;Follow&quot;,&quot;website_text&quot;:&quot;Website&quot;,&quot;avatar&quot;:&quot;&quot;},&quot;box&quot;:{&quot;display&quot;:false,&quot;padding&quot;:1,&quot;radius&quot;:0,&quot;background&quot;:&quot;#fefefe&quot;,&quot;profile&quot;:false,&quot;desc&quot;:&quot;&quot;,&quot;text_color&quot;:&quot;#000000&quot;},&quot;mask&quot;:{&quot;display&quot;:true,&quot;background&quot;:&quot;&quot;,&quot;likes_count&quot;:true,&quot;comments_count&quot;:true},&quot;card&quot;:{&quot;display&quot;:false,&quot;radius&quot;:1,&quot;font_size&quot;:12,&quot;background&quot;:&quot;#ffffff&quot;,&quot;background_hover&quot;:&quot;#ffffff&quot;,&quot;text_color&quot;:&quot;#000000&quot;,&quot;padding&quot;:5,&quot;likes_count&quot;:true,&quot;text_length&quot;:10,&quot;comments_count&quot;:true,&quot;text_align&quot;:&quot;left&quot;},&quot;carousel&quot;:{&quot;slidespv&quot;:5,&quot;centered_slides&quot;:false,&quot;autoplay&quot;:true,&quot;autoplay_interval&quot;:3000,&quot;navarrows&quot;:true,&quot;navarrows_color&quot;:&quot;&quot;,&quot;pagination&quot;:true,&quot;pagination_color&quot;:&quot;&quot;},&quot;modal&quot;:{&quot;display&quot;:true,&quot;profile&quot;:false,&quot;media_description&quot;:true,&quot;likes_count&quot;:true,&quot;comments_count&quot;:true,&quot;text_align&quot;:&quot;left&quot;,&quot;modal_align&quot;:&quot;right&quot;,&quot;text_length&quot;:10000,&quot;font_size&quot;:12},&quot;button&quot;:{&quot;display&quot;:false,&quot;text&quot;:&quot;Voir sur Instagram&quot;,&quot;text_color&quot;:&quot;#ffff&quot;,&quot;background&quot;:&quot;&quot;,&quot;background_hover&quot;:&quot;&quot;},&quot;button_load&quot;:{&quot;display&quot;:false,&quot;text&quot;:&quot;Load more...&quot;,&quot;text_color&quot;:&quot;#ffff&quot;,&quot;background&quot;:&quot;&quot;,&quot;background_hover&quot;:&quot;&quot;}}\">\n\t\t<!-- <FeedContainer\/> -->\n\t\t<\/div>\n\t\t<\/p>\n<\/div>\n<\/div><\/div><\/div><\/div><\/div><div id=\"pg-18858-2\"  class=\"panel-grid panel-has-style\" ><div class=\"panel-row-style panel-row-style-for-18858-2\" ><div id=\"pgc-18858-2-0\"  class=\"panel-grid-cell\" ><div class='the_champ_counter_container the_champ_horizontal_counter'><div id=\"panel-18858-2-0-0\" class=\"so-panel widget widget_thechamphorizontalcounter panel-first-child\" data-index=\"2\" ><ul class=\"the_champ_sharing_ul\"><li style=\"padding:7.35px 0 !important\" class=\"the_champ_facebook_like\"><div class=\"fb-like\" data-href=\"https:\/\/persoclo.fr\/en\/wp-json\/wp\/v2\/pages\/18858\" data-layout=\"button_count\" data-action=\"like\" data-show-faces=\"false\" data-share=\"false\"><\/div><\/li><\/ul><div style=\"clear:both\"><\/div><\/div><\/div><div id=\"panel-18858-2-0-1\" class=\"so-panel widget widget_sow-editor\" data-index=\"3\" ><div\n\t\t\t\n\t\t\tclass=\"so-widget-sow-editor so-widget-sow-editor-base\"\n\t\t\t\n\t\t>\n<div class=\"siteorigin-widget-tinymce textwidget\">\n\t<div style=\"\" id=\"the_champ_fb_commenting\"><div class=\"fb-comments\" data-href=\"https:\/\/persoclo.fr\/en\/la-trockette\/\" data-numposts=\"0\" data-width=\"100%\" ><\/div><\/div><script type=\"text\/javascript\" src=\"\/\/connect.facebook.net\/en_US\/sdk.js\r\n    \"><\/script><script>FB.init({xfbml:1,version: \"v20.0\"});<\/script>\n<\/div>\n<\/div><\/div><div id=\"panel-18858-2-0-2\" class=\"so-panel widget widget_sow-editor\" data-index=\"4\" ><div\n\t\t\t\n\t\t\tclass=\"so-widget-sow-editor so-widget-sow-editor-base\"\n\t\t\t\n\t\t>\n<div class=\"siteorigin-widget-tinymce textwidget\">\n\t<h2 style=\"text-align: center;\"><strong>Je choisis cet artisan<\/strong><\/h2>\n<\/div>\n<\/div><\/div><div id=\"panel-18858-2-0-3\" class=\"so-panel widget widget_sow-accordion panel-last-child\" data-index=\"5\" ><div\n\t\t\t\n\t\t\tclass=\"so-widget-sow-accordion so-widget-sow-accordion-default-99be652ed941-18858\"\n\t\t\t\n\t\t><div>\n\t<div class=\"sow-accordion\">\n\t\t\t<div class=\"sow-accordion-panel\"\n\t\t\t data-anchor-id=\"la-ressourcerie\">\n\t\t\t\t<div class=\"sow-accordion-panel-header-container\" role=\"heading\" aria-level=\"2\">\n\t\t\t\t\t<div class=\"sow-accordion-panel-header\" tabindex=\"0\" role=\"button\" id=\"accordion-label-la-ressourcerie\" aria-controls=\"accordion-content-la-ressourcerie\" aria-expanded=\"false\">\n\t\t\t\t\t\t<div class=\"sow-accordion-title sow-accordion-title-icon-left\">\n\t\t\t\t\t\t\t\t\t\t\t\t\t\tLa Ressourcerie\t\t\t\t\t\t\t\t\t\t\t\t\t<\/div>\n\t\t\t\t\t\t<div class=\"sow-accordion-open-close-button\">\n\t\t\t\t\t\t\t<div class=\"sow-accordion-open-button\">\n\t\t\t\t\t\t\t\t<span class=\"sow-icon-ionicons\" data-sow-icon=\"&#xf218;\"\n\t\t \n\t\taria-hidden=\"true\"><\/span>\t\t\t\t\t\t\t<\/div>\n\t\t\t\t\t\t\t<div class=\"sow-accordion-close-button\">\n\t\t\t\t\t\t\t\t<span class=\"sow-icon-ionicons\" data-sow-icon=\"&#xf209;\"\n\t\t \n\t\taria-hidden=\"true\"><\/span>\t\t\t\t\t\t\t<\/div>\n\t\t\t\t\t\t<\/div>\n\t\t\t\t\t<\/div>\n\t\t\t\t<\/div>\n\n\t\t\t<div\n\t\t\t\tclass=\"sow-accordion-panel-content\"\n\t\t\t\trole=\"region\"\n\t\t\t\taria-labelledby=\"accordion-label-la-ressourcerie\"\n\t\t\t\tid=\"accordion-content-la-ressourcerie\"\n\t\t\t\tstyle=\"display: none;\"\t\t\t>\n\t\t\t\t<div class=\"sow-accordion-panel-border\">\n\t\t\t\t\t<p style=\"text-align: justify;\">Plateforme \u00e9cologique et citoyenne qui offre une seconde vie aux objets habituellement jet\u00e9s. Elle collecte, revalorise et encourage le r\u00e9emploi en revendant les dons \u00e0 bas prix dans sa boutique solidaire ou en les distribuant \u00e0 des associations et initiatives vari\u00e9es. En dernier recours, quand le sauvetage est impossible, elle dirige les mat\u00e9riaux vers les fili\u00e8res de recyclage ou de gestion des d\u00e9chets adapt\u00e9s. <span style=\"color: #ffffff;\">RET123<\/span><\/p>\n<p style=\"text-align: center;\"><a href=\"http:\/\/www.lapetiterockette.org\/\" target=\"_blank\" rel=\"noopener\">Visiter le site Internet<\/a><\/p>\n<p style=\"text-align: center;\"><a href=\"https:\/\/www.google.com\/search?client=firefox-b-d&amp;q=la%20rockette%20pere%20lachaise&amp;sxsrf=ACYBGNTpcggQsK7m3txvff3k5ufIWcOy6w:1579001559776&amp;npsic=0&amp;rflfq=1&amp;rlha=0&amp;rllag=48861018,2385717,176&amp;tbm=lcl&amp;rldimm=9530384398376051742&amp;ved=2ahUKEwi8zceY_4LnAhWI2BQKHQtBAyQQvS4wB3oECAwQIA&amp;rldoc=1&amp;tbs=lrf:!1m4!1u2!2m2!2m1!1e1!2m1!1e2!3sIAE,lf:1,lf_ui:2&amp;rlst=f#rlfi=hd:;si:9530384398376051742;mv:[[48.86221750000001,2.3938912],[48.8598189,2.3833704]];tbs:lrf:!1m4!1u2!2m2!2m1!1e1!2m1!1e2!3sIAE,lf:1,lf_ui:2\" target=\"_blank\" rel=\"noopener\"><strong>125 rue du Chemin Vert<br \/>\n75011 Paris <\/strong><\/a><\/p>\n<p style=\"text-align: center;\"><a href=\"https:\/\/www.google.com\/search?client=firefox-b-d&amp;tbm=lcl&amp;sxsrf=ACYBGNQ1leYp26l1KscObhv5XRTd5aMR2Q%3A1579001678223&amp;ei=TqcdXp-fDYyxU5G7rZAG&amp;q=la+rockette+montgallet&amp;oq=la+rockette+montgallet&amp;gs_l=psy-ab.3...41124.45061.0.45454.0.0.0.0.0.0.0.0..0.0....0...1c.1.64.psy-ab..0.0.0....0.l74wa8WsdIc#rlfi=hd:;si:11218385289626197428;mv:[[48.843746177319034,2.38950697307106],[48.84338622268097,2.3889600269289404]]\" target=\"_blank\" rel=\"noopener\"><strong>41 rue Jacques Hillairet<br \/>\n75012 Paris<\/strong><\/a><\/p>\n\t\t\t\t<\/div>\n\t\t\t<\/div>\n\t\t<\/div>\n\t\t\t<div class=\"sow-accordion-panel\"\n\t\t\t data-anchor-id=\"caf%c3%a9-atelier\">\n\t\t\t\t<div class=\"sow-accordion-panel-header-container\" role=\"heading\" aria-level=\"2\">\n\t\t\t\t\t<div class=\"sow-accordion-panel-header\" tabindex=\"0\" role=\"button\" id=\"accordion-label-caf%c3%a9-atelier\" aria-controls=\"accordion-content-caf%c3%a9-atelier\" aria-expanded=\"false\">\n\t\t\t\t\t\t<div class=\"sow-accordion-title sow-accordion-title-icon-left\">\n\t\t\t\t\t\t\t\t\t\t\t\t\t\tCaf\u00e9 Atelier\t\t\t\t\t\t\t\t\t\t\t\t\t<\/div>\n\t\t\t\t\t\t<div class=\"sow-accordion-open-close-button\">\n\t\t\t\t\t\t\t<div class=\"sow-accordion-open-button\">\n\t\t\t\t\t\t\t\t<span class=\"sow-icon-ionicons\" data-sow-icon=\"&#xf218;\"\n\t\t \n\t\taria-hidden=\"true\"><\/span>\t\t\t\t\t\t\t<\/div>\n\t\t\t\t\t\t\t<div class=\"sow-accordion-close-button\">\n\t\t\t\t\t\t\t\t<span class=\"sow-icon-ionicons\" data-sow-icon=\"&#xf209;\"\n\t\t \n\t\taria-hidden=\"true\"><\/span>\t\t\t\t\t\t\t<\/div>\n\t\t\t\t\t\t<\/div>\n\t\t\t\t\t<\/div>\n\t\t\t\t<\/div>\n\n\t\t\t<div\n\t\t\t\tclass=\"sow-accordion-panel-content\"\n\t\t\t\trole=\"region\"\n\t\t\t\taria-labelledby=\"accordion-label-caf%c3%a9-atelier\"\n\t\t\t\tid=\"accordion-content-caf%c3%a9-atelier\"\n\t\t\t\tstyle=\"display: none;\"\t\t\t>\n\t\t\t\t<div class=\"sow-accordion-panel-border\">\n\t\t\t\t\t<p style=\"text-align: justify;\">Votre robe pr\u00e9f\u00e9r\u00e9e file un mauvais coton, votre aspirateur est \u00e0 bout de souffle, vos chaises sur les rotules, et votre ordinateur a deux de tension? Ne laissez plus les objets avoir raison de vous ! Amenez-les tous \u00e0 la Trockette o\u00f9 des passionn\u00e9s vous apprendront \u00e0 les r\u00e9parer vous-m\u00eame autour d\u2019un caf\u00e9 ou d\u2019une bi\u00e8re micro brass\u00e9e.<\/p>\n<p style=\"text-align: center;\"><a href=\"http:\/\/www.lapetiterockette.org\/\" target=\"_blank\" rel=\"noopener\">Visiter le site Internet<\/a><\/p>\n<p style=\"text-align: center;\"><a href=\"https:\/\/www.google.com\/search?client=firefox-b-d&amp;tbm=lcl&amp;sxsrf=ACYBGNQBwQBKxVYpGjjvO9Hsut0a8jHg9A%3A1579001578343&amp;ei=6qYdXtHPFK2bjLsPuquR4AU&amp;q=la+trockette&amp;oq=la+trockette&amp;gs_l=psy-ab.3...97365.98782.0.98859.0.0.0.0.0.0.0.0..0.0....0...1c.1.64.psy-ab..0.0.0....0.usUzempIWPE#rlfi=hd:;si:12456395823925816516;mv:[[48.86226897731903,2.3842075742671303],[48.86190902268097,2.383660425732869]]\" target=\"_blank\" rel=\"noopener\"><strong>125 rue du Chemin Vert<\/strong><\/a><br \/>\n<a href=\"https:\/\/www.google.com\/search?client=firefox-b-d&amp;tbm=lcl&amp;sxsrf=ACYBGNQBwQBKxVYpGjjvO9Hsut0a8jHg9A%3A1579001578343&amp;ei=6qYdXtHPFK2bjLsPuquR4AU&amp;q=la+trockette&amp;oq=la+trockette&amp;gs_l=psy-ab.3...97365.98782.0.98859.0.0.0.0.0.0.0.0..0.0....0...1c.1.64.psy-ab..0.0.0....0.usUzempIWPE#rlfi=hd:;si:12456395823925816516;mv:[[48.86226897731903,2.3842075742671303],[48.86190902268097,2.383660425732869]]\" target=\"_blank\" rel=\"noopener\"><strong>75011 Paris<\/strong><\/a><\/p>\n\t\t\t\t<\/div>\n\t\t\t<\/div>\n\t\t<\/div>\n\t\t\t<div class=\"sow-accordion-panel\"\n\t\t\t data-anchor-id=\"apprentissage\">\n\t\t\t\t<div class=\"sow-accordion-panel-header-container\" role=\"heading\" aria-level=\"2\">\n\t\t\t\t\t<div class=\"sow-accordion-panel-header\" tabindex=\"0\" role=\"button\" id=\"accordion-label-apprentissage\" aria-controls=\"accordion-content-apprentissage\" aria-expanded=\"false\">\n\t\t\t\t\t\t<div class=\"sow-accordion-title sow-accordion-title-icon-left\">\n\t\t\t\t\t\t\t\t\t\t\t\t\t\tApprentissage\t\t\t\t\t\t\t\t\t\t\t\t\t<\/div>\n\t\t\t\t\t\t<div class=\"sow-accordion-open-close-button\">\n\t\t\t\t\t\t\t<div class=\"sow-accordion-open-button\">\n\t\t\t\t\t\t\t\t<span class=\"sow-icon-ionicons\" data-sow-icon=\"&#xf218;\"\n\t\t \n\t\taria-hidden=\"true\"><\/span>\t\t\t\t\t\t\t<\/div>\n\t\t\t\t\t\t\t<div class=\"sow-accordion-close-button\">\n\t\t\t\t\t\t\t\t<span class=\"sow-icon-ionicons\" data-sow-icon=\"&#xf209;\"\n\t\t \n\t\taria-hidden=\"true\"><\/span>\t\t\t\t\t\t\t<\/div>\n\t\t\t\t\t\t<\/div>\n\t\t\t\t\t<\/div>\n\t\t\t\t<\/div>\n\n\t\t\t<div\n\t\t\t\tclass=\"sow-accordion-panel-content\"\n\t\t\t\trole=\"region\"\n\t\t\t\taria-labelledby=\"accordion-label-apprentissage\"\n\t\t\t\tid=\"accordion-content-apprentissage\"\n\t\t\t\tstyle=\"display: none;\"\t\t\t>\n\t\t\t\t<div class=\"sow-accordion-panel-border\">\n\t\t\t\t\t<p>Ateliers pour adultes et pour enfants, en rapport avec le \u00ab Do It Yourself \u00bb et la r\u00e9cup\u00e9ration ainsi que des expositions, rencontres, concerts, spectacles, projections\u2026 et plus encore !<\/p>\n<p style=\"text-align: center;\"><a href=\"http:\/\/www.lapetiterockette.org\/\" target=\"_blank\" rel=\"noopener\">Visiter le site Internet<\/a><\/p>\n<p style=\"text-align: center;\"><a href=\"https:\/\/www.google.com\/search?client=firefox-b-d&amp;tbm=lcl&amp;sxsrf=ACYBGNQBwQBKxVYpGjjvO9Hsut0a8jHg9A%3A1579001578343&amp;ei=6qYdXtHPFK2bjLsPuquR4AU&amp;q=la+trockette&amp;oq=la+trockette&amp;gs_l=psy-ab.3...97365.98782.0.98859.0.0.0.0.0.0.0.0..0.0....0...1c.1.64.psy-ab..0.0.0....0.usUzempIWPE#rlfi=hd:;si:12456395823925816516;mv:[[48.86226897731903,2.3842075742671303],[48.86190902268097,2.383660425732869]]\" target=\"_blank\" rel=\"noopener\"><strong>125 rue du Chemin Vert<\/strong><\/a><br \/>\n<a href=\"https:\/\/www.google.com\/search?client=firefox-b-d&amp;tbm=lcl&amp;sxsrf=ACYBGNQBwQBKxVYpGjjvO9Hsut0a8jHg9A%3A1579001578343&amp;ei=6qYdXtHPFK2bjLsPuquR4AU&amp;q=la+trockette&amp;oq=la+trockette&amp;gs_l=psy-ab.3...97365.98782.0.98859.0.0.0.0.0.0.0.0..0.0....0...1c.1.64.psy-ab..0.0.0....0.usUzempIWPE#rlfi=hd:;si:12456395823925816516;mv:[[48.86226897731903,2.3842075742671303],[48.86190902268097,2.383660425732869]]\" target=\"_blank\" rel=\"noopener\"><strong>75011 Paris<\/strong><\/a><\/p>\n\t\t\t\t<\/div>\n\t\t\t<\/div>\n\t\t<\/div>\n\t\t\t<div class=\"sow-accordion-panel\"\n\t\t\t data-anchor-id=\"atelier-v%c3%a9lo\">\n\t\t\t\t<div class=\"sow-accordion-panel-header-container\" role=\"heading\" aria-level=\"2\">\n\t\t\t\t\t<div class=\"sow-accordion-panel-header\" tabindex=\"0\" role=\"button\" id=\"accordion-label-atelier-v%c3%a9lo\" aria-controls=\"accordion-content-atelier-v%c3%a9lo\" aria-expanded=\"false\">\n\t\t\t\t\t\t<div class=\"sow-accordion-title sow-accordion-title-icon-left\">\n\t\t\t\t\t\t\t\t\t\t\t\t\t\tAtelier V\u00e9lo\t\t\t\t\t\t\t\t\t\t\t\t\t<\/div>\n\t\t\t\t\t\t<div class=\"sow-accordion-open-close-button\">\n\t\t\t\t\t\t\t<div class=\"sow-accordion-open-button\">\n\t\t\t\t\t\t\t\t<span class=\"sow-icon-ionicons\" data-sow-icon=\"&#xf218;\"\n\t\t \n\t\taria-hidden=\"true\"><\/span>\t\t\t\t\t\t\t<\/div>\n\t\t\t\t\t\t\t<div class=\"sow-accordion-close-button\">\n\t\t\t\t\t\t\t\t<span class=\"sow-icon-ionicons\" data-sow-icon=\"&#xf209;\"\n\t\t \n\t\taria-hidden=\"true\"><\/span>\t\t\t\t\t\t\t<\/div>\n\t\t\t\t\t\t<\/div>\n\t\t\t\t\t<\/div>\n\t\t\t\t<\/div>\n\n\t\t\t<div\n\t\t\t\tclass=\"sow-accordion-panel-content\"\n\t\t\t\trole=\"region\"\n\t\t\t\taria-labelledby=\"accordion-label-atelier-v%c3%a9lo\"\n\t\t\t\tid=\"accordion-content-atelier-v%c3%a9lo\"\n\t\t\t\tstyle=\"display: none;\"\t\t\t>\n\t\t\t\t<div class=\"sow-accordion-panel-border\">\n\t\t\t\t\t<p style=\"text-align: justify;\">R\u00e9parer votre bicyclette, donner un v\u00e9lo ou des pi\u00e8ces, apprendre la m\u00e9canique cycle, acheter une monture d\u2019occaz\u2019, troquer des v\u00e9los enfants, filer un coup de main, cr\u00e9er en d\u00e9tournant des pi\u00e8ces HS ou vous servir un caf\u00e9 et vous d\u00e9tendre, vous pouvez faire tout \u00e7a \u00e0 la Cycklette, et la suite est \u00e0 inventer. <span style=\"color: #ffffff;\">RepAT123<\/span><\/p>\n<p style=\"text-align: center;\"><a href=\"http:\/\/www.lapetiterockette.org\/\" target=\"_blank\" rel=\"noopener\">Visiter le site Internet<\/a><\/p>\n<p style=\"text-align: center;\"><strong><a href=\"https:\/\/www.google.com\/maps\/place\/La+Cycklette+-+Atelier+V%C3%A9lo\/@48.8693727,2.3701665,17z\/data=!3m1!4b1!4m5!3m4!1s0x47e66de3950ce811:0x458bfc33f55ffa47!8m2!3d48.8693727!4d2.3723552\" target=\"_blank\" rel=\"noopener\">6 rue des Goncourt<br \/>\n75011 Paris<\/a><\/strong><\/p>\n\t\t\t\t<\/div>\n\t\t\t<\/div>\n\t\t<\/div>\n\t\t<\/div>\n<\/div>\n<\/div><\/div><\/div><\/div><\/div><\/div>","protected":false},"excerpt":{"rendered":"<p>R\u00e9parer-Transformer Amenez tous vos objets boiteux \u00e0 la Trockette o\u00f9 des passionn\u00e9s vous guideront dans le diagnostic du probl\u00e8me puis, si c\u2019est possible, vous apprendront \u00e0 les r\u00e9parer vous-m\u00eame pour [&hellip;]<\/p>\n","protected":false},"author":91,"featured_media":0,"parent":0,"menu_order":0,"comment_status":"closed","ping_status":"closed","template":"template-full-width.php","meta":{"pgc_meta":"","footnotes":""},"class_list":["post-18858","page","type-page","status-publish","hentry"],"translation":{"provider":"WPGlobus","version":"2.12.2","language":"en","enabled_languages":["fr","en"],"languages":{"fr":{"title":true,"content":true,"excerpt":false},"en":{"title":false,"content":false,"excerpt":false}}},"aioseo_notices":[],"pgc_meta":"","_links":{"self":[{"href":"https:\/\/persoclo.fr\/en\/wp-json\/wp\/v2\/pages\/18858"}],"collection":[{"href":"https:\/\/persoclo.fr\/en\/wp-json\/wp\/v2\/pages"}],"about":[{"href":"https:\/\/persoclo.fr\/en\/wp-json\/wp\/v2\/types\/page"}],"author":[{"embeddable":true,"href":"https:\/\/persoclo.fr\/en\/wp-json\/wp\/v2\/users\/91"}],"replies":[{"embeddable":true,"href":"https:\/\/persoclo.fr\/en\/wp-json\/wp\/v2\/comments?post=18858"}],"version-history":[{"count":37,"href":"https:\/\/persoclo.fr\/en\/wp-json\/wp\/v2\/pages\/18858\/revisions"}],"predecessor-version":[{"id":19149,"href":"https:\/\/persoclo.fr\/en\/wp-json\/wp\/v2\/pages\/18858\/revisions\/19149"}],"wp:attachment":[{"href":"https:\/\/persoclo.fr\/en\/wp-json\/wp\/v2\/media?parent=18858"}],"curies":[{"name":"wp","href":"https:\/\/api.w.org\/{rel}","templated":true}]}}