{"id":18497,"date":"2020-02-19T09:10:32","date_gmt":"2020-02-19T08:10:32","guid":{"rendered":"https:\/\/persoclo.fr\/?page_id=18497"},"modified":"2020-12-31T19:46:26","modified_gmt":"2020-12-31T18:46:26","slug":"reparer","status":"publish","type":"page","link":"https:\/\/persoclo.fr\/en\/reutiliser\/reparer\/","title":{"rendered":"R\u00e9parer"},"content":{"rendered":"<div id=\"pl-18497\"  class=\"panel-layout\" ><div id=\"pg-18497-0\"  class=\"panel-grid panel-has-style\" ><div class=\"panel-row-style panel-row-style-for-18497-0\" ><div id=\"pgc-18497-0-0\"  class=\"panel-grid-cell\" ><div id=\"panel-18497-0-0-0\" class=\"so-panel widget widget_sow-editor panel-first-child\" data-index=\"0\" ><div\n\t\t\t\n\t\t\tclass=\"so-widget-sow-editor so-widget-sow-editor-base\"\n\t\t\t\n\t\t>\n<div class=\"siteorigin-widget-tinymce textwidget\">\n\t<h3 style=\"text-align: center;\"><\/h3>\n<p style=\"text-align: center;\">=============<\/p>\n<p style=\"text-align: center;\"><span style=\"font-size: 14pt;\">Chaque ann\u00e9e, chacun d\u2019entre nous produit de 16 \u00e0 23 Kg de d\u00e9chets \u00e9lectriques et \u00e9lectroniques. Avec un nombre croissants d\u2019\u00e9quipements mis sur le march\u00e9 et une dur\u00e9e de vie moyenne des appareils divis\u00e9e par 2 en 25 ans, la tendance risque de se renforcer. Agir pour la r\u00e9paration devient urgent.<\/span><\/p>\n<p style=\"text-align: center;\"><span style=\"font-size: 14pt;\">Avant de jeter, il faut penser \u00e0 r\u00e9parer.<\/span><\/p>\n<\/div>\n<\/div><\/div><div id=\"panel-18497-0-0-1\" class=\"so-panel widget widget_sow-button\" data-index=\"1\" ><div\n\t\t\t\n\t\t\tclass=\"so-widget-sow-button so-widget-sow-button-wire-c6e2072efabd-18497\"\n\t\t\t\n\t\t><div class=\"ow-button-base ow-button-align-center\">\n\t<a\n\thref=\"https:\/\/persoclo.fr\/reutiliser\/reparer\/galerie\"\n\t\tclass=\"ow-icon-placement-left ow-button-hover\" \t>\n\t\t<span>\n\t\t\t\n\t\t\tGalerie\t\t<\/span>\n\t<\/a>\n<\/div>\n<\/div><\/div><div id=\"panel-18497-0-0-2\" class=\"so-panel widget widget_sow-button\" data-index=\"2\" ><div\n\t\t\t\n\t\t\tclass=\"so-widget-sow-button so-widget-sow-button-wire-e9836e1595ea-18497\"\n\t\t\t\n\t\t><div class=\"ow-button-base ow-button-align-center\">\n\t<a\n\thref=\"https:\/\/persoclo.fr\/reutiliser\/reparer\/map\"\n\t\tclass=\"ow-icon-placement-left ow-button-hover\" \t>\n\t\t<span>\n\t\t\t\n\t\t\tMap\t\t<\/span>\n\t<\/a>\n<\/div>\n<\/div><\/div><div id=\"panel-18497-0-0-3\" class=\"so-panel widget widget_sow-button\" data-index=\"3\" ><div\n\t\t\t\n\t\t\tclass=\"so-widget-sow-button so-widget-sow-button-wire-21a6a06ac116-18497\"\n\t\t\t\n\t\t><div class=\"ow-button-base ow-button-align-center\">\n\t<a\n\thref=\"https:\/\/persoclo.fr\/reutiliser\/reparer\/liste\"\n\t\tclass=\"ow-icon-placement-left ow-button-hover\" \t>\n\t\t<span>\n\t\t\t\n\t\t\tListe\t\t<\/span>\n\t<\/a>\n<\/div>\n<\/div><\/div><div id=\"panel-18497-0-0-4\" class=\"so-panel widget widget_sow-editor panel-last-child\" data-index=\"4\" ><div\n\t\t\t\n\t\t\tclass=\"so-widget-sow-editor so-widget-sow-editor-base\"\n\t\t\t\n\t\t>\n<div class=\"siteorigin-widget-tinymce textwidget\">\n\t<p style=\"text-align: center;\"><span style=\"font-size: 14pt;\">===============<\/span><\/p>\n<\/div>\n<\/div><\/div><\/div><\/div><\/div><div id=\"pg-18497-1\"  class=\"panel-grid panel-has-style\" ><div class=\"panel-row-style panel-row-style-for-18497-1\" ><div id=\"pgc-18497-1-0\"  class=\"panel-grid-cell\" ><div id=\"panel-18497-1-0-0\" class=\"so-panel widget widget_sow-headline panel-first-child\" data-index=\"5\" ><div\n\t\t\t\n\t\t\tclass=\"so-widget-sow-headline so-widget-sow-headline-default-1d8dc3b96b20-18497\"\n\t\t\t\n\t\t><div class=\"sow-headline-container \">\n\t\t\t\t\t\t<div class=\"decoration\">\n\t\t\t\t\t\t<div class=\"decoration-inside\"><\/div>\n\t\t\t\t\t<\/div>\n\t\t\t\t\t<\/div>\n<\/div><\/div><div id=\"panel-18497-1-0-1\" class=\"so-panel widget widget_sow-image\" data-index=\"6\" ><div\n\t\t\t\n\t\t\tclass=\"so-widget-sow-image so-widget-sow-image-default-c67d20f9f743-18497\"\n\t\t\t\n\t\t>\n\n<div class=\"sow-image-container\">\n\t\t<img loading=\"lazy\" decoding=\"async\" src=\"https:\/\/persoclo.fr\/wp-content\/uploads\/2019\/02\/Logo-nouveau.png\" width=\"150\" height=\"77\" srcset=\"https:\/\/persoclo.fr\/wp-content\/uploads\/2019\/02\/Logo-nouveau.png 867w, https:\/\/persoclo.fr\/wp-content\/uploads\/2019\/02\/Logo-nouveau-600x307.png 600w, https:\/\/persoclo.fr\/wp-content\/uploads\/2019\/02\/Logo-nouveau-300x154.png 300w, https:\/\/persoclo.fr\/wp-content\/uploads\/2019\/02\/Logo-nouveau-768x393.png 768w\" sizes=\"(max-width: 150px) 100vw, 150px\" title=\"Logo\" alt=\"\" \t\tclass=\"so-widget-image\"\/>\n\t<\/div>\n\n<\/div><\/div><div id=\"panel-18497-1-0-2\" class=\"so-panel widget widget_sow-headline panel-last-child\" data-index=\"7\" ><div class=\"panel-widget-style panel-widget-style-for-18497-1-0-2\" ><div\n\t\t\t\n\t\t\tclass=\"so-widget-sow-headline so-widget-sow-headline-default-7882cfb1e1e8-18497\"\n\t\t\t\n\t\t><div class=\"sow-headline-container \">\n\t\t\t\t\t\t<div class=\"decoration\">\n\t\t\t\t\t\t<div class=\"decoration-inside\"><\/div>\n\t\t\t\t\t<\/div>\n\t\t\t\t\t\t\t\t\t\t\t<p class=\"sow-sub-headline\">\n\t\t\t\t\t\tPersoClo oeuvre, depuis 2014, \u00e0 promouvoir une consommation alternative, plus responsable, respectueuse des Hommes et de la Plan\u00e8te.\t\t\t\t\t\t<\/p>\n\t\t\t\t\t\t<\/div>\n<\/div><\/div><\/div><\/div><\/div><\/div><div id=\"pg-18497-2\"  class=\"panel-grid panel-has-style\" ><div class=\"siteorigin-panels-stretch panel-row-style panel-row-style-for-18497-2\" data-stretch-type=\"full-stretched-padded\" ><div id=\"pgc-18497-2-0\"  class=\"panel-grid-cell\" ><div id=\"panel-18497-2-0-0\" class=\"so-panel widget widget_sow-headline panel-first-child panel-last-child\" data-index=\"8\" ><div\n\t\t\t\n\t\t\tclass=\"so-widget-sow-headline so-widget-sow-headline-default-1d8dc3b96b20-18497\"\n\t\t\t\n\t\t><div class=\"sow-headline-container \">\n\t\t\t\t\t\t<div class=\"decoration\">\n\t\t\t\t\t\t<div class=\"decoration-inside\"><\/div>\n\t\t\t\t\t<\/div>\n\t\t\t\t\t\t\t\t\t\t\t<p class=\"sow-sub-headline\">\n\t\t\t\t\t\tLe contenu de ce site est prot\u00e9g\u00e9 par la loi du copyright.\t\t\t\t\t\t<\/p>\n\t\t\t\t\t\t<\/div>\n<\/div><\/div><\/div><\/div><\/div><\/div>","protected":false},"excerpt":{"rendered":"<p>============= Chaque ann\u00e9e, chacun d\u2019entre nous produit de 16 \u00e0 23 Kg de d\u00e9chets \u00e9lectriques et \u00e9lectroniques. Avec un nombre croissants d\u2019\u00e9quipements mis sur le march\u00e9 et une dur\u00e9e de [&hellip;]<\/p>\n","protected":false},"author":91,"featured_media":0,"parent":22259,"menu_order":0,"comment_status":"closed","ping_status":"closed","template":"template-full-width.php","meta":{"pgc_meta":"","footnotes":""},"class_list":["post-18497","page","type-page","status-publish","hentry"],"translation":{"provider":"WPGlobus","version":"2.12.2","language":"en","enabled_languages":["fr","en"],"languages":{"fr":{"title":true,"content":true,"excerpt":false},"en":{"title":false,"content":false,"excerpt":false}}},"aioseo_notices":[],"pgc_meta":"","_links":{"self":[{"href":"https:\/\/persoclo.fr\/en\/wp-json\/wp\/v2\/pages\/18497"}],"collection":[{"href":"https:\/\/persoclo.fr\/en\/wp-json\/wp\/v2\/pages"}],"about":[{"href":"https:\/\/persoclo.fr\/en\/wp-json\/wp\/v2\/types\/page"}],"author":[{"embeddable":true,"href":"https:\/\/persoclo.fr\/en\/wp-json\/wp\/v2\/users\/91"}],"replies":[{"embeddable":true,"href":"https:\/\/persoclo.fr\/en\/wp-json\/wp\/v2\/comments?post=18497"}],"version-history":[{"count":41,"href":"https:\/\/persoclo.fr\/en\/wp-json\/wp\/v2\/pages\/18497\/revisions"}],"predecessor-version":[{"id":22879,"href":"https:\/\/persoclo.fr\/en\/wp-json\/wp\/v2\/pages\/18497\/revisions\/22879"}],"up":[{"embeddable":true,"href":"https:\/\/persoclo.fr\/en\/wp-json\/wp\/v2\/pages\/22259"}],"wp:attachment":[{"href":"https:\/\/persoclo.fr\/en\/wp-json\/wp\/v2\/media?parent=18497"}],"curies":[{"name":"wp","href":"https:\/\/api.w.org\/{rel}","templated":true}]}}