{"id":1369,"date":"2016-01-14T04:44:19","date_gmt":"2016-01-14T03:44:19","guid":{"rendered":"http:\/\/persoclo.fr\/?page_id=1369"},"modified":"2020-03-10T17:45:28","modified_gmt":"2020-03-10T16:45:28","slug":"frais-de-livraison","status":"publish","type":"page","link":"https:\/\/persoclo.fr\/en\/besoin-daide\/frais-de-livraison\/","title":{"rendered":"Frais de Livraison"},"content":{"rendered":"<div align=\"center\">\n<table>\n<tbody>\n<tr>\n<td>\n<p style=\"text-align: justify;\"><strong>La livraison est offerte sauf dans les cas suivant:<\/strong><\/p>\n<p style=\"text-align: justify;\">Les frais de livraison sont factur\u00e9s, selon le pays de destination et selon le montant (Toutes Taxes Comprises et hors frais de livraison) de la commande, suivant les r\u00e8gles d\u00e9finies ci-apr\u00e8s :<\/p>\n<p style=\"text-align: justify;\"><strong>France M\u00e9tropolitaine<\/strong><\/p>\n<p style=\"text-align: justify;\">5,90 EUR TTC pour toute commande de montant inf\u00e9rieur \u00e0 25,00 EUR<br \/>\n0,00 EUR TTC pour toute commande de montant sup\u00e9rieur ou \u00e9gal \u00e0 25,00 EUR<\/p>\n<p style=\"text-align: justify;\"><strong>DOM TOM, Mayotte, Saint Pierre et Miquelon<\/strong><\/p>\n<p style=\"text-align: justify;\">12,90 EUR TTC pour toute commande de montant inf\u00e9rieur \u00e0 30,00 EUR<br \/>\n9,90 EUR TTC pour toute commande de montant sup\u00e9rieur ou \u00e9gal \u00e0 30,00 EUR et inf\u00e9rieur \u00e0 50,00 EUR<br \/>\n0,00 EUR TTC pour toute commande de montant sup\u00e9rieur ou \u00e9gal \u00e0 50,00 EUR<\/p>\n<p style=\"text-align: justify;\"><strong>Union Europ\u00e9enne (hors France)<\/strong><\/p>\n<p style=\"text-align: justify;\">12,90 EUR TTC pour toute commande de montant inf\u00e9rieur \u00e0 30,00 EUR<br \/>\n9,90 EUR TTC pour toute commande de montant sup\u00e9rieur ou \u00e9gal \u00e0 30,00 EUR et inf\u00e9rieur \u00e0 50,00 EUR<br \/>\n0,00 EUR TTC pour toute commande de montant sup\u00e9rieur ou \u00e9gal \u00e0 50,00 EUR<\/p>\n<p style=\"text-align: justify;\"><strong>Andorre, Gibraltar, Liechtenstein, Norv\u00e8ge, San Marin et Suisse<\/strong><\/p>\n<p style=\"text-align: justify;\">12,90 EUR TTC pour toute commande de montant inf\u00e9rieur \u00e0 30,00 EUR<br \/>\n9,90 EUR TTC pour toute commande de montant sup\u00e9rieur ou \u00e9gal \u00e0 30,00 EUR et inf\u00e9rieur \u00e0 50,00 EUR<br \/>\n0,00 EUR TTC pour toute commande de montant sup\u00e9rieur ou \u00e9gal \u00e0 50,00 EUR<\/p>\n<p style=\"text-align: justify;\"><strong>Reste du Monde<\/strong><\/p>\n<p style=\"text-align: justify;\">49,90 EUR TTC pour toute commande de montant inf\u00e9rieur \u00e0 100,00 EUR<br \/>\n29,90 EUR TTC pour toute commande de montant sup\u00e9rieur ou \u00e9gal \u00e0 100,00 EUR et inf\u00e9rieur \u00e0 200,00 EUR<br \/>\n0,00 EUR TTC pour toute commande de montant sup\u00e9rieur ou \u00e9gal \u00e0 200,00 EUR<\/p>\n<p style=\"text-align: justify;\">Pour les destinations en dehors de l\u2019Union Europ\u00e9enne, des droits de douanes et\/ou autres taxes locales, droits d\u2019importation, taxes d\u2019\u00e9tat sont susceptibles d\u2019\u00eatre exigibles. Ces droits et\/ou autres taxes ne rel\u00e8vent pas de la responsabilit\u00e9 de PersoClo. Ces droits et\/ou autres taxes sont \u00e0 la charge exclusive du Client et rel\u00e8vent de son enti\u00e8re responsabilit\u00e9, tant en termes de d\u00e9claration que de paiement aux autorit\u00e9s et\/ou organismes d\u2019\u00e9tat.<\/p>\n<p style=\"text-align: justify;\">PersoClo se r\u00e9serve la possibilit\u00e9 de fractionner les livraisons. Dans ce cas, les frais de livraison ne sont factur\u00e9s que pour un seul envoi et conform\u00e9ment aux indications figurant dans le r\u00e9capitulatif de commande du Client.<\/p>\n<\/td>\n<\/tr>\n<\/tbody>\n<\/table>\n<\/div>\n","protected":false},"excerpt":{"rendered":"<p>La livraison est offerte sauf dans les cas suivant: Les frais de livraison sont factur\u00e9s, selon le pays de destination et selon le montant (Toutes Taxes Comprises et hors frais [&hellip;]<\/p>\n","protected":false},"author":91,"featured_media":0,"parent":745,"menu_order":0,"comment_status":"closed","ping_status":"closed","template":"template-full-width.php","meta":{"footnotes":""},"class_list":["post-1369","page","type-page","status-publish","hentry"],"translation":{"provider":"WPGlobus","version":"3.0.2","language":"en","enabled_languages":["fr","en"],"languages":{"fr":{"title":true,"content":true,"excerpt":false},"en":{"title":false,"content":false,"excerpt":false}}},"aioseo_notices":[],"_links":{"self":[{"href":"https:\/\/persoclo.fr\/en\/wp-json\/wp\/v2\/pages\/1369","targetHints":{"allow":["GET"]}}],"collection":[{"href":"https:\/\/persoclo.fr\/en\/wp-json\/wp\/v2\/pages"}],"about":[{"href":"https:\/\/persoclo.fr\/en\/wp-json\/wp\/v2\/types\/page"}],"author":[{"embeddable":true,"href":"https:\/\/persoclo.fr\/en\/wp-json\/wp\/v2\/users\/91"}],"replies":[{"embeddable":true,"href":"https:\/\/persoclo.fr\/en\/wp-json\/wp\/v2\/comments?post=1369"}],"version-history":[{"count":5,"href":"https:\/\/persoclo.fr\/en\/wp-json\/wp\/v2\/pages\/1369\/revisions"}],"predecessor-version":[{"id":19757,"href":"https:\/\/persoclo.fr\/en\/wp-json\/wp\/v2\/pages\/1369\/revisions\/19757"}],"up":[{"embeddable":true,"href":"https:\/\/persoclo.fr\/en\/wp-json\/wp\/v2\/pages\/745"}],"wp:attachment":[{"href":"https:\/\/persoclo.fr\/en\/wp-json\/wp\/v2\/media?parent=1369"}],"curies":[{"name":"wp","href":"https:\/\/api.w.org\/{rel}","templated":true}]}}